{"id":890,"date":"2022-11-01T00:26:52","date_gmt":"2022-11-01T03:26:52","guid":{"rendered":"https:\/\/imaginacircuito.com\/festa\/?page_id=890"},"modified":"2025-05-13T14:13:43","modified_gmt":"2025-05-13T17:13:43","slug":"programacao-resumida","status":"publish","type":"page","link":"https:\/\/imaginacircuito.com\/festa\/programacao-resumida\/","title":{"rendered":"Programa\u00e7\u00e3o 2024"},"content":{"rendered":"\n<p><\/p>\n\n\n\n<p class=\"has-text-align-center\"><strong>05 A 07 DE OUTUBRO DE 2023<br>COL\u00c9GIO ESTADUAL DR. ANT\u00d4NIO RICALDI<br>PORTO SEGURO &#8211; BAHIA<\/strong><\/p>\n\n\n\n<p><\/p>\n\n\n\n<h4 class=\"wp-block-heading has-text-align-center\"><strong>PROGRAMA\u00c7\u00c3O RESUMIDA<\/strong><\/h4>\n\n\n\n<figure class=\"wp-block-table\"><table><tbody><tr><td class=\"has-text-align-center\" data-align=\"center\"><strong>QUINTA &#8211; 05\/10<\/strong><\/td><td class=\"has-text-align-center\" data-align=\"center\"><strong>SEXTA &#8211; 06\/10<\/strong><\/td><td class=\"has-text-align-center\" data-align=\"center\"><strong>S\u00c1BADO &#8211; 07\/10<\/strong><\/td><\/tr><tr><td class=\"has-text-align-center\" data-align=\"center\"><\/td><td class=\"has-text-align-center\" data-align=\"center\"><strong>9h \u00e0s 11h &#8211; <\/strong><a href=\"https:\/\/imaginacircuito.com\/festa\/oficinas-2\/\" data-type=\"link\" data-id=\"https:\/\/imaginacircuito.com\/festa\/oficinas-2\/\">OFICINA 2 &#8211; T\u00e9cnicas de cinema de anima\u00e7\u00e3o<\/a><br>Ministrante: Coletivo \u00ccT\u00c0N: Cinema Negro de Anima\u00e7\u00e3o<br>&nbsp;<br><strong>9h \u00e0s 11h &#8211; <\/strong><a href=\"https:\/\/imaginacircuito.com\/festa\/oficinas-2\/\" data-type=\"link\" data-id=\"https:\/\/imaginacircuito.com\/festa\/oficinas-2\/\">OFICINA 3 &#8211; Roteiro e Storytelling: t\u00e9cnicas para escrever boas narrativas.<\/a><strong> <\/strong>Ministrante: jupjoao<strong>.<\/strong><br><strong><em>&nbsp;<\/em><\/strong><em>*exclusivas para estudantes do CIEPS\/Col\u00e9gio Ricaldi<\/em><\/td><td class=\"has-text-align-center\" data-align=\"center\"><\/td><\/tr><tr><td class=\"has-text-align-center\" data-align=\"center\"><strong>14h \u00e0s 17h &#8211; <\/strong><a href=\"https:\/\/imaginacircuito.com\/festa\/oficinas-2\/\" data-type=\"link\" data-id=\"https:\/\/imaginacircuito.com\/festa\/oficinas-2\/\">OFICINA 1 &#8211; Prepara\u00e7\u00e3o c\u00eanica para atua\u00e7\u00e3o no cinema e v\u00eddeo<\/a><strong>. <\/strong>Ministrante: Robson Vieira<strong> <\/strong>(primeiro dia)<br><em>*Requer inscri\u00e7\u00e3o pr\u00e9via<\/em><\/td><td class=\"has-text-align-center\" data-align=\"center\"><strong>14h &#8211; <\/strong>Feira H\u00edbrida<br><br><strong>14h \u00e0s 17h &#8211; <\/strong><a href=\"https:\/\/imaginacircuito.com\/festa\/oficinas-2\/\" data-type=\"link\" data-id=\"https:\/\/imaginacircuito.com\/festa\/oficinas-2\/\">OFICINA 1 &#8211; Prepara\u00e7\u00e3o c\u00eanica para atua\u00e7\u00e3o no cinema e v\u00eddeo. <\/a><br>Ministrante: Robson Vieira (segundo dia)<br><em>*Requer inscri\u00e7\u00e3o pr\u00e9via<\/em><\/td><td class=\"has-text-align-center\" data-align=\"center\"><strong>14h &#8211; <\/strong>Feira H\u00edbrida<br><br><strong>15h \u00e0s 17h\u00a0 <\/strong>&#8211;<a href=\"https:\/\/imaginacircuito.com\/festa\/roda-de-conversas\/\" data-type=\"link\" data-id=\"https:\/\/imaginacircuito.com\/festa\/roda-de-conversas\/\"> RODA DE CONVERSA COM REALIZADORES\/AS &#8211; Processos criativos e forma\u00e7\u00e3o profissional\u00a0<\/a><br>Media\u00e7\u00e3o:\u00a0 Cristiane Lima<\/td><\/tr><tr><td class=\"has-text-align-center\" data-align=\"center\"><strong>19h &#8211; <\/strong>ABERTURA OFICIAL DO V F.EST.A<br>\u00a0<a href=\"https:\/\/imaginacircuito.com\/festa\/ficcoes-friccoes\/\" data-type=\"link\" data-id=\"https:\/\/imaginacircuito.com\/festa\/ficcoes-friccoes\/\">SESS\u00c3O 1 &#8211; FIC\u00c7\u00d5ES, FRIC\u00c7\u00d5ES<\/a><br>Dura\u00e7\u00e3o: 63min<\/td><td class=\"has-text-align-center\" data-align=\"center\"><strong>19h &#8211;<\/strong> <a href=\"https:\/\/imaginacircuito.com\/festa\/corpo-memoria-e-ancestralidade\/\" data-type=\"link\" data-id=\"https:\/\/imaginacircuito.com\/festa\/corpo-memoria-e-ancestralidade\/\">SESS\u00c3O 2 &#8211; CORPO, MEM\u00d3RIA E ANCESTRALIDADE<\/a><br>Dura\u00e7\u00e3o: 62min<\/td><td class=\"has-text-align-center\" data-align=\"center\"><strong>18h &#8211; <\/strong><a href=\"https:\/\/imaginacircuito.com\/festa\/sobre-som-sonhos-e-cinema\/4\" data-type=\"link\" data-id=\"https:\/\/imaginacircuito.com\/festa\/sobre-som-sonhos-e-cinema\/4\">SESS\u00c3O 3\u00a0 &#8211; SOBRE SOM, SONHOS E CINEMA<\/a><br>Dura\u00e7\u00e3o: 42min<br><br><strong>19h &#8211;<\/strong> <a href=\"https:\/\/imaginacircuito.com\/festa\/imagina-reverbera\/\" data-type=\"link\" data-id=\"https:\/\/imaginacircuito.com\/festa\/imagina-reverbera\/\">SESS\u00c3O ESPECIAL DE ENCERRAMENTO &#8211; IMAGINA! REVERBERA<\/a><br>Dura\u00e7\u00e3o: 40 min<\/td><\/tr><\/tbody><\/table><\/figure>\n\n\n\n<p><strong>SESS\u00c3O 1 &#8211; FIC\u00c7\u00d5ES, FRIC\u00c7\u00d5ES<\/strong> &#8211; <strong>Dura\u00e7\u00e3o: 63min<\/strong><br><strong>Filmes:<\/strong><br>Oriri (Assaggi Pi\u00e1, 10min, Experimental, UNILAB)<br>Guerniks (Arno Bukanowsky, 3min, Anima\u00e7\u00e3o, UESB)<br>Banho de \u00c1gua Fria (Caio Silva Meira, 2min, Anima\u00e7\u00e3o, UESB)<br>F\u00e9rias no mar moreno (Gabriele Borges da Silva, 3min, Anima\u00e7\u00e3o, Col\u00e9gio Estadual Polivalente de Belmonte)<br>Sem d\u00f3 (Bianca Santos Reis, 1min, Experimental, Col\u00e9gio Estadual Polivalente de Belmonte)<br>Lauro de Freitas em: Guerra (Jo\u00e3o Pedro Magalh\u00e3es Macedo, 7min, Experimental, UFBA)<br>Rastro D&#8217;\u00c1gua&nbsp; (Breno Vin\u00edcius de Castro e Ta\u00edsa Patr\u00edcio de Jesus, 9min, Document\u00e1rio, UFRB)<br>Uma tarde na beira do rio (Ad\u00e1lia Vit\u00f3ria Santos de Santana, 1 min, Experimental, Col\u00e9gio Estadual Polivalente de Belmonte)<br>Democracia Digital (Deivison Chioke, 7min, Fic\u00e7\u00e3o, UFSB)<br>Seresta (Duba Rodrigues, 20min, Fic\u00e7\u00e3o, UESB)<\/p>\n\n\n\n<p><strong>SESS\u00c3O 2 &#8211; CORPO, MEM\u00d3RIA E ANCESTRALIDADE<\/strong> &#8211; <strong>Dura\u00e7\u00e3o: 62min<\/strong><br><strong>Filmes:<\/strong><br>Morro Redondo: Pr\u00e1ticas e Saberes Tradicionais (Samuel Anjos dos Santos, 20min, Document\u00e1rio, IFBA-Seabra)<br>Dagmar Muniz, a ceramista de Belmonte (Kaio Souza de Oliveira, 5min, Col\u00e9gio Estadual Polivalente de Belmonte)<br>Minha av\u00f3 (Jessica de Jesus Teixeira Dias, 7min, Document\u00e1rio, UESB)<br>V\u00f4 Miguel (Arno Bukanowsky, 1 min, Experimental, UESB)<br>Chama mar\u00e9 (Bianca Silva da Vit\u00f3ria, 8min, Experimental, UFSB)<br>Lugar Comum (Talvezlola, 3min, Anima\u00e7\u00e3o, UFSB)<br>Travessia (Breno Vinicius de Castro, 11min, Document\u00e1rio, UFRB)<br>P\u00e9rola Ros\u00e9 (Anna Luiza Avelar Leite, 3min, Experimental, UFSB)<br>Voc\u00ea consegue me enxergar? (Vitor Pacheco, Juliana Ribeiro, Nayara Moura, \u00camydy\u00f4 Oliveira e Isabella Menezzes, 4min, Experimental, UFSB)<\/p>\n\n\n\n<p><strong>SESS\u00c3O 3&nbsp; &#8211; SOBRE SOM, SONHOS E CINEMA<\/strong> &#8211; <strong>Dura\u00e7\u00e3o: 42min<\/strong><br><strong>Filmes:<\/strong><br>Pra N\u00e3o Deixar Acabar (Cristiane Marques, Fernando Brito, Paulo Meirelles e Isaac Rodrigues, 7 min, Document\u00e1rio, UESB)<br>Mangueio (Hugo Gomes do Nascimento e Anderlucy Lima, 20 minutos, Document\u00e1rio, UFSB)<br>Matheus Nachtergaele (Arno Bukanowsky, 1min, Experimental, UESB)<br>O Sonho Continua (Paulo Jos\u00e9 Lima Gomes, 13min, Document\u00e1rio, UESB)<\/p>\n\n\n\n<p><strong>SESS\u00c3O ESPECIAL DE ENCERRAMENTO &#8211; IMAGINA! REVERBERA<\/strong> &#8211; <strong>Dura\u00e7\u00e3o: 40 min<\/strong><br><strong>Filmes:<\/strong>&nbsp;<br>Frankenstein (J. Searle Dawley, 1910, 13 min)<br>Le Royaume Des F\u00e9es &#8211; O Reino das Fadas (Georges M\u00e9li\u00e8s, 1903, 16 min)<br>Prekrasnaya Lyukanida &#8211; A Bela Lyukanida (Ladislas Starevich, 1912, 10 min)<\/p>\n\n\n\n<p><strong>OFICINA 1 &#8211; PREPARA\u00c7\u00c3O C\u00caNICA PARA ATUA\u00c7\u00c3O NO CINEMA E V\u00cdDEO. <\/strong>Ministrante: Robson Vieira<\/p>\n\n\n\n<p><strong>OFICINA 2 <\/strong>&#8211; <strong>T\u00c9CNICAS DE CINEMA DE ANIMA\u00c7\u00c3O<\/strong>. Ministrante: Coletivo \u00ccT\u00c0N: Cinema Negro de Anima\u00e7\u00e3o&nbsp;<\/p>\n\n\n\n<p><strong>OFICINA 3 &#8211; ROTEIRO E STORYTELLING: T\u00c9CNICAS PARA ESCREVER BOAS NARRATIVAS<\/strong>. Ministrante: Jo\u00e3o Carlos (jupjoao)<\/p>\n","protected":false},"excerpt":{"rendered":"<p>05 A 07 DE OUTUBRO DE 2023COL\u00c9GIO ESTADUAL DR. ANT\u00d4NIO RICALDIPORTO SEGURO &#8211; BAHIA PROGRAMA\u00c7\u00c3O RESUMIDA QUINTA &#8211; 05\/10 SEXTA &#8211; 06\/10 S\u00c1BADO &#8211; 07\/10 9h \u00e0s 11h &#8211; OFICINA 2 &#8211; T\u00e9cnicas de cinema de anima\u00e7\u00e3oMinistrante: Coletivo \u00ccT\u00c0N: Cinema Negro de Anima\u00e7\u00e3o&nbsp;9h \u00e0s 11h &#8211; OFICINA 3 &#8211; Roteiro e Storytelling: t\u00e9cnicas para escrever&hellip; <a class=\"more-link\" href=\"https:\/\/imaginacircuito.com\/festa\/programacao-resumida\/\">Continuar lendo <span class=\"screen-reader-text\">Programa\u00e7\u00e3o 2024<\/span><\/a><\/p>\n","protected":false},"author":3,"featured_media":0,"parent":0,"menu_order":0,"comment_status":"closed","ping_status":"closed","template":"","meta":{"extendify_custom_stylesheet":"","bgseo_title":"","bgseo_description":"","bgseo_robots_index":"index","bgseo_robots_follow":"follow","footnotes":""},"class_list":["post-890","page","type-page","status-publish","hentry","entry"],"_links":{"self":[{"href":"https:\/\/imaginacircuito.com\/festa\/wp-json\/wp\/v2\/pages\/890","targetHints":{"allow":["GET"]}}],"collection":[{"href":"https:\/\/imaginacircuito.com\/festa\/wp-json\/wp\/v2\/pages"}],"about":[{"href":"https:\/\/imaginacircuito.com\/festa\/wp-json\/wp\/v2\/types\/page"}],"author":[{"embeddable":true,"href":"https:\/\/imaginacircuito.com\/festa\/wp-json\/wp\/v2\/users\/3"}],"replies":[{"embeddable":true,"href":"https:\/\/imaginacircuito.com\/festa\/wp-json\/wp\/v2\/comments?post=890"}],"version-history":[{"count":10,"href":"https:\/\/imaginacircuito.com\/festa\/wp-json\/wp\/v2\/pages\/890\/revisions"}],"predecessor-version":[{"id":1415,"href":"https:\/\/imaginacircuito.com\/festa\/wp-json\/wp\/v2\/pages\/890\/revisions\/1415"}],"wp:attachment":[{"href":"https:\/\/imaginacircuito.com\/festa\/wp-json\/wp\/v2\/media?parent=890"}],"curies":[{"name":"wp","href":"https:\/\/api.w.org\/{rel}","templated":true}]}}