{"id":777,"date":"2022-10-31T16:54:41","date_gmt":"2022-10-31T19:54:41","guid":{"rendered":"https:\/\/imaginacircuito.com\/festa\/?page_id=777"},"modified":"2023-04-24T18:30:05","modified_gmt":"2023-04-24T21:30:05","slug":"roda-de-conversa","status":"publish","type":"page","link":"https:\/\/imaginacircuito.com\/festa\/roda-de-conversa\/","title":{"rendered":"Rodas de Conversa"},"content":{"rendered":"\n<h3 class=\"wp-block-heading has-text-align-center\"><mark style=\"background-color:rgba(0, 0, 0, 0);color:#602f75\" class=\"has-inline-color\"><strong>RODA DE CONVERSA:<em> AUDIOVISUAL E POL\u00cdTICAS CULTURAIS NO SUL DA BAHIA<\/em><\/strong><\/mark><br><strong>S\u00e1bado, 26\/11, \u00e0s 15h. Dura\u00e7\u00e3o: 2h.<\/strong><\/h3>\n\n\n\n<p><strong>Local:<\/strong> Col\u00e9gio Estadual Dr\u00ba Ant\u00f4nio Ricaldi<\/p>\n\n\n\n<p><strong>Ementa: <\/strong>Conversa sobre o audiovisual em sua dimens\u00e3o pol\u00edtica, social, comunicacional e educativa. A cultura como espa\u00e7o de produ\u00e7\u00e3o de v\u00ednculos, mas tamb\u00e9m de enfrentamentos. O papel do audiovisual nas disputas narrativas e enquanto instrumento de registro, mem\u00f3ria e hist\u00f3ria. A pluralidade de vozes e vis\u00f5es de mundo no territ\u00f3rio sul baiano. Desafios para as pol\u00edticas culturais, demandas sociais e possibilidades para o audiovisual.<\/p>\n\n\n\n<p><strong>Media\u00e7\u00e3o: Clarissa Santos (UFSB)<\/strong><\/p>\n\n\n\n<p><strong>Convidados\/as:<\/strong><\/p>\n\n\n<div class=\"wp-block-image\">\n<figure class=\"alignleft size-full\"><img loading=\"lazy\" decoding=\"async\" width=\"496\" height=\"466\" src=\"https:\/\/imaginacircuito.com\/festa\/wp-content\/uploads\/2022\/11\/FOTO_MIRIAM-SILVA.jpeg\" alt=\"\" class=\"wp-image-869\" srcset=\"https:\/\/imaginacircuito.com\/festa\/wp-content\/uploads\/2022\/11\/FOTO_MIRIAM-SILVA.jpeg 496w, https:\/\/imaginacircuito.com\/festa\/wp-content\/uploads\/2022\/11\/FOTO_MIRIAM-SILVA-300x282.jpeg 300w, https:\/\/imaginacircuito.com\/festa\/wp-content\/uploads\/2022\/11\/FOTO_MIRIAM-SILVA-250x235.jpeg 250w, https:\/\/imaginacircuito.com\/festa\/wp-content\/uploads\/2022\/11\/FOTO_MIRIAM-SILVA-192x180.jpeg 192w, https:\/\/imaginacircuito.com\/festa\/wp-content\/uploads\/2022\/11\/FOTO_MIRIAM-SILVA-319x300.jpeg 319w\" sizes=\"auto, (max-width: 496px) 100vw, 496px\" \/><\/figure>\n<\/div>\n\n\n<p><strong>M\u00edriam Concei\u00e7\u00e3o da Silva (Instituto Brasil Chama \u00c1frica e Projeto Vila Criativa &#8211; Santo Andr\u00e9)<\/strong> &#8211; Natural do Rio de Janeiro, moradora em Santo Andr\u00e9 &#8211; Santa Cruz Cabr\u00e1lia h\u00e1 30 anos. Assistente social, produtora cultural, Mestra pelo Programa de P\u00f3s-gradua\u00e7\u00e3o em Ensino e Rela\u00e7\u00f5es \u00c9tnico Raciais da UFSB. Ativista cultural, sempre defendeu as manifesta\u00e7\u00f5es de cultura afro, popular e tradicionais; em dez anos como gestora do Centro de Cultura de Porto Seguro \u2013 SECULT-BA, lutou para a ocupa\u00e7\u00e3o desse espa\u00e7o por esses agentes culturais e como presidente do Instituto Cultural Brasil Chama \u00c1frica, fundada em 2007, sempre inseriu as manifesta\u00e7\u00f5es ancestrais nas lutas, trabalhando o empoderamento das Mulheres Negras e da Juventude. Atualmente \u00e9 respons\u00e1vel pela Vila Criativa, em Santo Andr\u00e9, espa\u00e7o que privilegia a cultura popular, que vai desde a capoeira, ao samba de roda, passando por rodas de dan\u00e7as ind\u00edgenas e outras tradi\u00e7\u00f5es locais. \u00c9 autora do livro <em>A hist\u00f3ria do movimento negro em Porto Seguro &#8211; BA <\/em>(2022).<\/p>\n\n\n\n<p><\/p>\n\n\n<div class=\"wp-block-image\">\n<figure class=\"alignright size-full is-resized\"><img loading=\"lazy\" decoding=\"async\" src=\"https:\/\/imaginacircuito.com\/festa\/wp-content\/uploads\/2022\/11\/carleone.jpg\" alt=\"\" class=\"wp-image-870\" width=\"309\" height=\"368\" srcset=\"https:\/\/imaginacircuito.com\/festa\/wp-content\/uploads\/2022\/11\/carleone.jpg 328w, https:\/\/imaginacircuito.com\/festa\/wp-content\/uploads\/2022\/11\/carleone-251x300.jpg 251w, https:\/\/imaginacircuito.com\/festa\/wp-content\/uploads\/2022\/11\/carleone-250x299.jpg 250w, https:\/\/imaginacircuito.com\/festa\/wp-content\/uploads\/2022\/11\/carleone-151x180.jpg 151w\" sizes=\"auto, (max-width: 309px) 100vw, 309px\" \/><\/figure>\n<\/div>\n\n\n<p><strong>Carleone Filho (Centro Municipal de Pesquisa, Educa\u00e7\u00e3o e Cultura de Porto Seguro)<\/strong> &#8211; Diretor do CEMPEC, Centro Municipal de Pesquisa, Educa\u00e7\u00e3o e Cultura &#8211; Professor de L\u00edngua Portuguesa e Literatura.&nbsp; Escritor, membro da Academia de Letras do Brasil, Seccional Porto Seguro &#8211; Ator, Diretor de Teatro e possui forma\u00e7\u00e3o em Cr\u00edtica de Artes, realizada pela Secretaria de Cultura do Estado da Bahia\/FUNCEB. Na \u00e1rea de artes visuais tem obras expostas (esculturas) em car\u00e1ter permanente no Museu dos Descobrimentos, no Concelho de Belmonte, Portugal. Participou dos Sal\u00f5es de Artes Visuais da Bahia, realizados pela FUNCEB, Funda\u00e7\u00e3o Cultural do Estado da Bahia, tendo obra premiada em 2013\/14 (Performance\/video\/teatro). Integrou exposi\u00e7\u00f5es coletivas no MAM\/BA e Museu do Z\u00eazere, Portugal e realizou exposi\u00e7\u00f5es individuais de fotografias, pinturas e esculturas, com tem\u00e1ticas voltadas para quest\u00f5es sociais e religi\u00f5es de Matrizes Africanas.&nbsp;&nbsp;&nbsp;<\/p>\n\n\n\n<p><\/p>\n\n\n\n<p><\/p>\n\n\n\n<hr class=\"wp-block-separator has-alpha-channel-opacity\"\/>\n\n\n\n<p><\/p>\n\n\n\n<h3 class=\"wp-block-heading has-text-align-center\"><strong><mark style=\"background-color:rgba(0, 0, 0, 0);color:#602f75\" class=\"has-inline-color\">PR\u00c9-LAN\u00c7AMENTO DO LIVRO: <em>IMAGINA! CINEMA, TERRIT\u00d3RIO, EDUCA\u00c7\u00c3O<\/em><\/mark><\/strong><br><strong>Domingo, 27\/11, \u00e0s 15h. Dura\u00e7\u00e3o: 2h.<\/strong><\/h3>\n\n\n\n<p><strong>Local:<\/strong> Col\u00e9gio Estadual Dr\u00ba Ant\u00f4nio Ricaldi<\/p>\n\n\n\n<p><strong><em>Resumo: <\/em><\/strong>Neste livro, estudantes e docentes da Universidade Federal do Sul da Bahia compartilham viv\u00eancias e reflex\u00f5es a partir de quatro anos de experi\u00eancias desenvolvidas no \u00e2mbito do programa de extens\u00e3o<em> Imagina! Circuito Permanente de Audiovisual<\/em>. A colet\u00e2nea re\u00fane artigos, relatos e resenhas cr\u00edticas, que buscam um di\u00e1logo entre cinema, educa\u00e7\u00e3o e o territ\u00f3rio sul baiano. Ao longo da leitura, convidamos leitores e leitoras a se aprofundarem um pouco mais no pensamento sobre a experi\u00eancia cinematogr\u00e1fica &#8211; n\u00e3o apenas aquela experimentada nas tradicionais salas de exibi\u00e7\u00e3o, mas especialmente aquela vivida na universidade, nas escolas, nos espa\u00e7os culturais, nas aldeias, nas ruas das cidades. Trata-se de um convite \u00e0 partilha do cinema.<\/p>\n\n\n\n<p><strong>Convidados\/as:<\/strong><\/p>\n\n\n<div class=\"wp-block-image is-style-default\">\n<figure class=\"alignleft size-full is-resized\"><img loading=\"lazy\" decoding=\"async\" src=\"https:\/\/imaginacircuito.com\/festa\/wp-content\/uploads\/2022\/11\/FOTO-AUGUSTIN.jpeg\" alt=\"\" class=\"wp-image-872\" width=\"312\" height=\"211\" srcset=\"https:\/\/imaginacircuito.com\/festa\/wp-content\/uploads\/2022\/11\/FOTO-AUGUSTIN.jpeg 860w, https:\/\/imaginacircuito.com\/festa\/wp-content\/uploads\/2022\/11\/FOTO-AUGUSTIN-300x203.jpeg 300w, https:\/\/imaginacircuito.com\/festa\/wp-content\/uploads\/2022\/11\/FOTO-AUGUSTIN-768x519.jpeg 768w, https:\/\/imaginacircuito.com\/festa\/wp-content\/uploads\/2022\/11\/FOTO-AUGUSTIN-250x169.jpeg 250w, https:\/\/imaginacircuito.com\/festa\/wp-content\/uploads\/2022\/11\/FOTO-AUGUSTIN-550x372.jpeg 550w, https:\/\/imaginacircuito.com\/festa\/wp-content\/uploads\/2022\/11\/FOTO-AUGUSTIN-800x540.jpeg 800w, https:\/\/imaginacircuito.com\/festa\/wp-content\/uploads\/2022\/11\/FOTO-AUGUSTIN-266x180.jpeg 266w, https:\/\/imaginacircuito.com\/festa\/wp-content\/uploads\/2022\/11\/FOTO-AUGUSTIN-444x300.jpeg 444w, https:\/\/imaginacircuito.com\/festa\/wp-content\/uploads\/2022\/11\/FOTO-AUGUSTIN-740x500.jpeg 740w\" sizes=\"auto, (max-width: 312px) 100vw, 312px\" \/><\/figure>\n<\/div>\n\n\n<p><strong>Augustin de Tugny <\/strong>\u00e9 professor adjunto do Bacharelado Interdisciplinar em Artes do Centro de Forma\u00e7\u00e3o em Artes e Comunica\u00e7\u00e3o da UFSB. Arquiteto de Interiores de forma\u00e7\u00e3o com mestrado em Arquitetura e doutorado em Artes, ambos na UFMG, seus campos de atua\u00e7\u00e3o passam pelo design de interiores, de mobili\u00e1rio e objetos, pela cenografia de exposi\u00e7\u00e3o e de palco, pela pesquisa nos dom\u00ednios das artes visuais, do vestu\u00e1rio, do artesanato e das artes dos povos origin\u00e1rios. Contato: <a href=\"mailto:atugny.ufsb@gmail.com\">atugny.ufsb@gmail.com<\/a>.<\/p>\n\n\n<div class=\"wp-block-image\">\n<figure class=\"alignright size-large is-resized\"><img loading=\"lazy\" decoding=\"async\" src=\"https:\/\/imaginacircuito.com\/festa\/wp-content\/uploads\/2022\/11\/FOTO-CRIS-LIMA-576x1024.jpg\" alt=\"\" class=\"wp-image-873\" width=\"229\" height=\"405\" srcset=\"https:\/\/imaginacircuito.com\/festa\/wp-content\/uploads\/2022\/11\/FOTO-CRIS-LIMA-169x300.jpg 169w, https:\/\/imaginacircuito.com\/festa\/wp-content\/uploads\/2022\/11\/FOTO-CRIS-LIMA-101x180.jpg 101w\" sizes=\"auto, (max-width: 229px) 100vw, 229px\" \/><\/figure>\n<\/div>\n\n\n<p><strong>Cristiane da Silveira Lima <\/strong>\u00e9 professora adjunta da UFSB e coordenadora geral do programa de extens\u00e3o <em>Imagina! Circuito Permanente de Audiovisual<\/em> (CFAC\/UFSB). Doutora em Comunica\u00e7\u00e3o Social (UFMG), com est\u00e1gio doutoral realizado na Universit\u00e9 de Montr\u00e9al (Qu\u00e9b\u00e8c, Canad\u00e1). Pesquisadora vinculada \u00e0 SOCINE \u2013 Sociedade Brasileira de Estudos de Cinema e Audiovisual. \u00c9 graduada em Radialismo com forma\u00e7\u00e3o complementar livre em M\u00fasica e atuou como int\u00e9rprete em diferentes projetos dedicados \u00e0 m\u00fasica popular e \u00e0 can\u00e7\u00e3o infantil. Contato: <a href=\"mailto:crislima@csc.ufsb.edu.br\">crislima@csc.ufsb.edu.br<\/a>.&nbsp;<\/p>\n\n\n<div class=\"wp-block-image\">\n<figure class=\"alignleft size-large is-resized\"><img loading=\"lazy\" decoding=\"async\" src=\"https:\/\/imaginacircuito.com\/festa\/wp-content\/uploads\/2022\/11\/FOTO_CLARISSA-SANTOS-575x1024.jpeg\" alt=\"\" class=\"wp-image-874\" width=\"203\" height=\"360\" srcset=\"https:\/\/imaginacircuito.com\/festa\/wp-content\/uploads\/2022\/11\/FOTO_CLARISSA-SANTOS-169x300.jpeg 169w, https:\/\/imaginacircuito.com\/festa\/wp-content\/uploads\/2022\/11\/FOTO_CLARISSA-SANTOS-768x1367.jpeg 768w, https:\/\/imaginacircuito.com\/festa\/wp-content\/uploads\/2022\/11\/FOTO_CLARISSA-SANTOS-863x1536.jpeg 863w, https:\/\/imaginacircuito.com\/festa\/wp-content\/uploads\/2022\/11\/FOTO_CLARISSA-SANTOS-250x445.jpeg 250w, https:\/\/imaginacircuito.com\/festa\/wp-content\/uploads\/2022\/11\/FOTO_CLARISSA-SANTOS-550x979.jpeg 550w, https:\/\/imaginacircuito.com\/festa\/wp-content\/uploads\/2022\/11\/FOTO_CLARISSA-SANTOS-800x1424.jpeg 800w, https:\/\/imaginacircuito.com\/festa\/wp-content\/uploads\/2022\/11\/FOTO_CLARISSA-SANTOS-101x180.jpeg 101w, https:\/\/imaginacircuito.com\/festa\/wp-content\/uploads\/2022\/11\/FOTO_CLARISSA-SANTOS-281x500.jpeg 281w, https:\/\/imaginacircuito.com\/festa\/wp-content\/uploads\/2022\/11\/FOTO_CLARISSA-SANTOS.jpeg 899w\" sizes=\"auto, (max-width: 203px) 100vw, 203px\" \/><\/figure>\n<\/div>\n\n\n<p><strong>Clarissa Santos<\/strong> \u00e9 professora Assistente da Universidade Federal do Sul da Bahia (CSC\/Porto Seguro). Possui Mestrado em Artes Visuais pela UDESC, na Especializa\u00e7\u00e3o em Artes H\u00edbridas pela UTFPR, Bacharelado em Arte e M\u00eddia pela UFCG e Licenciatura em Artes Visuais pelo Claretiano. Desenvolve pesquisas com \u00eanfase nas \u00e1reas de Forma\u00e7\u00e3o de Professoras, Ensino de Artes e Artes Visuais. Contato: <a href=\"mailto:clarissa@csc.ufsb.edu.br\">clarissa@csc.ufsb.edu.br<\/a>.<\/p>\n\n\n<div class=\"wp-block-image\">\n<figure class=\"alignright size-large is-resized\"><img loading=\"lazy\" decoding=\"async\" src=\"https:\/\/imaginacircuito.com\/festa\/wp-content\/uploads\/2022\/11\/FOTO-ARIEL-1024x1024.jpeg\" alt=\"\" class=\"wp-image-878\" width=\"304\" height=\"304\" srcset=\"https:\/\/imaginacircuito.com\/festa\/wp-content\/uploads\/2022\/11\/FOTO-ARIEL-1024x1024.jpeg 1024w, https:\/\/imaginacircuito.com\/festa\/wp-content\/uploads\/2022\/11\/FOTO-ARIEL-300x300.jpeg 300w, https:\/\/imaginacircuito.com\/festa\/wp-content\/uploads\/2022\/11\/FOTO-ARIEL-150x150.jpeg 150w, https:\/\/imaginacircuito.com\/festa\/wp-content\/uploads\/2022\/11\/FOTO-ARIEL-768x768.jpeg 768w, https:\/\/imaginacircuito.com\/festa\/wp-content\/uploads\/2022\/11\/FOTO-ARIEL-1536x1536.jpeg 1536w, https:\/\/imaginacircuito.com\/festa\/wp-content\/uploads\/2022\/11\/FOTO-ARIEL-1568x1568.jpeg 1568w, https:\/\/imaginacircuito.com\/festa\/wp-content\/uploads\/2022\/11\/FOTO-ARIEL-48x48.jpeg 48w, https:\/\/imaginacircuito.com\/festa\/wp-content\/uploads\/2022\/11\/FOTO-ARIEL-250x250.jpeg 250w, https:\/\/imaginacircuito.com\/festa\/wp-content\/uploads\/2022\/11\/FOTO-ARIEL-550x550.jpeg 550w, https:\/\/imaginacircuito.com\/festa\/wp-content\/uploads\/2022\/11\/FOTO-ARIEL-800x800.jpeg 800w, https:\/\/imaginacircuito.com\/festa\/wp-content\/uploads\/2022\/11\/FOTO-ARIEL-180x180.jpeg 180w, https:\/\/imaginacircuito.com\/festa\/wp-content\/uploads\/2022\/11\/FOTO-ARIEL-500x500.jpeg 500w, https:\/\/imaginacircuito.com\/festa\/wp-content\/uploads\/2022\/11\/FOTO-ARIEL.jpeg 1600w\" sizes=\"auto, (max-width: 304px) 100vw, 304px\" \/><\/figure>\n<\/div>\n\n\n<p><strong>Ariel dos Santos Vieira<\/strong> \u00e9 estudante de Licenciatura Interdisciplinar em Artes e Suas Tecnologias, na Universidade Federal do Sul da Bahia (UFSB). Bolsista do programa de extens\u00e3o<em> Imagina! Circuito Permanente de Audiovisual<\/em> (Edital PROAF &#8211; 05\/2021 &#8211; BAP). Multiartista, atriz na companhia C\u00e1ssio Borges de Teatro e vencedora do Festival de Curtas Campos do Jord\u00e3o na categoria Melhor Curta Regional com a videoarte <em>Me fiz poesia<\/em>. Contato <a href=\"mailto:ariel.vieira@gfe.ufsb.edu.br\">ariel.vieira@gfe.ufsb.edu.br<\/a>.<\/p>\n\n\n<div class=\"wp-block-image\">\n<figure class=\"alignleft size-large is-resized\"><img loading=\"lazy\" decoding=\"async\" src=\"https:\/\/imaginacircuito.com\/festa\/wp-content\/uploads\/2022\/11\/foto-joana-1024x1024.jpg\" alt=\"\" class=\"wp-image-880\" width=\"274\" height=\"274\" srcset=\"https:\/\/imaginacircuito.com\/festa\/wp-content\/uploads\/2022\/11\/foto-joana-1024x1024.jpg 1024w, https:\/\/imaginacircuito.com\/festa\/wp-content\/uploads\/2022\/11\/foto-joana-300x300.jpg 300w, https:\/\/imaginacircuito.com\/festa\/wp-content\/uploads\/2022\/11\/foto-joana-150x150.jpg 150w, https:\/\/imaginacircuito.com\/festa\/wp-content\/uploads\/2022\/11\/foto-joana-768x768.jpg 768w, https:\/\/imaginacircuito.com\/festa\/wp-content\/uploads\/2022\/11\/foto-joana-48x48.jpg 48w, https:\/\/imaginacircuito.com\/festa\/wp-content\/uploads\/2022\/11\/foto-joana-250x250.jpg 250w, https:\/\/imaginacircuito.com\/festa\/wp-content\/uploads\/2022\/11\/foto-joana-550x550.jpg 550w, https:\/\/imaginacircuito.com\/festa\/wp-content\/uploads\/2022\/11\/foto-joana-800x800.jpg 800w, https:\/\/imaginacircuito.com\/festa\/wp-content\/uploads\/2022\/11\/foto-joana-180x180.jpg 180w, https:\/\/imaginacircuito.com\/festa\/wp-content\/uploads\/2022\/11\/foto-joana-500x500.jpg 500w, https:\/\/imaginacircuito.com\/festa\/wp-content\/uploads\/2022\/11\/foto-joana.jpg 1365w\" sizes=\"auto, (max-width: 274px) 100vw, 274px\" \/><\/figure>\n<\/div>\n\n\n<p><strong>Joana Brand\u00e3o<\/strong> \u00e9 professora no Instituto de Artes, Humanidades e Ci\u00eancias (IHAC) do Campus Paulo Freire, na Universidade Federal do Sul da Bahia. \u00c9 doutoranda em estudos de g\u00eanero e feminismo na Universidade Federal da Bahia, bacharel em Comunica\u00e7\u00e3o com Habilita\u00e7\u00e3o em Jornalismo (FACOM\/UFBA), e mestre em jornalismo (POSJOR\/UFSC). Nos anos 2018 e 2019, foi pesquisadora visitante no Departamento de Antropologia da Universidade de Nova York (EUA). Como cineasta, dirigiu tr\u00eas curta-document\u00e1rios, tendo recebido o pr\u00eamio Marsh Short Film Prize (2021), do festival de cinema etnogr\u00e1fico do Royal Anthropological Institute (RAI) da Inglaterra. Contato: <a href=\"mailto:joana.brandao@gfe.ufsb.edu.br\">joana.brandao@gfe.ufsb.edu.br<\/a>.<\/p>\n\n\n<div class=\"wp-block-image\">\n<figure class=\"alignright size-large is-resized\"><img loading=\"lazy\" decoding=\"async\" src=\"https:\/\/imaginacircuito.com\/festa\/wp-content\/uploads\/2022\/11\/FOTO-SERGIO-CERQUEDA-827x1024.jpeg\" alt=\"\" class=\"wp-image-881\" width=\"256\" height=\"317\" srcset=\"https:\/\/imaginacircuito.com\/festa\/wp-content\/uploads\/2022\/11\/FOTO-SERGIO-CERQUEDA-827x1024.jpeg 827w, https:\/\/imaginacircuito.com\/festa\/wp-content\/uploads\/2022\/11\/FOTO-SERGIO-CERQUEDA-242x300.jpeg 242w, https:\/\/imaginacircuito.com\/festa\/wp-content\/uploads\/2022\/11\/FOTO-SERGIO-CERQUEDA-768x951.jpeg 768w, https:\/\/imaginacircuito.com\/festa\/wp-content\/uploads\/2022\/11\/FOTO-SERGIO-CERQUEDA-1240x1536.jpeg 1240w, https:\/\/imaginacircuito.com\/festa\/wp-content\/uploads\/2022\/11\/FOTO-SERGIO-CERQUEDA-250x310.jpeg 250w, https:\/\/imaginacircuito.com\/festa\/wp-content\/uploads\/2022\/11\/FOTO-SERGIO-CERQUEDA-550x681.jpeg 550w, https:\/\/imaginacircuito.com\/festa\/wp-content\/uploads\/2022\/11\/FOTO-SERGIO-CERQUEDA-800x991.jpeg 800w, https:\/\/imaginacircuito.com\/festa\/wp-content\/uploads\/2022\/11\/FOTO-SERGIO-CERQUEDA-145x180.jpeg 145w, https:\/\/imaginacircuito.com\/festa\/wp-content\/uploads\/2022\/11\/FOTO-SERGIO-CERQUEDA-404x500.jpeg 404w, https:\/\/imaginacircuito.com\/festa\/wp-content\/uploads\/2022\/11\/FOTO-SERGIO-CERQUEDA.jpeg 1285w\" sizes=\"auto, (max-width: 256px) 100vw, 256px\" \/><\/figure>\n<\/div>\n\n\n<p><strong>S\u00e9rgio Cerqueda<\/strong> \u00e9 professor associado da Universidade Federal do Sul da Bahia (UFSB) no Campus Sos\u00edgenes Costa. \u00c9 Doutor em Letras e Lingu\u00edstica pela UFBA e realizou est\u00e1gio p\u00f3s-doutoral no Institut de la recherche scientifique du Qu\u00e9bec (INRS) &#8211; Centre Urbanisation, Culture, Soci\u00e9t\u00e9 na \u00e1rea de sociologia da cultura. Tem experi\u00eancia em Letras e Artes, com \u00eanfase em Ensino de L\u00ednguas, Estudos F\u00edlmicos, Interculturalidade e Forma\u00e7\u00e3o de Professores. Atua como docente nas Licenciaturas Interdisciplinares do Instituto de Humanidades, Artes e Ci\u00eancias do CSC e em cursos do Centro de Forma\u00e7\u00e3o em Artes e Comunica\u00e7\u00e3o. \u00c9 membro do Grupo de Pesquisa Sociedade, Educa\u00e7\u00e3o e Universidade (UFSB). Contato: <a href=\"mailto:sergio.cerqueda@csc.ufsb.edu.br\">sergio.cerqueda@csc.ufsb.edu.br<\/a>.<\/p>\n\n\n<div class=\"wp-block-image\">\n<figure class=\"alignleft size-large is-resized\"><img loading=\"lazy\" decoding=\"async\" src=\"https:\/\/imaginacircuito.com\/festa\/wp-content\/uploads\/2022\/11\/FOTO_DIEGO-CASEMIRO-820x1024.jpeg\" alt=\"\" class=\"wp-image-882\" width=\"271\" height=\"338\" srcset=\"https:\/\/imaginacircuito.com\/festa\/wp-content\/uploads\/2022\/11\/FOTO_DIEGO-CASEMIRO-820x1024.jpeg 820w, https:\/\/imaginacircuito.com\/festa\/wp-content\/uploads\/2022\/11\/FOTO_DIEGO-CASEMIRO-240x300.jpeg 240w, https:\/\/imaginacircuito.com\/festa\/wp-content\/uploads\/2022\/11\/FOTO_DIEGO-CASEMIRO-768x959.jpeg 768w, https:\/\/imaginacircuito.com\/festa\/wp-content\/uploads\/2022\/11\/FOTO_DIEGO-CASEMIRO-250x312.jpeg 250w, https:\/\/imaginacircuito.com\/festa\/wp-content\/uploads\/2022\/11\/FOTO_DIEGO-CASEMIRO-550x687.jpeg 550w, https:\/\/imaginacircuito.com\/festa\/wp-content\/uploads\/2022\/11\/FOTO_DIEGO-CASEMIRO-800x999.jpeg 800w, https:\/\/imaginacircuito.com\/festa\/wp-content\/uploads\/2022\/11\/FOTO_DIEGO-CASEMIRO-144x180.jpeg 144w, https:\/\/imaginacircuito.com\/festa\/wp-content\/uploads\/2022\/11\/FOTO_DIEGO-CASEMIRO-400x500.jpeg 400w, https:\/\/imaginacircuito.com\/festa\/wp-content\/uploads\/2022\/11\/FOTO_DIEGO-CASEMIRO.jpeg 916w\" sizes=\"auto, (max-width: 271px) 100vw, 271px\" \/><\/figure>\n<\/div>\n\n\n<p><strong>Diego Casemiro<\/strong> \u00e9 Bacharel em Humanidades e Graduando em Direito pelo Centro de Forma\u00e7\u00e3o em Ci\u00eancias Humanas e Sociais (CFCHS), do Campus Sos\u00edgenes Costa, na Universidade Federal do Sul da Bahia (UFSB). Atua como bolsista de Inicia\u00e7\u00e3o Cient\u00edfica desde 2019 nesta universidade, onde executou os planos de trabalho \u201cM\u00faltiplas narrativas: concep\u00e7\u00f5es de Educa\u00e7\u00e3o Ambiental, Sustentabilidade e Meio Ambiente dentre servidores p\u00fablicos municipais de Porto Seguro &#8211; Bahia\u201d (2019 &#8211; FAPESB) e \u201cTermos e condi\u00e7\u00f5es e pol\u00edticas de cookies e de privacidade em jogo virtual: apontamentos (n)etnogr\u00e1ficos\u201d (2020 &#8211; UFSB), al\u00e9m do mais recente \u201cMulheres gamers nas plataformas de streaming: profissionaliza\u00e7\u00e3o, performance e estruturas\u201d (em andamento &#8211; UFSB). \u00c9 tamb\u00e9m integrante dos grupos de pesquisa em<em> Direitos, Pessoas e Tecnologias<\/em> (DIRPET\/CNPq &#8211; UFSB) e <em>G\u00eanero, Trabalho e Desigualdade<\/em> (GTD\/PRUNART &#8211; UFMG), al\u00e9m de volunt\u00e1rio do programa de extens\u00e3o <em>Imagina! Circuito Permanente de Audiovisual<\/em> (CFAC\/UFSB). Contato: <a href=\"mailto:diego.casemiro@csc.ufsb.edu.br\">diego.casemiro@csc.ufsb.edu.br<\/a>.<\/p>\n\n\n<div class=\"wp-block-image\">\n<figure class=\"alignright size-large is-resized\"><img loading=\"lazy\" decoding=\"async\" src=\"https:\/\/imaginacircuito.com\/festa\/wp-content\/uploads\/2022\/11\/FESTA-2018-Reverbera-Foto-Cris-Lima-2-1024x923.jpg\" alt=\"\" class=\"wp-image-883\" width=\"317\" height=\"285\" srcset=\"https:\/\/imaginacircuito.com\/festa\/wp-content\/uploads\/2022\/11\/FESTA-2018-Reverbera-Foto-Cris-Lima-2-1024x923.jpg 1024w, https:\/\/imaginacircuito.com\/festa\/wp-content\/uploads\/2022\/11\/FESTA-2018-Reverbera-Foto-Cris-Lima-2-300x271.jpg 300w, https:\/\/imaginacircuito.com\/festa\/wp-content\/uploads\/2022\/11\/FESTA-2018-Reverbera-Foto-Cris-Lima-2-768x693.jpg 768w, https:\/\/imaginacircuito.com\/festa\/wp-content\/uploads\/2022\/11\/FESTA-2018-Reverbera-Foto-Cris-Lima-2-250x225.jpg 250w, https:\/\/imaginacircuito.com\/festa\/wp-content\/uploads\/2022\/11\/FESTA-2018-Reverbera-Foto-Cris-Lima-2-550x496.jpg 550w, https:\/\/imaginacircuito.com\/festa\/wp-content\/uploads\/2022\/11\/FESTA-2018-Reverbera-Foto-Cris-Lima-2-800x721.jpg 800w, https:\/\/imaginacircuito.com\/festa\/wp-content\/uploads\/2022\/11\/FESTA-2018-Reverbera-Foto-Cris-Lima-2-200x180.jpg 200w, https:\/\/imaginacircuito.com\/festa\/wp-content\/uploads\/2022\/11\/FESTA-2018-Reverbera-Foto-Cris-Lima-2-333x300.jpg 333w, https:\/\/imaginacircuito.com\/festa\/wp-content\/uploads\/2022\/11\/FESTA-2018-Reverbera-Foto-Cris-Lima-2-554x500.jpg 554w, https:\/\/imaginacircuito.com\/festa\/wp-content\/uploads\/2022\/11\/FESTA-2018-Reverbera-Foto-Cris-Lima-2.jpg 1110w\" sizes=\"auto, (max-width: 317px) 100vw, 317px\" \/><\/figure>\n<\/div>\n\n\n<p><strong>Ariane Stolfi<\/strong> \u00e9 arquiteta, designer, programadora, musicista e professora, e transita por v\u00e1rias linguagens e disciplinas. Doutora em Sonologia pelo departamento de M\u00fasica da Universidade de S\u00e3o Paulo (ECA-USP) e Mestre em Arquitetura e Design (FAU-USP), pesquisa interfaces interativas em tecnologias web, atualmente na Universidade Federal do Sul da Bahia. Foi pesquisadora visitante no Centre for Digital Music (Queen Mary University of London) e participou de diversos festivais e eventos como: Festival de M\u00fasica Nova, Digit\u00e1lia, SHA, Submidialogias, DIS Experimental, \u00bfM\u00fasica?, Virada Cultural, Bigorna, Improvise!, Circuito de Improvisa\u00e7\u00e3o Livre, Amostra Sonora, \u00c1udio Insurg\u00eancia, Tecnoxamanismo, CMMR, Web Audio Conference, Audio Mostly, UbiMus e NIME. Contato: <a href=\"mailto:arianestolfi@gmail.com\">arianestolfi@gmail.com<\/a>.<\/p>\n","protected":false},"excerpt":{"rendered":"<p>RODA DE CONVERSA: AUDIOVISUAL E POL\u00cdTICAS CULTURAIS NO SUL DA BAHIAS\u00e1bado, 26\/11, \u00e0s 15h. Dura\u00e7\u00e3o: 2h. Local: Col\u00e9gio Estadual Dr\u00ba Ant\u00f4nio Ricaldi Ementa: Conversa sobre o audiovisual em sua dimens\u00e3o pol\u00edtica, social, comunicacional e educativa. A cultura como espa\u00e7o de produ\u00e7\u00e3o de v\u00ednculos, mas tamb\u00e9m de enfrentamentos. O papel do audiovisual nas disputas narrativas e&hellip; <a class=\"more-link\" href=\"https:\/\/imaginacircuito.com\/festa\/roda-de-conversa\/\">Continuar lendo <span class=\"screen-reader-text\">Rodas de Conversa<\/span><\/a><\/p>\n","protected":false},"author":4,"featured_media":0,"parent":0,"menu_order":0,"comment_status":"closed","ping_status":"closed","template":"","meta":{"extendify_custom_stylesheet":"","bgseo_title":"","bgseo_description":"","bgseo_robots_index":"index","bgseo_robots_follow":"follow","footnotes":""},"class_list":["post-777","page","type-page","status-publish","hentry","entry"],"_links":{"self":[{"href":"https:\/\/imaginacircuito.com\/festa\/wp-json\/wp\/v2\/pages\/777","targetHints":{"allow":["GET"]}}],"collection":[{"href":"https:\/\/imaginacircuito.com\/festa\/wp-json\/wp\/v2\/pages"}],"about":[{"href":"https:\/\/imaginacircuito.com\/festa\/wp-json\/wp\/v2\/types\/page"}],"author":[{"embeddable":true,"href":"https:\/\/imaginacircuito.com\/festa\/wp-json\/wp\/v2\/users\/4"}],"replies":[{"embeddable":true,"href":"https:\/\/imaginacircuito.com\/festa\/wp-json\/wp\/v2\/comments?post=777"}],"version-history":[{"count":10,"href":"https:\/\/imaginacircuito.com\/festa\/wp-json\/wp\/v2\/pages\/777\/revisions"}],"predecessor-version":[{"id":1248,"href":"https:\/\/imaginacircuito.com\/festa\/wp-json\/wp\/v2\/pages\/777\/revisions\/1248"}],"wp:attachment":[{"href":"https:\/\/imaginacircuito.com\/festa\/wp-json\/wp\/v2\/media?parent=777"}],"curies":[{"name":"wp","href":"https:\/\/api.w.org\/{rel}","templated":true}]}}