{"id":774,"date":"2022-10-31T16:41:39","date_gmt":"2022-10-31T19:41:39","guid":{"rendered":"https:\/\/imaginacircuito.com\/festa\/?page_id=774"},"modified":"2022-11-25T08:36:01","modified_gmt":"2022-11-25T11:36:01","slug":"oficinas","status":"publish","type":"page","link":"https:\/\/imaginacircuito.com\/festa\/oficinas\/","title":{"rendered":"Oficinas"},"content":{"rendered":"\n<figure class=\"wp-block-image is-style-rounded\"><img loading=\"lazy\" decoding=\"async\" width=\"1024\" height=\"682\" src=\"https:\/\/imaginacircuito.com\/festa\/wp-content\/uploads\/2022\/10\/FOTO-COLETIVO-ITAN-1024x682.jpeg\" alt=\"\" class=\"wp-image-857\" srcset=\"https:\/\/imaginacircuito.com\/festa\/wp-content\/uploads\/2022\/10\/FOTO-COLETIVO-ITAN-1024x682.jpeg 1024w, https:\/\/imaginacircuito.com\/festa\/wp-content\/uploads\/2022\/10\/FOTO-COLETIVO-ITAN-300x200.jpeg 300w, https:\/\/imaginacircuito.com\/festa\/wp-content\/uploads\/2022\/10\/FOTO-COLETIVO-ITAN-768x512.jpeg 768w, https:\/\/imaginacircuito.com\/festa\/wp-content\/uploads\/2022\/10\/FOTO-COLETIVO-ITAN-1536x1023.jpeg 1536w, https:\/\/imaginacircuito.com\/festa\/wp-content\/uploads\/2022\/10\/FOTO-COLETIVO-ITAN-1568x1045.jpeg 1568w, https:\/\/imaginacircuito.com\/festa\/wp-content\/uploads\/2022\/10\/FOTO-COLETIVO-ITAN-250x167.jpeg 250w, https:\/\/imaginacircuito.com\/festa\/wp-content\/uploads\/2022\/10\/FOTO-COLETIVO-ITAN-550x366.jpeg 550w, https:\/\/imaginacircuito.com\/festa\/wp-content\/uploads\/2022\/10\/FOTO-COLETIVO-ITAN-800x533.jpeg 800w, https:\/\/imaginacircuito.com\/festa\/wp-content\/uploads\/2022\/10\/FOTO-COLETIVO-ITAN-270x180.jpeg 270w, https:\/\/imaginacircuito.com\/festa\/wp-content\/uploads\/2022\/10\/FOTO-COLETIVO-ITAN-450x300.jpeg 450w, https:\/\/imaginacircuito.com\/festa\/wp-content\/uploads\/2022\/10\/FOTO-COLETIVO-ITAN-750x500.jpeg 750w, https:\/\/imaginacircuito.com\/festa\/wp-content\/uploads\/2022\/10\/FOTO-COLETIVO-ITAN.jpeg 1600w\" sizes=\"auto, (max-width: 1024px) 100vw, 1024px\" \/><\/figure>\n\n\n\n<h4 class=\"has-text-align-center has-large-font-size wp-block-heading\"><mark style=\"background-color:rgba(0, 0, 0, 0);color:#602f75\" class=\"has-inline-color\"><strong> CINEMA DE ANIMA\u00c7\u00c3O<\/strong><br><\/mark>Sexta, 25\/11, \u00e0s 9h. Dura\u00e7\u00e3o: 3h.<\/h4>\n\n\n\n<h5 class=\"has-black-color has-text-color wp-block-heading\"><em><strong><mark style=\"background-color:#EEEADD\" class=\"has-inline-color\">Inscri\u00e7\u00f5es: esta oficina ser\u00e1 oferecida apenas para estudantes da Escola Ind\u00edgena de Coroa Vermelha.<\/mark><\/strong><\/em><\/h5>\n\n\n\n<p><strong>Ementa: <\/strong>Apresenta\u00e7\u00e3o e experimenta\u00e7\u00e3o de tr\u00eas t\u00e9cnicas de anima\u00e7\u00e3o tradicional (massinha, recortes e desenho). As\/os participantes ir\u00e3o produzir pequenos curtas nas tr\u00eas t\u00e9cnicas apresentadas.<\/p>\n\n\n\n<p><strong>Ministrantes: <\/strong>O \u201cColetivo \u00ccT\u00c0N: Cinema Negro de Anima\u00e7\u00e3o\u201d \u00e9 protagonizado por pessoas pretas que produzem anima\u00e7\u00f5es com conte\u00fados ligados a sua ancestralidade e participam do contar hist\u00f3rias de povos tradicionais incluindo a tecnologia da anima\u00e7\u00e3o. Atualmente integram o coletivo Erlane Rosa, Filip Couto, Jhonatan Almeida, MAROON, Nay Moura e P\u00e2mela Peregrino.<\/p>\n\n\n\n<p><strong>Local: <\/strong>Escola Ind\u00edgena de Coroa Vermelha.<\/p>\n\n\n\n<hr class=\"wp-block-separator has-alpha-channel-opacity\"\/>\n\n\n\n<p><\/p>\n\n\n\n<figure class=\"wp-block-image size-large is-style-rounded\"><img loading=\"lazy\" decoding=\"async\" width=\"1024\" height=\"506\" src=\"https:\/\/imaginacircuito.com\/festa\/wp-content\/uploads\/2022\/11\/Opera-Instantaneo_2022-11-01_190734_www.youtube.com_-1024x506.png\" alt=\"\" class=\"wp-image-912\" srcset=\"https:\/\/imaginacircuito.com\/festa\/wp-content\/uploads\/2022\/11\/Opera-Instantaneo_2022-11-01_190734_www.youtube.com_-1024x506.png 1024w, https:\/\/imaginacircuito.com\/festa\/wp-content\/uploads\/2022\/11\/Opera-Instantaneo_2022-11-01_190734_www.youtube.com_-300x148.png 300w, https:\/\/imaginacircuito.com\/festa\/wp-content\/uploads\/2022\/11\/Opera-Instantaneo_2022-11-01_190734_www.youtube.com_-768x379.png 768w, https:\/\/imaginacircuito.com\/festa\/wp-content\/uploads\/2022\/11\/Opera-Instantaneo_2022-11-01_190734_www.youtube.com_-250x124.png 250w, https:\/\/imaginacircuito.com\/festa\/wp-content\/uploads\/2022\/11\/Opera-Instantaneo_2022-11-01_190734_www.youtube.com_-550x272.png 550w, https:\/\/imaginacircuito.com\/festa\/wp-content\/uploads\/2022\/11\/Opera-Instantaneo_2022-11-01_190734_www.youtube.com_-800x395.png 800w, https:\/\/imaginacircuito.com\/festa\/wp-content\/uploads\/2022\/11\/Opera-Instantaneo_2022-11-01_190734_www.youtube.com_-364x180.png 364w, https:\/\/imaginacircuito.com\/festa\/wp-content\/uploads\/2022\/11\/Opera-Instantaneo_2022-11-01_190734_www.youtube.com_-607x300.png 607w, https:\/\/imaginacircuito.com\/festa\/wp-content\/uploads\/2022\/11\/Opera-Instantaneo_2022-11-01_190734_www.youtube.com_-1012x500.png 1012w, https:\/\/imaginacircuito.com\/festa\/wp-content\/uploads\/2022\/11\/Opera-Instantaneo_2022-11-01_190734_www.youtube.com_.png 1097w\" sizes=\"auto, (max-width: 1024px) 100vw, 1024px\" \/><\/figure>\n\n\n\n<h4 class=\"alignwide has-text-align-center wp-block-heading\"><mark style=\"background-color:rgba(0, 0, 0, 0);color:#602f75\" class=\"has-inline-color\"><strong>AUDIOVISUAL E MEM\u00d3RIA: EXPERIMENTANDO OUVIR E VER!\u00a0<\/strong><br><\/mark>S\u00e1bado, 26\/11, \u00e0s 9h. Dura\u00e7\u00e3o: 3h. <\/h4>\n\n\n\n<p><em><strong><mark style=\"background-color:#EEEADD\" class=\"has-inline-color has-black-color\">Inscri\u00e7\u00f5es: para participar, acesse o <a rel=\"noreferrer noopener\" href=\"https:\/\/forms.gle\/87yMVgWRUbojyQQu8\" data-type=\"URL\" data-id=\"https:\/\/forms.gle\/87yMVgWRUbojyQQu8\" target=\"_blank\">Formul\u00e1rio de Inscri\u00e7\u00e3o<\/a><\/mark><\/strong><\/em> <\/p>\n\n\n\n<p><strong>Ementa: <\/strong>Um momento para nos sensibilizar sobre a import\u00e2ncia da mem\u00f3ria nos processos de perpetua\u00e7\u00e3o de nossa tradi\u00e7\u00f5es e hist\u00f3rias individuais e coletiva e de como catalizar esses momentos em audiovisual.<\/p>\n\n\n<div class=\"wp-block-image\">\n<figure class=\"alignleft size-large is-resized\"><img loading=\"lazy\" decoding=\"async\" src=\"https:\/\/imaginacircuito.com\/festa\/wp-content\/uploads\/2022\/10\/FOTO_ALCYONE_HELP-769x1024.jpeg\" alt=\"\" class=\"wp-image-862\" width=\"248\" height=\"330\" srcset=\"https:\/\/imaginacircuito.com\/festa\/wp-content\/uploads\/2022\/10\/FOTO_ALCYONE_HELP-769x1024.jpeg 769w, https:\/\/imaginacircuito.com\/festa\/wp-content\/uploads\/2022\/10\/FOTO_ALCYONE_HELP-225x300.jpeg 225w, https:\/\/imaginacircuito.com\/festa\/wp-content\/uploads\/2022\/10\/FOTO_ALCYONE_HELP-768x1022.jpeg 768w, https:\/\/imaginacircuito.com\/festa\/wp-content\/uploads\/2022\/10\/FOTO_ALCYONE_HELP-1154x1536.jpeg 1154w, https:\/\/imaginacircuito.com\/festa\/wp-content\/uploads\/2022\/10\/FOTO_ALCYONE_HELP-250x333.jpeg 250w, https:\/\/imaginacircuito.com\/festa\/wp-content\/uploads\/2022\/10\/FOTO_ALCYONE_HELP-550x732.jpeg 550w, https:\/\/imaginacircuito.com\/festa\/wp-content\/uploads\/2022\/10\/FOTO_ALCYONE_HELP-800x1065.jpeg 800w, https:\/\/imaginacircuito.com\/festa\/wp-content\/uploads\/2022\/10\/FOTO_ALCYONE_HELP-135x180.jpeg 135w, https:\/\/imaginacircuito.com\/festa\/wp-content\/uploads\/2022\/10\/FOTO_ALCYONE_HELP-376x500.jpeg 376w, https:\/\/imaginacircuito.com\/festa\/wp-content\/uploads\/2022\/10\/FOTO_ALCYONE_HELP.jpeg 1202w\" sizes=\"auto, (max-width: 248px) 100vw, 248px\" \/><\/figure>\n<\/div>\n\n\n<p><strong>Ministrante:<\/strong> Alcyone Gilberto de Brito Vieira \u00e9 Professor de Hist\u00f3ria e Pedagogo, especialista em Educa\u00e7\u00e3o, Desenvolvimento e Pol\u00edticas educativas\/FNSL e mestre em Rela\u00e7\u00f5es \u00c9tnico Raciais\/PPGER\/UFSB. Arte Educador da rede municipal de ensino de Porto Seguro, e tamb\u00e9m da Faculdade Nossa Senhora de Lurdes, h\u00e1 algumas d\u00e9cadas.<\/p>\n\n\n\n<hr class=\"wp-block-separator has-alpha-channel-opacity\"\/>\n\n\n\n<p><\/p>\n\n\n\n<figure class=\"wp-block-image size-large is-style-rounded\"><img loading=\"lazy\" decoding=\"async\" width=\"1024\" height=\"683\" src=\"https:\/\/imaginacircuito.com\/festa\/wp-content\/uploads\/2022\/10\/IMG_5534-1024x683.jpg\" alt=\"\" class=\"wp-image-861\" srcset=\"https:\/\/imaginacircuito.com\/festa\/wp-content\/uploads\/2022\/10\/IMG_5534-1024x683.jpg 1024w, https:\/\/imaginacircuito.com\/festa\/wp-content\/uploads\/2022\/10\/IMG_5534-300x200.jpg 300w, https:\/\/imaginacircuito.com\/festa\/wp-content\/uploads\/2022\/10\/IMG_5534-768x512.jpg 768w, https:\/\/imaginacircuito.com\/festa\/wp-content\/uploads\/2022\/10\/IMG_5534-1536x1024.jpg 1536w, https:\/\/imaginacircuito.com\/festa\/wp-content\/uploads\/2022\/10\/IMG_5534-2048x1365.jpg 2048w, https:\/\/imaginacircuito.com\/festa\/wp-content\/uploads\/2022\/10\/IMG_5534-1568x1045.jpg 1568w, https:\/\/imaginacircuito.com\/festa\/wp-content\/uploads\/2022\/10\/IMG_5534-250x167.jpg 250w, https:\/\/imaginacircuito.com\/festa\/wp-content\/uploads\/2022\/10\/IMG_5534-550x367.jpg 550w, https:\/\/imaginacircuito.com\/festa\/wp-content\/uploads\/2022\/10\/IMG_5534-800x533.jpg 800w, https:\/\/imaginacircuito.com\/festa\/wp-content\/uploads\/2022\/10\/IMG_5534-270x180.jpg 270w, https:\/\/imaginacircuito.com\/festa\/wp-content\/uploads\/2022\/10\/IMG_5534-450x300.jpg 450w, https:\/\/imaginacircuito.com\/festa\/wp-content\/uploads\/2022\/10\/IMG_5534-750x500.jpg 750w\" sizes=\"auto, (max-width: 1024px) 100vw, 1024px\" \/><\/figure>\n\n\n\n<h4 class=\"has-text-align-center wp-block-heading\"><mark style=\"background-color:rgba(0, 0, 0, 0);color:#602f75\" class=\"has-inline-color\"><strong>PRODU\u00c7\u00c3O EXECUTIVA E PRODU\u00c7\u00c3O DE SET: DUAS FACES DA ORGANIZA\u00c7\u00c3O E DA CORRERIA NO AUDIOVISUAL\u00a0<\/strong><br><\/mark>S\u00e1bado, 26\/11, \u00e0s 9h. Dura\u00e7\u00e3o: 3h. <\/h4>\n\n\n\n<p><em><strong><mark style=\"background-color:#EEEADD\" class=\"has-inline-color has-black-color\">Inscri\u00e7\u00f5es: para participar, acesse o <a rel=\"noreferrer noopener\" href=\"https:\/\/forms.gle\/87yMVgWRUbojyQQu8\" data-type=\"URL\" data-id=\"https:\/\/forms.gle\/87yMVgWRUbojyQQu8\" target=\"_blank\">Formul\u00e1rio de Inscri\u00e7\u00e3o<\/a><\/mark><\/strong><\/em> <\/p>\n\n\n\n<p><strong>Ementa<\/strong>: A oficina tem como objetivo abordar as diferentes atua\u00e7\u00f5es da equipe de produ\u00e7\u00e3o em filmes de baixo custo, com especial enfoque nas fun\u00e7\u00f5es de produ\u00e7\u00e3o executiva e produ\u00e7\u00e3o de set. A partir de experi\u00eancias pr\u00e9vias ser\u00e3o abordados: 1) o trabalho da produ\u00e7\u00e3o executiva e da produ\u00e7\u00e3o de set em filmes com baixo or\u00e7amento; 2) do or\u00e7amento \u00e0 presta\u00e7\u00e3o de contas: dicas de planejamentos e documenta\u00e7\u00f5es necess\u00e1rias; 3) a necessidade e capacidade de improvisar diante das situa\u00e7\u00f5es e 4) experi\u00eancia pr\u00e1tica de cria\u00e7\u00e3o de um or\u00e7amento e uma ordem do dia.<\/p>\n\n\n<div class=\"wp-block-image\">\n<figure class=\"alignleft size-large is-resized\"><img loading=\"lazy\" decoding=\"async\" src=\"https:\/\/imaginacircuito.com\/festa\/wp-content\/uploads\/2022\/10\/FOTO_CLARISSA-SANTOS-575x1024.jpeg\" alt=\"\" class=\"wp-image-863\" width=\"202\" height=\"358\" srcset=\"https:\/\/imaginacircuito.com\/festa\/wp-content\/uploads\/2022\/10\/FOTO_CLARISSA-SANTOS-169x300.jpeg 169w, https:\/\/imaginacircuito.com\/festa\/wp-content\/uploads\/2022\/10\/FOTO_CLARISSA-SANTOS-101x180.jpeg 101w, https:\/\/imaginacircuito.com\/festa\/wp-content\/uploads\/2022\/10\/FOTO_CLARISSA-SANTOS-281x500.jpeg 281w\" sizes=\"auto, (max-width: 202px) 100vw, 202px\" \/><\/figure>\n<\/div>\n\n\n<p><br><strong>Ministrante<\/strong>: Clarissa Santos \u00e9 professora assistente da UFSB, membra das equipes realizadoras do F.EST.A &#8211; Festival Estudantil de Audiovisual e do MU\u00cdDO &#8211; Festival de Cinema de Campina Grande, atuou como Produ\u00e7\u00e3o Executiva e Dire\u00e7\u00e3o de Produ\u00e7\u00e3o nos filmes Abri\u00e7\u00e3o de Portas (2022), Cordelina (2022) e Debaixo do Arvoredo (2021) e na Produ\u00e7\u00e3o de set do filme N\u00e3o existe p\u00f4r do sol (2021).<\/p>\n","protected":false},"excerpt":{"rendered":"<p>CINEMA DE ANIMA\u00c7\u00c3OSexta, 25\/11, \u00e0s 9h. Dura\u00e7\u00e3o: 3h. Inscri\u00e7\u00f5es: esta oficina ser\u00e1 oferecida apenas para estudantes da Escola Ind\u00edgena de Coroa Vermelha. Ementa: Apresenta\u00e7\u00e3o e experimenta\u00e7\u00e3o de tr\u00eas t\u00e9cnicas de anima\u00e7\u00e3o tradicional (massinha, recortes e desenho). As\/os participantes ir\u00e3o produzir pequenos curtas nas tr\u00eas t\u00e9cnicas apresentadas. Ministrantes: O \u201cColetivo \u00ccT\u00c0N: Cinema Negro de Anima\u00e7\u00e3o\u201d \u00e9&hellip; <a class=\"more-link\" href=\"https:\/\/imaginacircuito.com\/festa\/oficinas\/\">Continuar lendo <span class=\"screen-reader-text\">Oficinas<\/span><\/a><\/p>\n","protected":false},"author":4,"featured_media":0,"parent":0,"menu_order":0,"comment_status":"closed","ping_status":"closed","template":"","meta":{"extendify_custom_stylesheet":"","bgseo_title":"","bgseo_description":"","bgseo_robots_index":"index","bgseo_robots_follow":"follow","footnotes":""},"class_list":["post-774","page","type-page","status-publish","hentry","entry"],"_links":{"self":[{"href":"https:\/\/imaginacircuito.com\/festa\/wp-json\/wp\/v2\/pages\/774","targetHints":{"allow":["GET"]}}],"collection":[{"href":"https:\/\/imaginacircuito.com\/festa\/wp-json\/wp\/v2\/pages"}],"about":[{"href":"https:\/\/imaginacircuito.com\/festa\/wp-json\/wp\/v2\/types\/page"}],"author":[{"embeddable":true,"href":"https:\/\/imaginacircuito.com\/festa\/wp-json\/wp\/v2\/users\/4"}],"replies":[{"embeddable":true,"href":"https:\/\/imaginacircuito.com\/festa\/wp-json\/wp\/v2\/comments?post=774"}],"version-history":[{"count":11,"href":"https:\/\/imaginacircuito.com\/festa\/wp-json\/wp\/v2\/pages\/774\/revisions"}],"predecessor-version":[{"id":989,"href":"https:\/\/imaginacircuito.com\/festa\/wp-json\/wp\/v2\/pages\/774\/revisions\/989"}],"wp:attachment":[{"href":"https:\/\/imaginacircuito.com\/festa\/wp-json\/wp\/v2\/media?parent=774"}],"curies":[{"name":"wp","href":"https:\/\/api.w.org\/{rel}","templated":true}]}}