{"id":764,"date":"2022-10-31T17:04:03","date_gmt":"2022-10-31T20:04:03","guid":{"rendered":"https:\/\/imaginacircuito.com\/festa\/?page_id=764"},"modified":"2023-09-23T21:18:23","modified_gmt":"2023-09-24T00:18:23","slug":"reverbera","status":"publish","type":"page","link":"https:\/\/imaginacircuito.com\/festa\/mostras\/reverbera\/","title":{"rendered":"Imagina! Reverbera"},"content":{"rendered":"\n<p><strong><em>Exibi\u00e7\u00e3o de filmes mudos com execu\u00e7\u00e3o de trilha sonora ao vivo<\/em><\/strong>. <\/p>\n\n\n\n<p>O grupo de estudantes e docentes da UFSB far\u00e1 uma sess\u00e3o de improvisa\u00e7\u00e3o das trilhas sonoras, ao vivo, sobre estes tr\u00eas curtas em preto e branco do movimento art\u00edstico Fluxus.<\/p>\n\n\n\n<p><strong>Equipe<\/strong>:<br>Curadoria: Daniel Puig<br>Colabora\u00e7\u00e3o: Ariane Stolfi<br>Participa\u00e7\u00e3o: Ariane Stolfi, Alex Rodrigo, Carol Freire, Daniel Puig, Duds Silva, Jo\u00e3o Carlos, J\u00falio de Carvalho, Nay Moura, Ricardo Campos, Savi, Gabrielle Giarola.<\/p>\n\n\n\n<p><\/p>\n\n\n\n<p>Os filmes selecionados para esta sess\u00e3o ser\u00e3o exibidos no dia 27\/11, a partir das 17h30, no Col\u00e9gio Estadual Dr\u00ba Ant\u00f4nio Ricaldi. Para conferir a programa\u00e7\u00e3o completa,&nbsp;<strong><a href=\"https:\/\/imaginacircuito.com\/festa\/programacao-resumida\/\" data-type=\"URL\" data-id=\"https:\/\/imaginacircuito.com\/festa\/programacao-resumida\/\" target=\"_blank\" rel=\"noreferrer noopener\">clique aqui.<\/a><\/strong><\/p>\n\n\n\n<p><\/p>\n\n\n\n<figure class=\"wp-block-image\"><img decoding=\"async\" src=\"https:\/\/lh6.googleusercontent.com\/pEf4HlPx-i0GEhzHbi3-4tEKD38cAAJlZvuSSTaNRmTZm661e5HpdLmKOdy5tv2dICrgP7vb7QUCmwZtHv2DoYgKaJzrra4b9Zw6ecpLODkDFXocxw0g8dbqrhSNHsTl5R9k1nHupdmx9jsE4ds-y0ynQO6aETV1VuhuguE2cbTWKt-Sk4nCTAhwTQ\" alt=\"\"\/><\/figure>\n\n\n\n<h4 class=\"wp-block-heading has-text-align-center\"><strong><mark style=\"background-color:rgba(0, 0, 0, 0);color:#ed1567\" class=\"has-inline-color\">Hands Tied (Richard Serra, 1968, 6min)<\/mark><\/strong><\/h4>\n\n\n\n<p><strong>Sinopse<\/strong>: <em>Um sujeito luta para se libertar de uma corda.<\/em><\/p>\n\n\n\n<p><\/p>\n\n\n\n<figure class=\"wp-block-image\"><img decoding=\"async\" src=\"https:\/\/lh4.googleusercontent.com\/h2GDZUSIeDe7FYXRRJV34CR5XnaQjw6Zwyq22tJwwBA6Adw20ah5aYvA08Wiif8XaYURUNwtHQ_IWda4FmfeNP217VqLiMNyj7iOvggCzHgtqamx58cKnpwbFa9qixELHk6PcL7ovfP0_ZYWrdOhoYOAFhQQHZR-ed8phjkIce1N7o3_hfoZLU9yRA\" alt=\"\"\/><\/figure>\n\n\n\n<h4 class=\"wp-block-heading has-text-align-center\"><strong><mark style=\"background-color:rgba(0, 0, 0, 0);color:#ed1567\" class=\"has-inline-color\">Eye blink (Yoko Ono, 1966, 5min)<\/mark><\/strong><\/h4>\n\n\n\n<p><strong>Sinopse<\/strong>: Um close pr\u00f3ximo ao pr\u00f3prio olho do artista convida cada um de n\u00f3s a mudar nossa percep\u00e7\u00e3o ao desacelerar a forma como olhamos as coisas.<\/p>\n\n\n\n<p><\/p>\n\n\n\n<figure class=\"wp-block-image\"><img decoding=\"async\" src=\"https:\/\/lh5.googleusercontent.com\/NZAMXQv6ymzB0swTK54s5T-SBTjehb3zfuqPotz59qP0goRDUQlAX0AhQVgVPgp1f7pIQwdn4oJdUMtpb3GpI9nJ6aWz6Kq45jp3PzH5C16iH31Z1SkRWzlMryqPEqb0JWPqZB_iBgMSiqYUBIf6bXuzp_NBdXrc3Ctli2ePEEraNdMxzNUBEShibg\" alt=\"\"\/><\/figure>\n\n\n\n<h4 class=\"wp-block-heading has-text-align-center\"><strong><mark style=\"background-color:rgba(0, 0, 0, 0);color:#ed1567\" class=\"has-inline-color\">Sun In Your Head (Wolf Vostell, 1963, 8min)<\/mark><\/strong><\/h4>\n\n\n\n<p><strong>Sinopse<\/strong>: Sequ\u00eancias de imagens de TV ou cinema, com distor\u00e7\u00f5es peri\u00f3dicas de imagens de avi\u00f5es, mulheres, homens intercaladas a textos de &#8216;sil\u00eancio, g\u00eanio no trabalho&#8217; e &#8216;eu te amo&#8217;.<\/p>\n","protected":false},"excerpt":{"rendered":"<p>Exibi\u00e7\u00e3o de filmes mudos com execu\u00e7\u00e3o de trilha sonora ao vivo. O grupo de estudantes e docentes da UFSB far\u00e1 uma sess\u00e3o de improvisa\u00e7\u00e3o das trilhas sonoras, ao vivo, sobre estes tr\u00eas curtas em preto e branco do movimento art\u00edstico Fluxus. Equipe:Curadoria: Daniel PuigColabora\u00e7\u00e3o: Ariane StolfiParticipa\u00e7\u00e3o: Ariane Stolfi, Alex Rodrigo, Carol Freire, Daniel Puig, Duds&hellip; <a class=\"more-link\" href=\"https:\/\/imaginacircuito.com\/festa\/mostras\/reverbera\/\">Continuar lendo <span class=\"screen-reader-text\">Imagina! Reverbera<\/span><\/a><\/p>\n","protected":false},"author":4,"featured_media":0,"parent":11,"menu_order":4,"comment_status":"closed","ping_status":"closed","template":"","meta":{"extendify_custom_stylesheet":"","bgseo_title":"","bgseo_description":"","bgseo_robots_index":"index","bgseo_robots_follow":"follow","footnotes":""},"class_list":["post-764","page","type-page","status-publish","hentry","entry"],"_links":{"self":[{"href":"https:\/\/imaginacircuito.com\/festa\/wp-json\/wp\/v2\/pages\/764","targetHints":{"allow":["GET"]}}],"collection":[{"href":"https:\/\/imaginacircuito.com\/festa\/wp-json\/wp\/v2\/pages"}],"about":[{"href":"https:\/\/imaginacircuito.com\/festa\/wp-json\/wp\/v2\/types\/page"}],"author":[{"embeddable":true,"href":"https:\/\/imaginacircuito.com\/festa\/wp-json\/wp\/v2\/users\/4"}],"replies":[{"embeddable":true,"href":"https:\/\/imaginacircuito.com\/festa\/wp-json\/wp\/v2\/comments?post=764"}],"version-history":[{"count":10,"href":"https:\/\/imaginacircuito.com\/festa\/wp-json\/wp\/v2\/pages\/764\/revisions"}],"predecessor-version":[{"id":1234,"href":"https:\/\/imaginacircuito.com\/festa\/wp-json\/wp\/v2\/pages\/764\/revisions\/1234"}],"up":[{"embeddable":true,"href":"https:\/\/imaginacircuito.com\/festa\/wp-json\/wp\/v2\/pages\/11"}],"wp:attachment":[{"href":"https:\/\/imaginacircuito.com\/festa\/wp-json\/wp\/v2\/media?parent=764"}],"curies":[{"name":"wp","href":"https:\/\/api.w.org\/{rel}","templated":true}]}}