{"id":761,"date":"2022-10-31T18:53:23","date_gmt":"2022-10-31T21:53:23","guid":{"rendered":"https:\/\/imaginacircuito.com\/festa\/?page_id=761"},"modified":"2023-04-24T18:00:33","modified_gmt":"2023-04-24T21:00:33","slug":"solta-o-som","status":"publish","type":"page","link":"https:\/\/imaginacircuito.com\/festa\/mostras\/solta-o-som\/","title":{"rendered":"Solta o som!"},"content":{"rendered":"\n<p>Os filmes selecionados para esta sess\u00e3o ser\u00e3o exibidos no dia 27\/11, a partir das 17h, no Col\u00e9gio Estadual Dr\u00ba Ant\u00f4nio Ricaldi. Para conferir a toda a programa\u00e7\u00e3o resumida, <strong><a rel=\"noreferrer noopener\" href=\"https:\/\/imaginacircuito.com\/festa\/programacao-resumida\/\" data-type=\"URL\" data-id=\"https:\/\/imaginacircuito.com\/festa\/programacao-resumida\/\" target=\"_blank\">clique aqui<\/a>.<\/strong> <\/p>\n\n\n\n<p class=\"has-text-align-center\"><strong><mark style=\"background-color:rgba(0, 0, 0, 0);color:#602f75\" class=\"has-inline-color\">Conhe\u00e7a a sess\u00e3o na \u00edntegra:<\/mark><\/strong> <\/p>\n\n\n\n<p><\/p>\n\n\n\n<figure class=\"wp-block-image\"><img decoding=\"async\" src=\"https:\/\/lh5.googleusercontent.com\/G7nHXREGBW3tqJjOlcOHaeKuusmv22fKTfpRPXxUU_riMd85pYTOIPw7k2tQ-gZHOtOzYIOLRdmqizAZQQOfiyQihDz8R0P7GL2HyO7JuMHnFkjUC9D-j5oKcSf6-Rw8hR2mS9lWaLjZxsA2Wbxe-wuHoile9GfCnl2QXcno9J2XSlAjbp2cmsuD_A\" alt=\"\"\/><\/figure>\n\n\n\n<h4 class=\"wp-block-heading has-text-align-center\"><strong><mark style=\"background-color:rgba(0, 0, 0, 0);color:#ed1567\" class=\"has-inline-color\">A menina que escolheu seu pr\u00f3prio nome (Let\u00edcia da Hora, 13 min, doc., UESB)<\/mark><\/strong><\/h4>\n\n\n\n<p class=\"has-text-align-left\"><strong>Sinopse<\/strong>: Balaio, cantora de Vit\u00f3ria da Conquista &#8211; Bahia, conta neste document\u00e1rio como \u00e9 a sua percep\u00e7\u00e3o sobre a m\u00fasica, carreira e como lida com a separa\u00e7\u00e3o entre vida pessoal sendo Gabi e a profissional sendo Balaio.<\/p>\n\n\n\n<p><strong>Ficha t\u00e9cnica:<\/strong><br><strong>Artista:<\/strong> Balaio (ig: @_balaio)<br><strong>Dire\u00e7\u00e3o:<\/strong> Let\u00edcia da Hora<br><strong>Assistente de dire\u00e7\u00e3o:<\/strong> D\u00e9bora Bukanowsky<br><strong>Produ\u00e7\u00e3o:<\/strong> Let\u00edcia da Hora<br><strong>Assistente de produ\u00e7\u00e3o: <\/strong>D\u00e9bora Bukanowsky<br><strong>Fotografia: <\/strong>Let\u00edcia da Hora<br><strong>Still:<\/strong> Arthur Antunes, D\u00e9bora Bukanowsky, Gabriel Bellacqua, La\u00eds Ferreira, Let\u00edcia da Hora, Maria Luiza Padre<br><strong>Dire\u00e7\u00e3o de arte:<\/strong> &nbsp;Gabriel Bellacqua e Maria Luiza Padre<br><strong>Maquiagem:<\/strong>&nbsp; Gabriel Bellacqua e Maria Luiza Padre<br><strong>Figurino:<\/strong>&nbsp; Gabriel Bellacqua e Maria Luiza Padre<br><strong>Cenografia: <\/strong>D\u00e9bora Bukanowsky<br><strong>Roteiro:<\/strong> Arthur Antunes, D\u00e9bora Bukanowsky e Let\u00edcia da Hora<br><strong>Som e Mixagem:<\/strong> Guilherme Barreto e Arthur Antunes<br><strong>Edi\u00e7\u00e3o e Montagem:<\/strong> Arthur Antunes<\/p>\n\n\n\n<p><\/p>\n\n\n\n<figure class=\"wp-block-image\"><img decoding=\"async\" src=\"https:\/\/lh5.googleusercontent.com\/cSFRtKl40odEvt5gT98xmDE9TEbnEb6N7wUmhH02mxJa5gtu6c-c7L4L962iwDHS2JLRct9LAFCKsxodXs80O21vKUIx09Ca-N3pSeZaR8YstTpCkrMAWS54EADwOhOwTbfgTlHjSBFzKFkpcXqmEFVAN4qNHhDrAWMhkqV_eMKSkgz_gB4suGuyYg\" alt=\"\"\/><\/figure>\n\n\n\n<h4 class=\"wp-block-heading has-text-align-center\"><strong><mark style=\"background-color:rgba(0, 0, 0, 0);color:#ed1567\" class=\"has-inline-color\">O Corre Pelo Sonho (Jo\u00e3o Macedo, 3min, exp., UFBA)&nbsp;<\/mark><\/strong><\/h4>\n\n\n\n<p><strong>Sinopse<\/strong>: Viver de m\u00fasica na &#8220;Cidade da M\u00fasica&#8221; n\u00e3o \u00e9 t\u00e3o simples como parece e &#8220;O Corre Pelo Sonho&#8221; \u00e9 s\u00f3 um retrato, dentre milhares de corres independentes que acontecem na cidade de Salvador e sofrem apagamento com o tempo.<\/p>\n\n\n\n<p><strong>Ficha t\u00e9cnica:<\/strong><br><strong>Dire\u00e7\u00e3o, Roteiro e Montagem:<\/strong> Jo\u00e3o Macedo<br><strong>Orienta\u00e7\u00e3o: <\/strong>Amarante C\u00e9sar<br><strong>Fotografia:<\/strong> Israel Arcanjo<br><strong>M\u00fasica: <\/strong>JotaP\u00ea e Katioro<\/p>\n\n\n\n<p><\/p>\n\n\n\n<figure class=\"wp-block-image\"><img decoding=\"async\" src=\"https:\/\/lh5.googleusercontent.com\/Nw4qb2pq1_gpsyEDKnwCDT-5793KEpi0LUuyHADsanN0xH9SnD7t462TZeRpuJEWEYUJzDPyoZDCsiiVgYGETsRoPza0Q_IAPu8FueQ6cR_u8Q3uKoJjvtAk-09WxKPHP1jZhNerjAApZNtZFz_bu8WYurxJBVF6pgGQ18nzUDr15JsrOEfxOBKeXA\" alt=\"\"\/><\/figure>\n\n\n\n<h4 class=\"wp-block-heading has-text-align-center\"><strong><mark style=\"background-color:rgba(0, 0, 0, 0);color:#ed1567\" class=\"has-inline-color\">Disappointed (Savi, 3min, exp., UFSB)<\/mark><\/strong><\/h4>\n\n\n\n<p><strong>Sinopse<\/strong>: Desenvolvido para a m\u00fasica Disappointed, de Jones Oliveira, o videoclipe acompanha um dia do duro cotidiano de Jon, um rapaz negro que tenta sobreviver ao sistema.<\/p>\n\n\n\n<p><strong>Ficha t\u00e9cnica:<\/strong><br><strong>Dire\u00e7\u00e3o e Montagem:<\/strong> Savi<br><strong>M\u00fasica:<\/strong> Jones Oliveira<br><strong>Roteiro e Produ\u00e7\u00e3o: <\/strong>Carol Freire<\/p>\n\n\n\n<p><\/p>\n\n\n\n<figure class=\"wp-block-image\"><img decoding=\"async\" src=\"https:\/\/lh4.googleusercontent.com\/faiyWzPVbFRZoOPgg8x2vEG0euvlknwwViyxxin95GarpbtS3RPiAzW1xrb9GhtP7j800IwqrcLJenNVTPmnX4OR3NAK8immcDAO_Q_Zbb1ZZ7i6ykQonH1BIwJ-XTlWJ-HOxAIJQ0T0zlqzWJzlOi1HYiOfqsnk9UUv_SQG62bNbUOiMZgu8kkf4g\" alt=\"\"\/><\/figure>\n\n\n\n<h4 class=\"wp-block-heading has-text-align-center\"><strong><mark style=\"background-color:rgba(0, 0, 0, 0);color:#ed1567\" class=\"has-inline-color\">New Houses &#8211; Dj Eric Bessa (Jo\u00e3o Carlos, 3min, exp., UFSB)<\/mark><\/strong><\/h4>\n\n\n\n<p><strong>Sinopse<\/strong>: Periferia como conceito. Do preconceito a poesia. Da precariedade ao valorizado. Forma de enxergar o &#8220;feio&#8221; como belo. Fuga audiovisual massificado para o marginalizado. Corpas trans como protagonista. Do estereotipado ao real. Viv\u00eancias e formas de express\u00e3o art\u00edstica.<\/p>\n\n\n\n<p><strong>Ficha T\u00e9cnica:<\/strong><br><strong>Dirigido e concebido por: <\/strong>Jo\u00e3o Carlos<br><strong>Edi\u00e7\u00e3o e Montagem:<\/strong> Jo\u00e3o Carlos<br><strong>Vfx e Coloriza\u00e7\u00e3o:<\/strong> Jo\u00e3o Carlos<br><strong>Opera\u00e7\u00e3o de C\u00e2mera:<\/strong> Jo\u00e3o Carlos E Caz \u00c2ngela<br><strong>Track:<\/strong> Eric Bessa<br><strong>Mixagem e Masteriza\u00e7\u00e3o:<\/strong> Eric Bessa<br><strong>Orienta\u00e7\u00e3o:<\/strong> Marcelo Wasem<br><strong>Participa\u00e7\u00e3o:<\/strong> Ariel Dos Santos, Gabriel Alves<\/p>\n\n\n\n<figure class=\"wp-block-image\"><img decoding=\"async\" src=\"https:\/\/lh3.googleusercontent.com\/Ole2PJ5YAnhgdJBZwaALl6XfIGcjLDRgv9s_5WekcilroVrAjs9eM-85F2HL0jNczbN4tO8nXkFie-0c2Vs9Pxj_lO_hk1QkRnoHPy0AR98s24KdXkHJxgmWrf8f1cv6maNqukl3vb_WmuYqPAJsb8cCg5InRH8o21h_62fHq0lYhX2GDtt-vBVDRg\" alt=\"\"\/><\/figure>\n\n\n\n<h4 class=\"wp-block-heading has-text-align-center\"><strong><mark style=\"background-color:rgba(0, 0, 0, 0);color:#ed1567\" class=\"has-inline-color\">Ternos e Sambas (Juvenal J\u00fanior, 7min., doc., UFRB)<\/mark><\/strong><\/h4>\n\n\n\n<p><strong>Sinopse<\/strong>: O document\u00e1rio apresenta em sua narrativa o resgate da festa de Terno de Reis Magos e Samba de Roda Rural no distrito de Tiquaru\u00e7u, munic\u00edpio de Feira de Santana \u2013 BA, atrav\u00e9s de fragmentos de imagens dos grupos Reisado Estrela de Bel\u00e9m e Samba de Roda Brilhantes de Irar\u00e1. A manifesta\u00e7\u00e3o cultural \u00e9 datada de mais de 200 anos. O doc busca dar visibilidade e reconhecimento aos verdadeiros fazedores dessa cultura e arte no sert\u00e3o Baiano atrav\u00e9s de suas pr\u00f3prias imagens e palavras, preservando assim a identidade cultural deste povo que por vezes, s\u00f3 \u00e9 reconhecido por seu trabalho bra\u00e7al rural do plantio e da colheita. Deste modo, \u00e9 refor\u00e7ada a oralidade e suas manifesta\u00e7\u00f5es culturais como fonte adicional de pesquisa e registro hist\u00f3rico, afinal, nosso maior patrim\u00f4nio \u00e9 nossa cultura.<\/p>\n\n\n\n<p><strong>Ficha t\u00e9cnica:<\/strong><br><strong>Dire\u00e7\u00e3o e Dire\u00e7\u00e3o de Fotografia:<\/strong> Juvenal Junior<br><strong>Produ\u00e7\u00e3o: <\/strong>Asa Filho e Vitor Batista<br><strong>Edi\u00e7\u00e3o:<\/strong> Juvenal Junior<br><strong>Dire\u00e7\u00e3o de Arte:<\/strong> Maria das Merc\u00eas<br><strong>Corre\u00e7\u00e3o de Cor:<\/strong> Juvenal Junior<\/p>\n","protected":false},"excerpt":{"rendered":"<p>Os filmes selecionados para esta sess\u00e3o ser\u00e3o exibidos no dia 27\/11, a partir das 17h, no Col\u00e9gio Estadual Dr\u00ba Ant\u00f4nio Ricaldi. Para conferir a toda a programa\u00e7\u00e3o resumida, clique aqui. Conhe\u00e7a a sess\u00e3o na \u00edntegra: A menina que escolheu seu pr\u00f3prio nome (Let\u00edcia da Hora, 13 min, doc., UESB) Sinopse: Balaio, cantora de Vit\u00f3ria da&hellip; <a class=\"more-link\" href=\"https:\/\/imaginacircuito.com\/festa\/mostras\/solta-o-som\/\">Continuar lendo <span class=\"screen-reader-text\">Solta o som!<\/span><\/a><\/p>\n","protected":false},"author":4,"featured_media":0,"parent":11,"menu_order":3,"comment_status":"closed","ping_status":"closed","template":"","meta":{"extendify_custom_stylesheet":"","bgseo_title":"","bgseo_description":"","bgseo_robots_index":"index","bgseo_robots_follow":"follow","footnotes":""},"class_list":["post-761","page","type-page","status-publish","hentry","entry"],"_links":{"self":[{"href":"https:\/\/imaginacircuito.com\/festa\/wp-json\/wp\/v2\/pages\/761","targetHints":{"allow":["GET"]}}],"collection":[{"href":"https:\/\/imaginacircuito.com\/festa\/wp-json\/wp\/v2\/pages"}],"about":[{"href":"https:\/\/imaginacircuito.com\/festa\/wp-json\/wp\/v2\/types\/page"}],"author":[{"embeddable":true,"href":"https:\/\/imaginacircuito.com\/festa\/wp-json\/wp\/v2\/users\/4"}],"replies":[{"embeddable":true,"href":"https:\/\/imaginacircuito.com\/festa\/wp-json\/wp\/v2\/comments?post=761"}],"version-history":[{"count":11,"href":"https:\/\/imaginacircuito.com\/festa\/wp-json\/wp\/v2\/pages\/761\/revisions"}],"predecessor-version":[{"id":1257,"href":"https:\/\/imaginacircuito.com\/festa\/wp-json\/wp\/v2\/pages\/761\/revisions\/1257"}],"up":[{"embeddable":true,"href":"https:\/\/imaginacircuito.com\/festa\/wp-json\/wp\/v2\/pages\/11"}],"wp:attachment":[{"href":"https:\/\/imaginacircuito.com\/festa\/wp-json\/wp\/v2\/media?parent=761"}],"curies":[{"name":"wp","href":"https:\/\/api.w.org\/{rel}","templated":true}]}}