{"id":755,"date":"2022-10-31T16:33:38","date_gmt":"2022-10-31T19:33:38","guid":{"rendered":"https:\/\/imaginacircuito.com\/festa\/?page_id=755"},"modified":"2023-04-24T17:56:57","modified_gmt":"2023-04-24T20:56:57","slug":"cinema-memorias-e-afetos","status":"publish","type":"page","link":"https:\/\/imaginacircuito.com\/festa\/mostras\/cinema-memorias-e-afetos\/","title":{"rendered":"Cinema, Mem\u00f3rias e Afetos"},"content":{"rendered":"\n<p>Os filmes selecionados para esta sess\u00e3o ser\u00e3o exibidos no dia 25\/11, a partir das 18h30, no Col\u00e9gio Estadual Dr\u00ba Ant\u00f4nio Ricaldi. Para conferir a toda a programa\u00e7\u00e3o resumida, <strong><a rel=\"noreferrer noopener\" href=\"https:\/\/imaginacircuito.com\/festa\/programacao-resumida\/\" data-type=\"URL\" data-id=\"https:\/\/imaginacircuito.com\/festa\/programacao-resumida\/\" target=\"_blank\">clique aqui<\/a>.<\/strong> <\/p>\n\n\n\n<p class=\"has-text-align-center\"><strong><mark style=\"background-color:rgba(0, 0, 0, 0);color:#602f75\" class=\"has-inline-color\">Conhe\u00e7a a sess\u00e3o na \u00edntegra:<\/mark><\/strong> <\/p>\n\n\n\n<figure class=\"wp-block-image\"><img decoding=\"async\" src=\"https:\/\/lh4.googleusercontent.com\/wAbHNoV_FzOa9qIoyVGXzqa074UbD3fZ3w4z3CwFMkIlxvvQEjqr5-CObb_WRmMeUHu6A3If5goSBw_SHJ3X_gTf2djHrMsrouHnr-j4eGkEPCPFmAiLkZ8G4UMyYpij7YgmzINHx5n1hNp5HGdWWs8HTU3hJq5E5lDfw_d9f0MEjqSgDtQf0LYPDw\" alt=\"\"\/><\/figure>\n\n\n\n<h4 class=\"wp-block-heading alignwide has-text-align-center\"><strong><mark style=\"background-color:rgba(0, 0, 0, 0);color:#ed1567\" class=\"has-inline-color\">Para Al\u00e9m das Trag\u00e9dias (Rafael Oliveira, 9min, doc., UFRB)<\/mark><\/strong><\/h4>\n\n\n\n<p class=\"has-text-align-left\"><strong>Sinopse<\/strong>: Rememorando a inf\u00e2ncia e rela\u00e7\u00e3o com sua m\u00e3e, um estudante de cinema tenta entender a origem de seu amor por cinema e trag\u00e9dias.<\/p>\n\n\n\n<p><strong>Ficha t\u00e9cnica:<\/strong><br><strong>Dire\u00e7\u00e3o, Roteiro e Montagem:<\/strong> Rafael Oliveira<\/p>\n\n\n\n<p><\/p>\n\n\n\n<figure class=\"wp-block-image\"><img decoding=\"async\" src=\"https:\/\/lh3.googleusercontent.com\/ljmKrpyviVQO9f6rfzSji8D6jCLGJGMX82L8EY53U-Yo4Fc8oTeHjaqqRptGmN4_vfNT4eit2kC5nvE3ZObi7P9cySwsR39qt_I6BUB39ey9kq2VGkEhcLqNEoDOmdgMGpL79TYohQkcOXzNyTKI7JnV98FkpIodtrqVEAcWxWZy8EIyj-sbCq5W3Q\" alt=\"\"\/><\/figure>\n\n\n\n<h4 class=\"wp-block-heading has-text-align-center\"><strong><mark style=\"background-color:rgba(0, 0, 0, 0);color:#ed1567\" class=\"has-inline-color\">O Fogo (Rafaela Uchoa, 5min, fic., UFBA)<\/mark><\/strong><\/h4>\n\n\n\n<p><strong>Sinopse<\/strong>: Em 2032, a terra est\u00e1 virando um local in\u00f3spito para a humanidade. Clara recebe a cientista intergal\u00e1ctica Simone que lhe tr\u00e1s um alerta.<\/p>\n\n\n\n<p><strong>Ficha t\u00e9cnica:<\/strong><br><strong>Dire\u00e7\u00e3o, roteiro, dire\u00e7\u00e3o de fotografia, produ\u00e7\u00e3o e edi\u00e7\u00e3o: <\/strong>Rafaela Uchoa<br><strong>Trilha original:<\/strong> Rebeca Matta<br><strong>Colorgrading:<\/strong> Leonardo Drehmer<br><strong>Anima\u00e7\u00e3o:<\/strong> Angelo Thomaz<\/p>\n\n\n\n<p><\/p>\n\n\n\n<figure class=\"wp-block-image\"><img decoding=\"async\" src=\"https:\/\/lh4.googleusercontent.com\/fFTqCNeHR8hh7ue730P-VJr6GybQqnOrk_PYmMPOB47oTEnCywQynpKjVFwbvnJ2oMiRVaErYWdCg23fUXqpXnqVryAmxMWUuTgRioj7RERv18p28cfFQTp8VF3VwMK8xas9oSMH643TejJ2DPUHr_FKJT3yT0oXK0uA_5jU7GMY0Wj2nT-z-tzCbg\" alt=\"\"\/><\/figure>\n\n\n\n<h4 class=\"wp-block-heading has-text-align-center\"><strong><mark style=\"background-color:rgba(0, 0, 0, 0);color:#ed1567\" class=\"has-inline-color\">Me fiz poesia (Ariel dos Santos, 7min, exp., UFSB)<\/mark><\/strong><\/h4>\n\n\n\n<p><strong>Sinopse<\/strong>: me fiz poesia \u00e9 um v\u00eddeo-arte que fala sobre viv\u00eancias travestis. amor e luta. atrav\u00e9s de uma colet\u00e2nea de poesias autorais e cenas sens\u00edveis, a artista ariel dos santos constr\u00f3i um di\u00e1logo potente, calmo e \u00fanico sobre sua busca por um amor tranquilo e sincero com seu corpo na aus\u00eancia de outros amores e olhares.&nbsp; quando o amor vai embora o que resta?<\/p>\n\n\n\n<p><strong>Ficha t\u00e9cnica:&nbsp;<\/strong><br><strong>poesia e voz:<\/strong> ariel dos santos<br><strong>montagem e edi\u00e7\u00e3o:<\/strong> ariel dos santos<br><strong>produ\u00e7\u00e3o sonora:<\/strong> gap\u00ea<br><strong>participa\u00e7\u00e3o especial:<\/strong> m\u00e1rcia dos santos e rafa bebiano&nbsp;<br><strong>cr\u00e9ditos:<\/strong> m\u00fasica \u201cmulher\u201d &#8211; linn da quebrada<\/p>\n\n\n\n<p><\/p>\n\n\n\n<figure class=\"wp-block-image\"><img decoding=\"async\" src=\"https:\/\/lh4.googleusercontent.com\/mNdeTjgjEPw6_oaXgMCh6RY4QNVdEDl-dQ810oRImzNwgKc-O42IY7-qXskJUmvlc4m0C9qB6y6WDG43wBKYDNmt1u4skkBPR8AO39MuCoClvzA9nw7cvugoOb0DJMgds2wsLGUVeFcGyTe4i_xXUBalnb-5g0mAv-vc8FHqZUXypHmA-qEAl7ss8Q\" alt=\"\"\/><\/figure>\n\n\n\n<h4 class=\"wp-block-heading has-text-align-center\"><strong><mark style=\"background-color:rgba(0, 0, 0, 0);color:#ed1567\" class=\"has-inline-color\">Poda. (Jo\u00e3o Carlos, 4min, fic., UFSB)<\/mark><\/strong><\/h4>\n\n\n\n<p class=\"has-text-align-left\"><strong>Sinopse<\/strong>: Poda. \u00e9 o nascimento da digest\u00e3o de quatro relatos que, pertencentes a diferentes contextos, est\u00e3o imersos em uma sociedade patriarcal (longe de ser superada), na qual resistem \u00e0 supress\u00e3o e lutam pela liberdade feminina coletiva, ainda que compreendam suas singularidades.<\/p>\n\n\n\n<p><strong>Ficha t\u00e9cnica:<\/strong><br><strong>Elenco:<\/strong> Carol Freire<br><strong>Texto e roteiro:<\/strong> Carol Freire<br><strong>Dire\u00e7\u00e3o e edi\u00e7\u00e3o:<\/strong> Jo\u00e3o Carlos<br><strong>Assistente de dire\u00e7\u00e3o:<\/strong> Let\u00edcia Padilha<br><strong>Mixagem e Masteriza\u00e7\u00e3o: <\/strong>Eric Bessa<\/p>\n\n\n\n<p><em>V\u00eddeo-carta baseada nos relatos de Ariel dos Santos, Bianca Vit\u00f3ria, Carol Freire e Sabrina Santos.&nbsp;<\/em><\/p>\n\n\n\n<p><\/p>\n\n\n\n<figure class=\"wp-block-image\"><img decoding=\"async\" src=\"https:\/\/lh6.googleusercontent.com\/07nBBCHt0iAWHsHBhIhGvNkNh5W7wcBil9hSMBvCjIG0Pcc-7sCzYpDkfoOa51EcH-JeflH6Jm7dGCnibDLlq90gwly-mEPczyLmVbIWpy0TMfaw9IDcBqW4OA1irIcVuGLCLK5blfWedflu2XkXSLN1aLkYOE99z8MqGzxweXQDgivB0-6EIMj6Dw\" alt=\"\"\/><\/figure>\n\n\n\n<h4 class=\"wp-block-heading has-text-align-center\"><strong><mark style=\"background-color:rgba(0, 0, 0, 0);color:#ed1567\" class=\"has-inline-color\">Mem\u00f3rias (Geralda Bispo de Jesus, 4min, exp., UFSB)<\/mark><\/strong><\/h4>\n\n\n\n<p><strong>Sinopse<\/strong>: Domingos, um pai r\u00edgido, vaqueiro e sonhador. Um dos seus objetivos de vida: se aposentar e morar na cidade, sem as preocupa\u00e7\u00f5es com os trabalhos de fazenda. Mas, alguns sonhos s\u00e3o imposs\u00edveis. A doen\u00e7a n\u00e3o avisa da sua chegada.&nbsp;<\/p>\n\n\n\n<p><strong>Ficha t\u00e9cnica:<\/strong><br><strong>Roteiro, dire\u00e7\u00e3o e edi\u00e7\u00e3o<\/strong>: Geralda Bispo de Jesus<br><strong>Imagens: <\/strong>Daiane Bispo de Jesus<br><strong>Orienta\u00e7\u00e3o:<\/strong> Joana Brand\u00e3o<\/p>\n\n\n\n<p><\/p>\n\n\n\n<figure class=\"wp-block-image\"><img decoding=\"async\" src=\"https:\/\/lh4.googleusercontent.com\/tpucxCpdxEtcCbUeq3c_euAfG4h1iEkH3rsgfrFEQu3rhTn5fc8-5zQPX2-7MAi_KUzJUhm1lk2Fq1-IjP3PNIudpY970j7RdzEVt5jNTjDTqpoSn61Yk9dCVcR_J5fBsJZGwR-OSFywA-uOWzT7UIGZ-aSrk-kSQaUgwiVuMqvsHmIqySb3RQbdCQ\" alt=\"\"\/><\/figure>\n\n\n\n<h4 class=\"wp-block-heading has-text-align-center\"><strong><mark style=\"background-color:rgba(0, 0, 0, 0);color:#ed1567\" class=\"has-inline-color\">P\u00e9 de L\u00e2mpada (Beatriz Dantas, 10min, doc., UFRB)<\/mark><\/strong><\/h4>\n\n\n\n<p><strong>Sinopse<\/strong>: Raiz. Tronco. Copa. Um passeio pela ro\u00e7a e pelas mem\u00f3rias de um casal que decidiu deixar a capital e voltar a viver na zona rural de Santan\u00f3polis, no sert\u00e3o da Bahia. Tudo que eles plantaram e constru\u00edram \u00e9 amor e \u00e9 hist\u00f3ria.<\/p>\n\n\n\n<p><strong>Ficha t\u00e9cnica:<\/strong><br><strong>Dire\u00e7\u00e3o: <\/strong>Beatriz Dantas<br><strong>Produ\u00e7\u00e3o: <\/strong>Beatriz Dantas<br><strong>Roteiro:<\/strong> Beatriz Dantas<br><strong>Fotografia:<\/strong> Beatriz Dantas<br><strong>Edi\u00e7\u00e3o de som:<\/strong> Beatriz Dantas e Tais Dantas<br><strong>Ass. de produ\u00e7\u00e3o: <\/strong>Rafael Cerqueira<br><strong>Ass. de Fotografia:<\/strong> Rafael Cerqueira<br><strong>Montagem: <\/strong>Beatriz Dantas<\/p>\n\n\n\n<p><\/p>\n\n\n\n<figure class=\"wp-block-image\"><img decoding=\"async\" src=\"https:\/\/lh5.googleusercontent.com\/nyqicmvHkvvqPaVfjTRfj929vZ401-91Z3wuqnV9F5_9BobAHL1xL_48N4uwt0nuafnMXN8LoDM3JDMny_oOrNaJ8rzlmFNTfLXq4TqBKkuXKK-bu9kOg_vWX5wOPBFqvMoaOX81JORhzzceoM7ozQnWgL4P6pl5uG_4IRoGpa18NY0Ez2DHPQKfTw\" alt=\"\"\/><\/figure>\n\n\n\n<h4 class=\"wp-block-heading alignwide has-text-align-center\"><strong><mark style=\"background-color:rgba(0, 0, 0, 0);color:#ed1567\" class=\"has-inline-color\">Os Dias Com Voc\u00ea (Let\u00edcia Cristina e Luan Santos, 4min., doc., UFRB)<\/mark><\/strong><\/h4>\n\n\n\n<p><strong>Sinopse<\/strong>: Em meio a uma pandemia, um casal se prepara para a inevit\u00e1vel despedida, e ter\u00e3o que conviver com a saudades um do outro.<\/p>\n\n\n\n<p><strong>Ficha t\u00e9cnica:<\/strong><br><strong>Dire\u00e7\u00e3o Geral: <\/strong>Let\u00edcia Cristina e Luan Santos<br><strong>Produ\u00e7\u00e3o:<\/strong> Let\u00edcia Cristina e Luan Santos<br><strong>Roteiro: <\/strong>Let\u00edcia Cristina e Luan Santos<br><strong>Dire\u00e7\u00e3o de Fotografia:<\/strong> Let\u00edcia Cristina e Luan Santos<br><strong>Montagem:<\/strong> Let\u00edcia Cristina e Luan Santos<br><strong>Atriz: <\/strong>Let\u00edcia Cristina<br><strong>Ator:<\/strong>&nbsp; Luan Santos<br><strong>Arte:<\/strong> Let\u00edcia Cristina e Luan Santos<br><strong>Trilha sonora:<\/strong> Miguel Caligari<br><strong>Assistente de set:<\/strong> Larissa Vit\u00f3ria<br><strong>Cartaz:<\/strong> Luciano Maciel<\/p>\n\n\n\n<p><\/p>\n\n\n\n<figure class=\"wp-block-image\"><img decoding=\"async\" src=\"https:\/\/lh5.googleusercontent.com\/VY2-YFyo1Q1MkzGWb4uSbxWDNpWClffkkKrgBrmQBLevw7SS5OG7EoH2sqNKzhq39sTgpFZWD_f8GrXL4UlJ5RXrjPR1x22ViFkEj-khGskNq9_pMrFj6T0HRvMgYCnrM7EQwia5fFaa_RT9Vx9kGB9S9F0Q1YzCkddDNA2PhQ0MCoYyYYj4VDDsdA\" alt=\"\"\/><\/figure>\n\n\n\n<h4 class=\"wp-block-heading has-text-align-center\"><strong><mark style=\"background-color:rgba(0, 0, 0, 0);color:#ed1567\" class=\"has-inline-color\">Amaro (Ot\u00e1vio Concei\u00e7\u00e3o, 6min, doc., UFRB)<\/mark><\/strong><\/h4>\n\n\n\n<p><strong>Sinopse<\/strong>: &#8220;Eu tinha visto todos os filmes e lido todos os livros. Est\u00e1vamos apenas seguindo o enredo.&#8221; &#8211; Rachel Rostad<\/p>\n\n\n\n<p><strong>Ficha t\u00e9cnica:<\/strong><br><strong>Dire\u00e7\u00e3o e Roteiro: <\/strong>Ot\u00e1vio Concei\u00e7\u00e3o<br><strong>Edi\u00e7\u00e3o e cor:<\/strong> Luan Jave<br><strong>Fotografia:<\/strong> Luan Jave<br><strong>Tradu\u00e7\u00e3o:<\/strong> Janderson Santos<br><strong>Narra\u00e7\u00e3o:<\/strong> Icaro Cavalcante<\/p>\n\n\n\n<p><\/p>\n\n\n\n<figure class=\"wp-block-image\"><img decoding=\"async\" src=\"https:\/\/lh3.googleusercontent.com\/CS34Pi_mTgljveGvzdvWJOei8koC3n6rZiW2AHEkVryre1CCJ0dwnLlerO_1D4Pgg44ZugkV9OlQiZVMot-voi3q7VnIyzYZiM9YgwGIXqLQk5GbRYOARyjal2iEPaIxS8ukNcAeNc9zkWQZm4ZJ57pv5mBUO4TaM67MIMhKDcqCyFYr8tAgW1gGGA\" alt=\"\"\/><\/figure>\n\n\n\n<h4 class=\"wp-block-heading has-text-align-center\"><strong><mark style=\"background-color:rgba(0, 0, 0, 0);color:#ed1567\" class=\"has-inline-color\">T\u00e1 Fazendo Sab\u00e3o (Ianca Oliveira, 6min, doc., UFRB)<\/mark><\/strong><\/h4>\n\n\n\n<p><strong>Sinopse<\/strong>: T\u00e1 Fazendo Sab\u00e3o \u00e9 um filme ensa\u00edstico que retrata a constru\u00e7\u00e3o da identidade e sexualidade da crian\u00e7a preta sapat\u00e3o. Narrado e documentado em primeira pessoa, o curta apresenta em sua trama os v\u00ednculos afetivos que unem a garotinha moleque macho \u00e0s mulheres negras de sua fam\u00edlia em uma performance atemporal e surrealista.<\/p>\n\n\n\n<p><strong>Ficha t\u00e9cnica:<\/strong><br><strong>Atriz:<\/strong> Ianca Oliveira<br><strong>Roteiro:<\/strong> Ianca Oliveira&nbsp;<br><strong>Dire\u00e7\u00e3o:<\/strong> Ianca Oliveira&nbsp;<br><strong>Dire\u00e7\u00e3o de Arte<\/strong>: Jaci Lima<br><strong>Dire\u00e7\u00e3o de Fotografia:<\/strong> Jaci Lima<br><strong>Dire\u00e7\u00e3o de Som:<\/strong> Ianca Oliveira<br><strong>Narra\u00e7\u00e3o: <\/strong>Ianca Oliveira&nbsp;<br><strong>Montagem:<\/strong> Ianca Oliveira<br><strong>Produ\u00e7\u00e3o: <\/strong>Ianca Oliveira e Jaci Lima<br><strong>Realiza\u00e7\u00e3o:<\/strong> Pavio Curto Produ\u00e7\u00f5es<\/p>\n","protected":false},"excerpt":{"rendered":"<p>Os filmes selecionados para esta sess\u00e3o ser\u00e3o exibidos no dia 25\/11, a partir das 18h30, no Col\u00e9gio Estadual Dr\u00ba Ant\u00f4nio Ricaldi. Para conferir a toda a programa\u00e7\u00e3o resumida, clique aqui. Conhe\u00e7a a sess\u00e3o na \u00edntegra: Para Al\u00e9m das Trag\u00e9dias (Rafael Oliveira, 9min, doc., UFRB) Sinopse: Rememorando a inf\u00e2ncia e rela\u00e7\u00e3o com sua m\u00e3e, um estudante&hellip; <a class=\"more-link\" href=\"https:\/\/imaginacircuito.com\/festa\/mostras\/cinema-memorias-e-afetos\/\">Continuar lendo <span class=\"screen-reader-text\">Cinema, Mem\u00f3rias e Afetos<\/span><\/a><\/p>\n","protected":false},"author":4,"featured_media":0,"parent":11,"menu_order":0,"comment_status":"closed","ping_status":"closed","template":"","meta":{"extendify_custom_stylesheet":"","bgseo_title":"","bgseo_description":"","bgseo_robots_index":"index","bgseo_robots_follow":"follow","footnotes":""},"class_list":["post-755","page","type-page","status-publish","hentry","entry"],"_links":{"self":[{"href":"https:\/\/imaginacircuito.com\/festa\/wp-json\/wp\/v2\/pages\/755","targetHints":{"allow":["GET"]}}],"collection":[{"href":"https:\/\/imaginacircuito.com\/festa\/wp-json\/wp\/v2\/pages"}],"about":[{"href":"https:\/\/imaginacircuito.com\/festa\/wp-json\/wp\/v2\/types\/page"}],"author":[{"embeddable":true,"href":"https:\/\/imaginacircuito.com\/festa\/wp-json\/wp\/v2\/users\/4"}],"replies":[{"embeddable":true,"href":"https:\/\/imaginacircuito.com\/festa\/wp-json\/wp\/v2\/comments?post=755"}],"version-history":[{"count":10,"href":"https:\/\/imaginacircuito.com\/festa\/wp-json\/wp\/v2\/pages\/755\/revisions"}],"predecessor-version":[{"id":1001,"href":"https:\/\/imaginacircuito.com\/festa\/wp-json\/wp\/v2\/pages\/755\/revisions\/1001"}],"up":[{"embeddable":true,"href":"https:\/\/imaginacircuito.com\/festa\/wp-json\/wp\/v2\/pages\/11"}],"wp:attachment":[{"href":"https:\/\/imaginacircuito.com\/festa\/wp-json\/wp\/v2\/media?parent=755"}],"curies":[{"name":"wp","href":"https:\/\/api.w.org\/{rel}","templated":true}]}}