{"id":7,"date":"2021-06-29T17:34:02","date_gmt":"2021-06-29T20:34:02","guid":{"rendered":"https:\/\/imaginacircuito.com\/festa\/?page_id=7"},"modified":"2025-08-13T12:04:18","modified_gmt":"2025-08-13T15:04:18","slug":"ficha-tecnica","status":"publish","type":"page","link":"https:\/\/imaginacircuito.com\/festa\/ficha-tecnica\/","title":{"rendered":"Ficha t\u00e9cnica"},"content":{"rendered":"\n<div style=\"height:7px\" aria-hidden=\"true\" class=\"wp-block-spacer\"><\/div>\n\n\n\n<p class=\"has-text-align-center\"><em>&nbsp;O VI F.EST.A conta com o apoio da Pr\u00f3-Reitoria de Extens\u00e3o e Cultura da UFSB por meio do EDITAL PROEX <em>N\u00ba<\/em> 01\/2024 e EDITAL PROEX N\u00ba 001\/2025 (PAAC).<\/em><\/p>\n\n\n\n<p><strong>VI F.EST.A &#8211; Festival Estudantil de Audiovisual<\/strong><br>De 11 a 13 de setembro de 2025<\/p>\n\n\n\n<p><strong>Realiza\u00e7\u00e3o:<br><\/strong>Imagina! Circuito Permanente de Audiovisual<br>Centro de Forma\u00e7\u00e3o em Artes e Comunica\u00e7\u00e3o (CFAC\/UFSB)<br>Pr\u00f3-Reitoria de Extens\u00e3o e Cultura (PROEX\/UFSB)<\/p>\n\n\n\n<p><strong>Apoio:<br><\/strong>Centro Estadual de Educa\u00e7\u00e3o Profissional 2 de Julho<br>SESC Porto Seguro<\/p>\n\n\n\n<p><strong>Coordena\u00e7\u00e3o geral:<br><\/strong>S\u00e9rgio Cerqueda<br>Cristiane Lima<br>Clarissa Santos<\/p>\n\n\n\n<p><strong>Comiss\u00e3o de sele\u00e7\u00e3o e curadoria: <\/strong><br>Cristiane Lima<br>Joana Brand\u00e3o Tavares<br>Danilo Ornelas<br>Luana Martins Nogueira<br>Carolina Carlos Aiala<br>Ra\u00edssa Tamassia C\u00f4rtes<\/p>\n\n\n\n<p><strong>Cineastas convidados:<\/strong><br>Jaime Guimar\u00e3es (Tronxo Filmes &#8211; Campina Grande, PB)<br>Jheyds Kann (Coletivo Nupomar &#8211; Porto Seguro, BA)<\/p>\n\n\n\n<p><strong>Bolsista (em 2025):<br><\/strong>Kaique Cruz<\/p>\n\n\n\n<p><strong>Arte gr\u00e1fica:<\/strong><br>Kaique Cruz<br>Clarissa Santos<br>Cristiane Lima<\/p>\n\n\n\n<p><strong>Site:<br><\/strong>Ariane Stolfi<br>Cristiane Lima<\/p>\n\n\n\n<p><strong>Curadoria Exposi\u00e7\u00e3o Ybrida:<\/strong><br>emydy\u00f4<\/p>\n\n\n\n<p><strong>Colaboradores\/as (em 2025):<\/strong><br>Joana Brand\u00e3o Tavares<br>Danilo Ornelas<br>Joana Aranha Moncau<br>Nicolle Oliveira Nascimento Delacruz <br>Ra\u00edssa Tamassia C\u00f4rtes<br>Igor Sinopoli Trindade<\/p>\n\n\n\n<p><strong>Agradecimentos<\/strong>:<br>SESC Porto Seguro<br>CEEP 2 de Julho<br>Ra\u00edssa Tamassia C\u00f4rtes<br>Ariane Stolfi<br><br><strong><mark style=\"background-color:rgba(0, 0, 0, 0)\" class=\"has-inline-color has-black-color\">Imagina! Circuito Permanente de Audiovisual<\/mark><\/strong><br>Site: imaginacircuito.com\/festa<br><mark style=\"background-color:rgba(0, 0, 0, 0)\" class=\"has-inline-color has-black-color\">Email: <a href=\"mailto:imaginacircuito@gmail.com\">imaginacircuito@gmail.com<\/a>\u00a0<br>Facebook: facebook.com\/imaginacircuito<br><\/mark>Instagram: @imagina_circuito<\/p>\n\n\n\n<p><strong>S\u00e9rgio Cerqueda<\/strong> &#8211; <a href=\"mailto:sergio.cerqueda@csc.ufsb.edu.br\">sergio.cerqueda@csc.ufsb.edu.br<\/a>  <br><strong><mark style=\"background-color:rgba(0, 0, 0, 0)\" class=\"has-inline-color has-black-color\">Cristiane Lima &#8211; <\/mark><\/strong><mark style=\"background-color:rgba(0, 0, 0, 0)\" class=\"has-inline-color has-black-color\"><a href=\"mailto:crislima@csc.ufsb.edu.br\">crislima@csc.ufsb.edu.br<\/a>&nbsp;<\/mark><br><strong><mark style=\"background-color:rgba(0, 0, 0, 0)\" class=\"has-inline-color has-black-color\">Clarissa Santos &#8211; <\/mark><\/strong><mark style=\"background-color:rgba(0, 0, 0, 0)\" class=\"has-inline-color has-black-color\"><a href=\"mailto:clarissa@csc.ufsb.edu.br\">clarissa@csc.ufsb.edu.br<\/a>&nbsp;<\/mark><\/p>\n\n\n\n<p><mark style=\"background-color:rgba(0, 0, 0, 0)\" class=\"has-inline-color has-black-color\"><strong>Universidade Federal do Sul da Bahia<\/strong> | <strong>Centro de Forma\u00e7\u00e3o em Artes e Comunica\u00e7\u00e3o<\/strong> <strong>&#8211; CFAC<\/strong><\/mark><br><mark style=\"background-color:rgba(0, 0, 0, 0)\" class=\"has-inline-color has-black-color\">Campus Sos\u00edgenes Costa \u2013 Rodovia Porto Seguro-Eun\u00e1polis-BA, BR-367 \u2013 km 10 \u2013 CEP 45810-000 <br>Fone: (73) 3288-8427 | Email: <a href=\"mailto:cfartes@ufsb.edu.br\">cfartes@ufsb.edu.br<\/a> <\/mark><br><mark style=\"background-color:rgba(0, 0, 0, 0)\" class=\"has-inline-color has-black-color\"><a href=\"http:\/\/ufsb.edu.br\/cfartes\">ufsb.edu.br\/cfartes<\/a><\/mark><\/p>\n\n\n\n<p><\/p>\n","protected":false},"excerpt":{"rendered":"<p>&nbsp;O VI F.EST.A conta com o apoio da Pr\u00f3-Reitoria de Extens\u00e3o e Cultura da UFSB por meio do EDITAL PROEX N\u00ba 01\/2024 e EDITAL PROEX N\u00ba 001\/2025 (PAAC). VI F.EST.A &#8211; Festival Estudantil de AudiovisualDe 11 a 13 de setembro de 2025 Realiza\u00e7\u00e3o:Imagina! Circuito Permanente de AudiovisualCentro de Forma\u00e7\u00e3o em Artes e Comunica\u00e7\u00e3o (CFAC\/UFSB)Pr\u00f3-Reitoria de&hellip; <a class=\"more-link\" href=\"https:\/\/imaginacircuito.com\/festa\/ficha-tecnica\/\">Continuar lendo <span class=\"screen-reader-text\">Ficha t\u00e9cnica<\/span><\/a><\/p>\n","protected":false},"author":1,"featured_media":0,"parent":0,"menu_order":0,"comment_status":"closed","ping_status":"closed","template":"","meta":{"extendify_custom_stylesheet":"","bgseo_title":"","bgseo_description":"","bgseo_robots_index":"index","bgseo_robots_follow":"follow","footnotes":""},"class_list":["post-7","page","type-page","status-publish","hentry","entry"],"_links":{"self":[{"href":"https:\/\/imaginacircuito.com\/festa\/wp-json\/wp\/v2\/pages\/7","targetHints":{"allow":["GET"]}}],"collection":[{"href":"https:\/\/imaginacircuito.com\/festa\/wp-json\/wp\/v2\/pages"}],"about":[{"href":"https:\/\/imaginacircuito.com\/festa\/wp-json\/wp\/v2\/types\/page"}],"author":[{"embeddable":true,"href":"https:\/\/imaginacircuito.com\/festa\/wp-json\/wp\/v2\/users\/1"}],"replies":[{"embeddable":true,"href":"https:\/\/imaginacircuito.com\/festa\/wp-json\/wp\/v2\/comments?post=7"}],"version-history":[{"count":10,"href":"https:\/\/imaginacircuito.com\/festa\/wp-json\/wp\/v2\/pages\/7\/revisions"}],"predecessor-version":[{"id":1603,"href":"https:\/\/imaginacircuito.com\/festa\/wp-json\/wp\/v2\/pages\/7\/revisions\/1603"}],"wp:attachment":[{"href":"https:\/\/imaginacircuito.com\/festa\/wp-json\/wp\/v2\/media?parent=7"}],"curies":[{"name":"wp","href":"https:\/\/api.w.org\/{rel}","templated":true}]}}