{"id":171,"date":"2021-07-20T11:14:57","date_gmt":"2021-07-20T14:14:57","guid":{"rendered":"https:\/\/imaginacircuito.com\/festa\/?page_id=171"},"modified":"2021-09-03T17:54:29","modified_gmt":"2021-09-03T20:54:29","slug":"fabular-o-tempo","status":"publish","type":"page","link":"https:\/\/imaginacircuito.com\/festa\/mostras\/fabular-o-tempo\/","title":{"rendered":"Fabular o tempo"},"content":{"rendered":"\n<p class=\"has-text-align-left\">A mostra exibe um pequeno conjunto de filmes que experimentam fabular hist\u00f3rias, forjar rela\u00e7\u00f5es, muitas vezes brincando com a imagem e suas rela\u00e7\u00f5es temporais. Seja de forma mais documental, ficcional ou l\u00fadica, s\u00e3o filmes que desfiam mem\u00f3rias e desafiam imagin\u00e1rios, (re)inventando(-se) com as imagens e sons.\u00a0<\/p>\n\n\n\n<p><strong>Material did\u00e1tico da Mostra: <a href=\"https:\/\/drive.google.com\/file\/d\/1vwI2G58mFCaIzDbyPW8OeKYbSX4Mz--f\/view?usp=sharing\" data-type=\"URL\" data-id=\"https:\/\/drive.google.com\/file\/d\/1vwI2G58mFCaIzDbyPW8OeKYbSX4Mz--f\/view?usp=sharing\" target=\"_blank\" rel=\"noreferrer noopener\"><span style=\"color:#602f75\" class=\"has-inline-color\">(Des)narrar<\/span><\/a><\/strong><\/p>\n\n\n\n<p class=\"has-text-align-center\"> <strong><span style=\"color:#602f75\" class=\"has-inline-color\">Acesse a Mostra na \u00edntegra:<\/span><\/strong>  <\/p>\n\n\n\n<figure class=\"wp-block-embed is-type-video is-provider-youtube wp-block-embed-youtube wp-embed-aspect-16-9 wp-has-aspect-ratio\"><div class=\"wp-block-embed__wrapper\">\n<iframe loading=\"lazy\" title=\"III.FEST.A - Mostra Fabular O Tempo\" width=\"750\" height=\"422\" src=\"https:\/\/www.youtube.com\/embed\/videoseries?list=PL9bnuUrPbAjy8NHY-m6QHA2WLDJFNjan0\" frameborder=\"0\" allow=\"accelerometer; autoplay; clipboard-write; encrypted-media; gyroscope; picture-in-picture\" allowfullscreen><\/iframe>\n<\/div><\/figure>\n\n\n\n<hr class=\"wp-block-separator\"\/>\n\n\n\n<p class=\"has-text-align-center\"> <strong><span style=\"color:#602f75\" class=\"has-inline-color\">Conhe\u00e7a a Mostra filme a filme: <\/span><\/strong> <\/p>\n\n\n\n<h4 class=\"has-text-align-center wp-block-heading\"><strong><span style=\"color:#ed1567\" class=\"has-inline-color\">Praia dos Tempos (Luan Santos, UFRB, 2021, 10\u201940)<\/span><\/strong><\/h4>\n\n\n\n<figure class=\"wp-block-embed is-type-video is-provider-youtube wp-block-embed-youtube wp-embed-aspect-16-9 wp-has-aspect-ratio\"><div class=\"wp-block-embed__wrapper\">\n<iframe loading=\"lazy\" title=\"Praia dos Tempos (Luan Santos e Let\u00edcia Cristina, UFRB, 2021, 10\u201940)\" width=\"750\" height=\"422\" src=\"https:\/\/www.youtube.com\/embed\/VGPRX-hznjU?feature=oembed\" frameborder=\"0\" allow=\"accelerometer; autoplay; clipboard-write; encrypted-media; gyroscope; picture-in-picture\" allowfullscreen><\/iframe>\n<\/div><\/figure>\n\n\n\n<p style=\"font-size:17px\"><strong>Sinopse:<\/strong> Em uma praia onde as temporalidades se atravessam, Virna experiencia uma jornada de mem\u00f3rias fragmentadas, compartilhamentos e reconcilia\u00e7\u00f5es consigo mesma.<\/p>\n\n\n\n<p style=\"font-size:17px\"><strong>Ficha t\u00e9cnica:<\/strong> <br>Dire\u00e7\u00e3o: Luan Santos <br>Roteiro: Luan Santos <br>Produ\u00e7\u00e3o: Coletivo Canzu\u00e1 e Akanni Obatayie <br>Assistente de dire\u00e7\u00e3o: Analuana <br>Dire\u00e7\u00e3o de fotografia: Let\u00edcia Cristina <br>Dire\u00e7\u00e3o de som: Analuana <br>Dire\u00e7\u00e3o de arte, cabelo e maquiagem: Lia da Fran\u00e7a<br>Continuidade: Nathalia Luz <br>Trilha Sonora: Miguel Caligari <br>Coloriza\u00e7\u00e3o: Luan Santos <br>Cartaz: Ema Ribeiro <br>Atrizes: Virna Oliveira, Luana Oliveira e Lucileide Ferreira<br><br><strong>Contato do\/a realizador\/a: <\/strong>luansferreira6@gmail.com<\/p>\n\n\n\n<p><\/p>\n\n\n\n<h4 class=\"has-text-align-center wp-block-heading\"><strong><span style=\"color:#ed1567\" class=\"has-inline-color\">Lida (Breno Terra, UFSB, 2020, 03\u201929)<\/span><\/strong>&nbsp;<\/h4>\n\n\n\n<figure class=\"wp-block-embed is-type-video is-provider-youtube wp-block-embed-youtube wp-embed-aspect-16-9 wp-has-aspect-ratio\"><div class=\"wp-block-embed__wrapper\">\n<iframe loading=\"lazy\" title=\"LIDA: Trabalhos, Cantos e Rodas | Cambolo\" width=\"750\" height=\"422\" src=\"https:\/\/www.youtube.com\/embed\/A9iTNRnIteI?feature=oembed\" frameborder=\"0\" allow=\"accelerometer; autoplay; clipboard-write; encrypted-media; gyroscope; picture-in-picture\" allowfullscreen><\/iframe>\n<\/div><\/figure>\n\n\n\n<p style=\"font-size:17px\"><strong>Sinopse:<\/strong> Nas passadas da mem\u00f3ria, na puls\u00e3o de um f\u00f4lego ancestral, os saberes que emergem do corpo, da lida, desenham os caminhos de uma exist\u00eancia po\u00e9tica. Lida \u00e9 processo de infind\u00e1veis cruzamentos que me traduzem como sujeito brasileiro.<br><br><strong>Ficha t\u00e9cnica:<\/strong> <br>Fotografia e v\u00eddeo: Annaline Curado e P\u00e2mela Peregrino <br>Concep\u00e7\u00e3o, performance e edi\u00e7\u00e3o: Breno Terra <br>Voz off: Vit\u00f3ria Ferreira da Silva (V\u00f3 Vit\u00f3ria)<br><br><strong>Contato do\/a realizador\/a:<\/strong> <a href=\"mailto:breno.terra@gfe.ufsb.edu.br\">breno.terra@gfe.ufsb.edu.br<\/a><\/p>\n\n\n\n<p><\/p>\n\n\n\n<h4 class=\"has-text-align-center wp-block-heading\"><strong><span style=\"color:#ed1567\" class=\"has-inline-color\">Ben\u00e7a v\u00f4? (Ana Paula Rocha, IF Baiano Senhor do Bonfim, 2021, 05\u201908)<\/span>&nbsp;<\/strong><\/h4>\n\n\n\n<figure class=\"wp-block-embed is-type-video is-provider-youtube wp-block-embed-youtube wp-embed-aspect-16-9 wp-has-aspect-ratio\"><div class=\"wp-block-embed__wrapper\">\n<iframe loading=\"lazy\" title=\"BEN\u00c7A V\u00d4?\" width=\"750\" height=\"422\" src=\"https:\/\/www.youtube.com\/embed\/PZyR6OHlm5g?feature=oembed\" frameborder=\"0\" allow=\"accelerometer; autoplay; clipboard-write; encrypted-media; gyroscope; picture-in-picture\" allowfullscreen><\/iframe>\n<\/div><\/figure>\n\n\n\n<p style=\"font-size:17px\"><strong>Sinopse:<\/strong> O cotidiano simples vivido por este v\u00f4 nordestino, onde seus ensinamentos s\u00e3o passados de gera\u00e7\u00e3o a gera\u00e7\u00e3o.<br><br><strong>Ficha t\u00e9cnica:<\/strong> <br>Produ\u00e7\u00e3o: Ana Paula de Araujo Rocha <br>Local: fazenda Surar\u00e1\/ Andorinha <br>Elenco: Laudelino Alves de Ara\u00fajo, Aluan Ara\u00fajo e Aluana Ara\u00fajo<br><br><strong>Contato do\/a realizador\/a:<\/strong> <a href=\"mailto:anapauladearaujorocha1@gmail.com\">anapauladearaujorocha1@gmail.com<\/a><\/p>\n\n\n\n<p><\/p>\n\n\n\n<h4 class=\"has-text-align-center wp-block-heading\"><strong><span style=\"color:#ed1567\" class=\"has-inline-color\">Dan\u00e7a no Sil\u00eancio (Jhonatan Almeida, UFSB, 2021, 07\u201927)<\/span>&nbsp;<\/strong><\/h4>\n\n\n\n<figure class=\"wp-block-embed is-type-video is-provider-youtube wp-block-embed-youtube wp-embed-aspect-16-9 wp-has-aspect-ratio\"><div class=\"wp-block-embed__wrapper\">\n<iframe loading=\"lazy\" title=\"Dan\u00e7a no Sil\u00eancio (Jhonatan Almeida, UFSB, 2021, 07\u201927)\" width=\"750\" height=\"422\" src=\"https:\/\/www.youtube.com\/embed\/5i4tmaeq3JE?feature=oembed\" frameborder=\"0\" allow=\"accelerometer; autoplay; clipboard-write; encrypted-media; gyroscope; picture-in-picture\" allowfullscreen><\/iframe>\n<\/div><\/figure>\n\n\n\n<p style=\"font-size:17px\"><strong>Sinopse:<\/strong> Em algumas fam\u00edlias a dan\u00e7a \u00e9 um ato de resist\u00eancia, mesmo quando n\u00e3o se tem m\u00fasica, mesmo quando n\u00e3o se tem motivos para dan\u00e7ar.<br><br><strong>Ficha t\u00e9cnica:<\/strong> <br>Dire\u00e7\u00e3o, roteiro e edi\u00e7\u00e3o: Jhonatan Almeida <br>Grava\u00e7\u00e3o: Filip Couto <br>Relatos: Audeni Almeida e Veralucia Almeida<br><br><strong>Contato do\/a realizador\/a:<\/strong> jhonatan_almeida11@hotmail.com<\/p>\n\n\n\n<p><\/p>\n\n\n\n<h4 class=\"has-text-align-center wp-block-heading\"><strong><span style=\"color:#ed1567\" class=\"has-inline-color\">O canto do p\u00e1ssaro (Filip Couto, UFSB, 2020, 07\u201936)<\/span>&nbsp;<\/strong><\/h4>\n\n\n\n<figure class=\"wp-block-embed is-type-video is-provider-youtube wp-block-embed-youtube wp-embed-aspect-16-9 wp-has-aspect-ratio\"><div class=\"wp-block-embed__wrapper\">\n<iframe loading=\"lazy\" title=\"O canto do p\u00e1ssaro (Filip Couto, 2020)\" width=\"750\" height=\"422\" src=\"https:\/\/www.youtube.com\/embed\/tdoV_bZkbsQ?feature=oembed\" frameborder=\"0\" allow=\"accelerometer; autoplay; clipboard-write; encrypted-media; gyroscope; picture-in-picture\" allowfullscreen><\/iframe>\n<\/div><\/figure>\n\n\n\n<p style=\"font-size:17px\"><strong>Sinopse: <\/strong>O canto do p\u00e1ssaro nasce nos cantos: no canto de passagem que leva ao c\u00e9u, onde tudo que passa \u00e9 p\u00e1ssaro e todo p\u00e1ssaro est\u00e1 de passagem e no canto do p\u00e1ssaro que fica no canto.<br><br><strong>Ficha t\u00e9cnica:<\/strong> <br>Dire\u00e7\u00e3o, performance, v\u00eddeo e texto: Filip Couto<br><br><strong>Contato do\/a realizador\/a:<\/strong> <a href=\"mailto:filc@outlook.com\">filc@outlook.com<\/a><\/p>\n\n\n\n<h4 class=\"has-text-align-center wp-block-heading\"><strong><span style=\"color:#ed1567\" class=\"has-inline-color\">Pelos Outros (Duba, UESB, 2020, 09\u201959)<\/span><\/strong><\/h4>\n\n\n\n<figure class=\"wp-block-embed is-type-video is-provider-youtube wp-block-embed-youtube wp-embed-aspect-16-9 wp-has-aspect-ratio\"><div class=\"wp-block-embed__wrapper\">\n<iframe loading=\"lazy\" title=\"Pelos Outros (Duba, UESB, 2020, 09\u201959)\" width=\"750\" height=\"422\" src=\"https:\/\/www.youtube.com\/embed\/hCNtCpUHAXU?feature=oembed\" frameborder=\"0\" allow=\"accelerometer; autoplay; clipboard-write; encrypted-media; gyroscope; picture-in-picture\" allowfullscreen><\/iframe>\n<\/div><\/figure>\n\n\n\n<p style=\"font-size:17px\"><strong>Sinopse:<\/strong> Um gato precisa se encontrar depois de meses vivendo pelos outros.<\/p>\n\n\n\n<p style=\"font-size:17px\"><strong>Ficha t\u00e9cnica:<\/strong> <br>Roteiro, Dire\u00e7\u00e3o e Edi\u00e7\u00e3o: Duba <br>Voz e Capta\u00e7\u00e3o de Som: Luan Sabino<br><br><strong>Contato do\/a realizador\/a: <\/strong>aqueleduba@gmail.com<\/p>\n","protected":false},"excerpt":{"rendered":"<p>A mostra exibe um pequeno conjunto de filmes que experimentam fabular hist\u00f3rias, forjar rela\u00e7\u00f5es, muitas vezes brincando com a imagem e suas rela\u00e7\u00f5es temporais. Seja de forma mais documental, ficcional ou l\u00fadica, s\u00e3o filmes que desfiam mem\u00f3rias e desafiam imagin\u00e1rios, (re)inventando(-se) com as imagens e sons.\u00a0 Material did\u00e1tico da Mostra: (Des)narrar Acesse a Mostra na&hellip; <a class=\"more-link\" href=\"https:\/\/imaginacircuito.com\/festa\/mostras\/fabular-o-tempo\/\">Continuar lendo <span class=\"screen-reader-text\">Fabular o tempo<\/span><\/a><\/p>\n","protected":false},"author":2,"featured_media":0,"parent":11,"menu_order":0,"comment_status":"closed","ping_status":"closed","template":"","meta":{"extendify_custom_stylesheet":"","bgseo_title":"","bgseo_description":"","bgseo_robots_index":"index","bgseo_robots_follow":"follow","footnotes":""},"class_list":["post-171","page","type-page","status-publish","hentry","entry"],"_links":{"self":[{"href":"https:\/\/imaginacircuito.com\/festa\/wp-json\/wp\/v2\/pages\/171","targetHints":{"allow":["GET"]}}],"collection":[{"href":"https:\/\/imaginacircuito.com\/festa\/wp-json\/wp\/v2\/pages"}],"about":[{"href":"https:\/\/imaginacircuito.com\/festa\/wp-json\/wp\/v2\/types\/page"}],"author":[{"embeddable":true,"href":"https:\/\/imaginacircuito.com\/festa\/wp-json\/wp\/v2\/users\/2"}],"replies":[{"embeddable":true,"href":"https:\/\/imaginacircuito.com\/festa\/wp-json\/wp\/v2\/comments?post=171"}],"version-history":[{"count":9,"href":"https:\/\/imaginacircuito.com\/festa\/wp-json\/wp\/v2\/pages\/171\/revisions"}],"predecessor-version":[{"id":546,"href":"https:\/\/imaginacircuito.com\/festa\/wp-json\/wp\/v2\/pages\/171\/revisions\/546"}],"up":[{"embeddable":true,"href":"https:\/\/imaginacircuito.com\/festa\/wp-json\/wp\/v2\/pages\/11"}],"wp:attachment":[{"href":"https:\/\/imaginacircuito.com\/festa\/wp-json\/wp\/v2\/media?parent=171"}],"curies":[{"name":"wp","href":"https:\/\/api.w.org\/{rel}","templated":true}]}}