{"id":168,"date":"2021-07-20T11:14:36","date_gmt":"2021-07-20T14:14:36","guid":{"rendered":"https:\/\/imaginacircuito.com\/festa\/?page_id=168"},"modified":"2021-09-03T17:52:34","modified_gmt":"2021-09-03T20:52:34","slug":"corpo-palavra-politica","status":"publish","type":"page","link":"https:\/\/imaginacircuito.com\/festa\/mostras\/corpo-palavra-politica\/","title":{"rendered":"Corpo, palavra pol\u00edtica"},"content":{"rendered":"\n<p>As viv\u00eancias dos nossos corpos s\u00e3o formas de atua\u00e7\u00e3o pol\u00edtica no mundo. Nesta mostra buscamos organizar filmes que abordam a pol\u00edtica na sua rela\u00e7\u00e3o\u00a0 com as experi\u00eancias e viv\u00eancias de diferentes sujeitos, que com seus corpos e palavras inscrevem nos filmes tra\u00e7os de pertencimento, ancestralidade, contexto s\u00f3cio-pol\u00edtico e cultural.\u00a0<\/p>\n\n\n\n<p><strong>Material did\u00e1tico da Mostra: <a href=\"https:\/\/drive.google.com\/file\/d\/11ARBPCznNEpWB4N_9Sc5iZPftg5mV3QS\/view?usp=sharing\" data-type=\"URL\" data-id=\"https:\/\/drive.google.com\/file\/d\/11ARBPCznNEpWB4N_9Sc5iZPftg5mV3QS\/view?usp=sharing\" target=\"_blank\" rel=\"noreferrer noopener\"><span style=\"color:#602f75\" class=\"has-inline-color\">Corpo e experi\u00eancia<\/span><\/a><\/strong><\/p>\n\n\n\n<p class=\"has-text-align-center\"> <strong><span style=\"color:#602f75\" class=\"has-inline-color\">Acesse a Mostra na \u00edntegra:<\/span><\/strong> <\/p>\n\n\n\n<figure class=\"wp-block-embed is-type-video is-provider-youtube wp-block-embed-youtube wp-embed-aspect-16-9 wp-has-aspect-ratio\"><div class=\"wp-block-embed__wrapper\">\n<iframe loading=\"lazy\" title=\"III F.EST.A - Mostra Corpo, Palavra Pol\u00edtica\" width=\"750\" height=\"422\" src=\"https:\/\/www.youtube.com\/embed\/videoseries?list=PL9bnuUrPbAjw_RVh11eG84pRLXfWab6eU\" frameborder=\"0\" allow=\"accelerometer; autoplay; clipboard-write; encrypted-media; gyroscope; picture-in-picture; web-share\" allowfullscreen><\/iframe>\n<\/div><\/figure>\n\n\n\n<p class=\"has-text-align-center\"><strong><span style=\"color:#602f75\" class=\"has-inline-color\">Conhe\u00e7a a Mostra filme a filme:<\/span><\/strong> <\/p>\n\n\n\n<h4 class=\"has-text-align-center wp-block-heading\"><strong><span style=\"color:#ed1567\" class=\"has-inline-color\">Nigiro: Meu nome, minha ancestralidade (Assaggi Pi\u00e1, Unilab, 2020, 12\u201921)<\/span><\/strong><\/h4>\n\n\n\n<figure class=\"wp-block-embed is-type-video is-provider-youtube wp-block-embed-youtube wp-embed-aspect-16-9 wp-has-aspect-ratio\"><div class=\"wp-block-embed__wrapper\">\n<iframe loading=\"lazy\" title=\"Nigiro: Meu nome, minha ancestralidade (Assaggi Pi\u00e1, Unilab, 2020, 12\u201921)\" width=\"750\" height=\"422\" src=\"https:\/\/www.youtube.com\/embed\/BsTJuvsRZX0?feature=oembed\" frameborder=\"0\" allow=\"accelerometer; autoplay; clipboard-write; encrypted-media; gyroscope; picture-in-picture; web-share\" allowfullscreen><\/iframe>\n<\/div><\/figure>\n\n\n\n<p style=\"font-size:17px\"><strong>Sinopse: <\/strong>Nigiro \u00e9 um document\u00e1rio que mergulha nas trajet\u00f3rias pessoais e coletivas de africanos, afrodescendentes e ind\u00edgenas a partir de seus nomes pr\u00f3prios, buscando compreender seus processos hist\u00f3ricos e culturais.<br><br><strong>Ficha t\u00e9cnica:<\/strong> <br>Dire\u00e7\u00e3o: Assaggi Pi\u00e1<br>Produ\u00e7\u00e3o: Rodrigo Mends<br>Roteiro: Ntu e Assaggi Pi\u00e1<br>Dir. Fotografia e edi\u00e7\u00e3o: Ver\u00f4nica Freitas <br>Design: Mandz Dir. de arte: Rodrigo Mends<br><br><strong>Contato do\/a realizador\/a: <\/strong>assaggipia@outlook.com<\/p>\n\n\n\n<p><\/p>\n\n\n\n<h4 class=\"has-text-align-center wp-block-heading\"><span style=\"color:#ed1567\" class=\"has-inline-color\"><strong>O \u00d3dio de uma Na\u00e7\u00e3o (Breno Franca, UFSB, 2020, 9\u2019)<\/strong>&nbsp;<\/span><\/h4>\n\n\n\n<figure class=\"wp-block-embed is-type-video is-provider-youtube wp-block-embed-youtube wp-embed-aspect-16-9 wp-has-aspect-ratio\"><div class=\"wp-block-embed__wrapper\">\n<iframe loading=\"lazy\" title=\"O \u00d3dio de uma Na\u00e7\u00e3o\" width=\"750\" height=\"422\" src=\"https:\/\/www.youtube.com\/embed\/UcNXs6uONNg?feature=oembed\" frameborder=\"0\" allow=\"accelerometer; autoplay; clipboard-write; encrypted-media; gyroscope; picture-in-picture; web-share\" allowfullscreen><\/iframe>\n<\/div><\/figure>\n\n\n\n<p style=\"font-size:17px\"><strong>Sinopse:<\/strong> Diante da elei\u00e7\u00e3o de Jair Bolsonaro como Presidente da Rep\u00fablica, pessoas de diferentes vulnerabilidades sociais refletem sobre o que a vit\u00f3ria dele significa. Passado, presente e futuro colidem ao passo que o Brasil elege o seu representante mais conservador at\u00e9 o momento.<br><br><strong>Ficha t\u00e9cnica:<\/strong> <br>Dire\u00e7\u00e3o: Brenno Franca <br>Roteiro: Brenno Franca <br>Edi\u00e7\u00e3o: Brenno Franca <br>Trilha Sonora: Brenno Franca e Patrick Lieberkind<br>Cinegrafistas: Gabriel Azeredo e Brenno Franca<br>Apoio Geral: Gabriel Azeredo<br>Mixagem e desenho de som: Brenno Franca<br>Fotografia: Brenno Franca <br>Capta\u00e7\u00e3o de \u00e1udio: Gabriel Azeredo e Brenno Franca<br><br><strong>Contato do\/a realizador\/a:<\/strong> brennoitajahy12@gmail.com<\/p>\n\n\n\n<p><\/p>\n\n\n\n<h4 class=\"has-text-align-center wp-block-heading\"><strong><span style=\"color:#ed1567\" class=\"has-inline-color\">EXACERBADAS (Ianca Oliveira, UFRB, 2020, 5\u2019)&nbsp;<\/span><\/strong><\/h4>\n\n\n\n<figure class=\"wp-block-embed is-type-video is-provider-youtube wp-block-embed-youtube wp-embed-aspect-16-9 wp-has-aspect-ratio\"><div class=\"wp-block-embed__wrapper\">\n<iframe loading=\"lazy\" title=\"EXACERBADAS  (2020)\" width=\"750\" height=\"422\" src=\"https:\/\/www.youtube.com\/embed\/T5aVUqlJYmg?feature=oembed\" frameborder=\"0\" allow=\"accelerometer; autoplay; clipboard-write; encrypted-media; gyroscope; picture-in-picture; web-share\" allowfullscreen><\/iframe>\n<\/div><\/figure>\n\n\n\n<p style=\"font-size:17px\"><strong>Sinopse:<\/strong> O curta metragem EXACERBADAS retrata o protagonismo da mulher preta atrav\u00e9s dos vest\u00edgios anal\u00f3gicos e das colis\u00f5es imag\u00e9ticas, sonoras e corporais dentro da trama. Contando suas hist\u00f3rias frente as solid\u00f5es e sobre o rompimento com padr\u00f5es sociais que tentam nos moldar a uma pol\u00edtica de embranquecimento que perpassa nossas vidas.<br><br><strong>Ficha t\u00e9cnica:<\/strong><br>Atrizes:&nbsp;Ianca Oliveira, Joanice Dias, Jaci Lima, Fl\u00e1via Oliveira, Fernanda Oliveira, Stephanie Ramos, Taizy Pereira<br>Roteiro:&nbsp;Jaci Lima, Fernanda Oliveira<br>Dire\u00e7\u00e3o: Ianca Oliveira&nbsp;<br>Dire\u00e7\u00e3o de Fotografia: Jaci Lima, Ianca Oliveira&nbsp;<br>Dire\u00e7\u00e3o de Arte: Jaci Lima&nbsp;<br>Montagem: Ianca Oliveira&nbsp;<br>Produ\u00e7\u00e3o: Jaci Lima, Ianca Oliveira <br>Cordel: Ianca Oliveira&nbsp;<br>Poema: Fernanda Oliveira&nbsp;<br>Voz off: Ianca Oliveira, Jaci Lima&nbsp;<br>Apoio:&nbsp;J\u00e9sane Rocha, J\u00falia Bispo, Lu\u00eds Augusto, Lila, Girlan Tavares<br><br><strong>Contato do\/a realizador\/a:<\/strong> <a href=\"mailto:iancadr1118@gmail.com\">iancadr1118@gmail.com<\/a><\/p>\n\n\n\n<p><\/p>\n\n\n\n<h4 class=\"has-text-align-center wp-block-heading\"><strong><span style=\"color:#ed1567\" class=\"has-inline-color\">(Re)existir (Nicolle Dela Cruz, UFSB, 2020, 11\u201909)<\/span>&nbsp;<\/strong><\/h4>\n\n\n\n<figure class=\"wp-block-embed is-type-video is-provider-youtube wp-block-embed-youtube wp-embed-aspect-16-9 wp-has-aspect-ratio\"><div class=\"wp-block-embed__wrapper\">\n<iframe loading=\"lazy\" title=\"(Re)existir (Nicolle Dela Cruz e Jhonatan Almeida, 2020)\" width=\"750\" height=\"422\" src=\"https:\/\/www.youtube.com\/embed\/hu_uKaKuitw?feature=oembed\" frameborder=\"0\" allow=\"accelerometer; autoplay; clipboard-write; encrypted-media; gyroscope; picture-in-picture; web-share\" allowfullscreen><\/iframe>\n<\/div><\/figure>\n\n\n\n<p style=\"font-size:17px\"><strong>Sinopse: <\/strong>(Re)existir \u00e9 um anseio que temos pelo retorno, retorno de uma identidade, de uma qualidade de vida, que foi tomada, busca encontrar fragmento do que foi o trabalho para os povos origin\u00e1rios e da di\u00e1spora, busca por outras ideologias que apresenta formas mais saud\u00e1veis de viver em sociedade, esse retorno se d\u00e1 a partir dos fios de di\u00e1logos e viv\u00eancias com os mais velhos.<br><br><strong>Ficha t\u00e9cnica:<\/strong> <br>Dire\u00e7\u00e3o, fotografia, grava\u00e7\u00e3o, ilumina\u00e7\u00e3o e edi\u00e7\u00e3o: Nicolle Dela Cruz Elenco e performance: Jhonatan Almeida<br>Roteiro e montagem do cen\u00e1rio: Nicolle Dela Cruz e Jhonatan Almeida<br>Trilha Sonora: Coisa N\u00ba4, de Moacir Santos<br><br><strong>Contato do\/a realizador\/a:<\/strong> <a href=\"mailto:nicolle.delacruz@hotmail.com\">nicolle.delacruz@hotmail.com<\/a><\/p>\n","protected":false},"excerpt":{"rendered":"<p>As viv\u00eancias dos nossos corpos s\u00e3o formas de atua\u00e7\u00e3o pol\u00edtica no mundo. Nesta mostra buscamos organizar filmes que abordam a pol\u00edtica na sua rela\u00e7\u00e3o\u00a0 com as experi\u00eancias e viv\u00eancias de diferentes sujeitos, que com seus corpos e palavras inscrevem nos filmes tra\u00e7os de pertencimento, ancestralidade, contexto s\u00f3cio-pol\u00edtico e cultural.\u00a0 Material did\u00e1tico da Mostra: Corpo e&hellip; <a class=\"more-link\" href=\"https:\/\/imaginacircuito.com\/festa\/mostras\/corpo-palavra-politica\/\">Continuar lendo <span class=\"screen-reader-text\">Corpo, palavra pol\u00edtica<\/span><\/a><\/p>\n","protected":false},"author":2,"featured_media":0,"parent":11,"menu_order":0,"comment_status":"closed","ping_status":"closed","template":"","meta":{"extendify_custom_stylesheet":"","bgseo_title":"","bgseo_description":"","bgseo_robots_index":"index","bgseo_robots_follow":"follow","footnotes":""},"class_list":["post-168","page","type-page","status-publish","hentry","entry"],"_links":{"self":[{"href":"https:\/\/imaginacircuito.com\/festa\/wp-json\/wp\/v2\/pages\/168","targetHints":{"allow":["GET"]}}],"collection":[{"href":"https:\/\/imaginacircuito.com\/festa\/wp-json\/wp\/v2\/pages"}],"about":[{"href":"https:\/\/imaginacircuito.com\/festa\/wp-json\/wp\/v2\/types\/page"}],"author":[{"embeddable":true,"href":"https:\/\/imaginacircuito.com\/festa\/wp-json\/wp\/v2\/users\/2"}],"replies":[{"embeddable":true,"href":"https:\/\/imaginacircuito.com\/festa\/wp-json\/wp\/v2\/comments?post=168"}],"version-history":[{"count":12,"href":"https:\/\/imaginacircuito.com\/festa\/wp-json\/wp\/v2\/pages\/168\/revisions"}],"predecessor-version":[{"id":840,"href":"https:\/\/imaginacircuito.com\/festa\/wp-json\/wp\/v2\/pages\/168\/revisions\/840"}],"up":[{"embeddable":true,"href":"https:\/\/imaginacircuito.com\/festa\/wp-json\/wp\/v2\/pages\/11"}],"wp:attachment":[{"href":"https:\/\/imaginacircuito.com\/festa\/wp-json\/wp\/v2\/media?parent=168"}],"curies":[{"name":"wp","href":"https:\/\/api.w.org\/{rel}","templated":true}]}}