{"id":165,"date":"2021-07-20T11:10:55","date_gmt":"2021-07-20T14:10:55","guid":{"rendered":"https:\/\/imaginacircuito.com\/festa\/?page_id=165"},"modified":"2022-08-05T18:13:22","modified_gmt":"2022-08-05T21:13:22","slug":"bahia-minha-bahia","status":"publish","type":"page","link":"https:\/\/imaginacircuito.com\/festa\/bahia-minha-bahia\/","title":{"rendered":"Bahia, minha Bahia"},"content":{"rendered":"\n<p>A mostra re\u00fane filmes que exibem diferentes aspectos desse imenso territ\u00f3rio que \u00e9 o estado da Bahia, com seus encantos, pr\u00e1ticas, cultura e ax\u00e9. S\u00e3o curtas-metragens que abordam sob diferentes prismas quest\u00f5es da baianidade a partir do olhar de seus\/suas realizadores\/as, abordando temas como o candombl\u00e9, a capoeira, as tradi\u00e7\u00f5es e ancestralidades quilombolas, entre outros.<\/p>\n\n\n\n<p><strong>Material did\u00e1tico da Mostra: <a href=\"https:\/\/drive.google.com\/file\/d\/1iIj1knpvSJGJOfaGEiVbLDxO3ALODyWX\/view?usp=sharing\" data-type=\"URL\" data-id=\"https:\/\/drive.google.com\/file\/d\/1iIj1knpvSJGJOfaGEiVbLDxO3ALODyWX\/view?usp=sharing\" target=\"_blank\" rel=\"noreferrer noopener\"><span style=\"color:#602f75\" class=\"has-inline-color\">Voc\u00ea j\u00e1 foi \u00e0 Bahia?<\/span><\/a><\/strong><\/p>\n\n\n\n<p><mark style=\"background-color:rgba(0, 0, 0, 0);color:#602f75\" class=\"has-inline-color\"><strong>Acesse a Mostra na \u00edntegra:<\/strong><\/mark><\/p>\n\n\n\n<figure class=\"wp-block-embed is-type-video is-provider-youtube wp-block-embed-youtube wp-embed-aspect-16-9 wp-has-aspect-ratio\"><div class=\"wp-block-embed__wrapper\">\n<iframe loading=\"lazy\" title=\"III F.EST.A - Mostra Bahia, Minha Bahia\" width=\"750\" height=\"422\" src=\"https:\/\/www.youtube.com\/embed\/videoseries?list=PL9bnuUrPbAjw8O4zD-02ovLttcnhYAym7\" frameborder=\"0\" allow=\"accelerometer; autoplay; clipboard-write; encrypted-media; gyroscope; picture-in-picture\" allowfullscreen><\/iframe>\n<\/div><\/figure>\n\n\n\n<hr class=\"wp-block-separator has-css-opacity\"\/>\n\n\n\n<p class=\"has-text-align-center\"><strong><span style=\"color:#602f75\" class=\"has-inline-color\">Conhe\u00e7a a Mostra filme a filme: <\/span><\/strong><\/p>\n\n\n\n<h4 class=\"has-text-align-center wp-block-heading\"><strong><span style=\"color:#ed1567\" class=\"has-inline-color\">Mar\u00e9 Quilombola (Flora Wiering, UFRB, 2019, 14\u201911)<\/span><\/strong><\/h4>\n\n\n\n<figure class=\"wp-block-embed is-type-video is-provider-youtube wp-block-embed-youtube wp-embed-aspect-16-9 wp-has-aspect-ratio\"><div class=\"wp-block-embed__wrapper\">\n<iframe loading=\"lazy\" title=\"Mar\u00e9 Quilombola (Flora Wiering, UFRB, 2019, 14\u201911)\" width=\"750\" height=\"422\" src=\"https:\/\/www.youtube.com\/embed\/4tTc6aPJrSk?feature=oembed\" frameborder=\"0\" allow=\"accelerometer; autoplay; clipboard-write; encrypted-media; gyroscope; picture-in-picture\" allowfullscreen><\/iframe>\n<\/div><\/figure>\n\n\n\n<p class=\"has-text-align-left\" style=\"font-size:17px;line-height:1.5\"><strong>Sinopse: <\/strong>Document\u00e1rio realizado no Quilombo de S\u00e3o Francisco do Paragua\u00e7u, situado no entorno da Ba\u00eda do Iguape, regi\u00e3o do Rec\u00f4ncavo Baiano. De car\u00e1ter pol\u00edtico-po\u00e9tico-antropol\u00f3gico, o fazer f\u00edlmico se mistura com a experi\u00eancia vivida no momento presente, nessa primeira produ\u00e7\u00e3o do coletivo Caranguejo Filmes. Atrav\u00e9s dos registros da tradicional festa do Beiju com Mel, \u00e9 poss\u00edvel sentir a resist\u00eancia latente da cultura quilombola, que, em uma perspectiva n\u00e3o linear de tempo, a todo momento dialoga com o velho e com o novo, mantendo viva a tradi\u00e7\u00e3o.<br><br><strong>Ficha t\u00e9cnica:<\/strong> <br>Dire\u00e7\u00e3o, roteiro e fotografia &#8211; Flora Wiering<br>Produ\u00e7\u00e3o &#8211; Fl\u00e1via Silvano<br>Ass. de produ\u00e7\u00e3o &#8211; Danilo Santos<br>Imagens adicionais &#8211; Gabriel de Sousa<br>Montagem &#8211; Flora Wiering&nbsp;<br>Ass. de montagem &#8211; Maria Alice Cavalcante<br>Finaliza\u00e7\u00e3o de som &#8211; Adler Braga&nbsp;<br><br><strong>Contato do\/a realizador\/a:<\/strong> floratorreswiering@gmail.com<\/p>\n\n\n\n<h4 class=\"has-text-align-center wp-block-heading\"><strong><span style=\"color:#ed1567\" class=\"has-inline-color\">Porto e Raiz (Mestre P\u00e9 de Chumbo, Erlane Rosa, Filip Couto e Pamela Peregrino, UFSB, 2020, 6\u201934)<\/span><\/strong><\/h4>\n\n\n\n<figure class=\"wp-block-embed is-type-video is-provider-youtube wp-block-embed-youtube wp-embed-aspect-16-9 wp-has-aspect-ratio\"><div class=\"wp-block-embed__wrapper\">\n<iframe loading=\"lazy\" title=\"Porto e Raiz (Anima\u00e7\u00e3o - Capoeira - Mestre P\u00e9 de Chumbo)\" width=\"750\" height=\"422\" src=\"https:\/\/www.youtube.com\/embed\/tUmLy2KcjQ4?feature=oembed\" frameborder=\"0\" allow=\"accelerometer; autoplay; clipboard-write; encrypted-media; gyroscope; picture-in-picture\" allowfullscreen><\/iframe>\n<\/div><\/figure>\n\n\n\n<p style=\"font-size:17px\"><strong>Sinopse: <\/strong>A Capoeira Angola e suas ra\u00edzes atrav\u00e9s de imagens, olhares, sons e movimentos que o Mestre P\u00e9 de Chumbo nos apresenta com a profundidade de quem vive a vida pela Capoeira, seguindo os ensinamentos de seu Mestre Jo\u00e3o Pequeno de Pastinha.<br><br><strong>Ficha t\u00e9cnica:<\/strong> <br>Narrativa, M\u00fasica e atua\u00e7\u00e3o: Mestre P\u00e9 de Chumbo (Gidalto Pereira Dias)&nbsp;<br>Anima\u00e7\u00e3o: Erlane Rosa, Filip Couto e P\u00e2mela Peregrino&nbsp;<br>Produ\u00e7\u00e3o: Erlane Rosa&nbsp;<br>Dire\u00e7\u00e3o: P\u00e2mela Peregrino<br>T\u00e9cnicas utilizadas: Live-Action (filmagem), Anima\u00e7\u00f5es de areia, tinta a \u00f3leo em vidro, desenhos e bonecos (Stop Motion)<br>Apoio: Abayomi Casa de Cultura, Prefeitura de Porto Seguro &#8211; Lei Aldir Blanc &#8211; 2020<br><br><strong>Contato do\/a realizador\/a:<\/strong> <a href=\"mailto:erlanerosaps@gmail.com\">erlanerosaps@gmail.com<\/a><br><\/p>\n\n\n\n<h4 class=\"has-text-align-center wp-block-heading\"><strong><span style=\"color:#ed1567\" class=\"has-inline-color\">Cantos de Batuques (Nayara Moura da Silva, UFSB, 2021, 0\u201940)<\/span><\/strong><\/h4>\n\n\n\n<figure class=\"wp-block-embed is-type-video is-provider-youtube wp-block-embed-youtube wp-embed-aspect-16-9 wp-has-aspect-ratio\"><div class=\"wp-block-embed__wrapper\">\n<iframe loading=\"lazy\" title=\"Cantos de Batuques\" width=\"750\" height=\"422\" src=\"https:\/\/www.youtube.com\/embed\/sJGfUpBohXc?feature=oembed\" frameborder=\"0\" allow=\"accelerometer; autoplay; clipboard-write; encrypted-media; gyroscope; picture-in-picture\" allowfullscreen><\/iframe>\n<\/div><\/figure>\n\n\n\n<p style=\"font-size:17px\"><strong>Sinopse: <\/strong>Em todos os lugares h\u00e1 can\u00e7\u00f5es que nos tocam a alma, envolve o ser, nos faz sentir o pulsar da vida. Mergulhando pelos caminhos percorridos e embalados pelo ritmo da pele do canto de sua casa. Cantos de Batuques faz o convite para reflex\u00e3o: Qual a can\u00e7\u00e3o que te pulsa?<br><br><strong>Ficha t\u00e9cnica:<\/strong><br>Dire\u00e7\u00e3o e roteiro: Nayara Moura <br>Voz e Instrumental: Nayara Moura<br>Orienta\u00e7\u00e3o: P\u00e2mela Peregrino. <br>Curta produzido para a oficina de Stop Motion, Anima Ubuntu (2021).&nbsp; Casa NUBAS. Brasil.<\/p>\n\n\n\n<p style=\"font-size:15px\"><strong>Contato do\/a realizador\/a:<\/strong> nayara.gois95@gmail.com<br><\/p>\n\n\n\n<h4 class=\"has-text-align-center wp-block-heading\"><strong><span style=\"color:#ed1567\" class=\"has-inline-color\">Sonho Alto (Loa Luz, UFSB, 2021, 19\u201920)<\/span><\/strong><\/h4>\n\n\n\n<p align=\"center\"><iframe loading=\"lazy\" width=\"580\" height=\"315\" align=\"center\" src=\"https:\/\/www.youtube.com\/embed\/FUscSE0Xb3E\" title=\"YouTube video player\" frameborder=\"0\" allow=\"accelerometer; autoplay; clipboard-write; encrypted-media; gyroscope; picture-in-picture\" allowfullscreen=\"\"><\/iframe><\/p>\n\n\n\n<p style=\"font-size:17px\"><strong>Sinopse: <\/strong>Document\u00e1rio gravado no Sul da Bahia. Aborda pautas sociais atrav\u00e9s da perspectiva de moradores, clientes e trabalhadores de uma feira popular.<br><br><strong>Ficha t\u00e9cnica:<\/strong> <br>Roteiro: Loa Luz <br>Imagens: Dario Honorato <br>Imagens Extras: Loa Luz <br>Assistente de Edi\u00e7\u00e3o: Dario Honorato<br>Entrevistados: Raquel \/ Ronaldo \/ Renata \/ Elma <br>Trilha Sonora : Banda Oquadro <br>M\u00fasicas:&nbsp; &#8211; Trabalho &#8211; Trope\u00e7os Percal\u00e7os <br>Gravado no bairro da Calif\u00f3rnia &#8211; Itabuna &#8211; Bahia &#8211; Brasil<br><br><strong>Contato do\/a realizador\/a:<\/strong> <a href=\"mailto:eusoulloa@gmail.com\">eusoulloa@gmail.com<\/a><\/p>\n\n\n\n<p><\/p>\n\n\n\n<h4 class=\"has-text-align-center wp-block-heading\"><strong><span style=\"color:#ed1567\" class=\"has-inline-color\">A reza \u00e9 de Deus (Reinan Ribeiro e Francisco Cancela, Faculdade Nossa Senhora de Lourdes, 2020, 13\u201923)<\/span><\/strong><\/h4>\n\n\n\n<figure class=\"wp-block-embed is-type-video is-provider-youtube wp-block-embed-youtube wp-embed-aspect-16-9 wp-has-aspect-ratio\"><div class=\"wp-block-embed__wrapper\">\n<iframe loading=\"lazy\" title=\"A REZA \u00c9 DE DEUS!\" width=\"750\" height=\"422\" src=\"https:\/\/www.youtube.com\/embed\/oFS1ie8uGRs?feature=oembed\" frameborder=\"0\" allow=\"accelerometer; autoplay; clipboard-write; encrypted-media; gyroscope; picture-in-picture\" allowfullscreen><\/iframe>\n<\/div><\/figure>\n\n\n\n<p style=\"font-size:17px\"><strong>Sinopse:<\/strong> &#8220;A reza \u00e9 de Deus&#8221;, \u00e9 um filme curta document\u00e1rio, que traz a hist\u00f3ria, os saberes e fazeres de uma das mais importantes rezadeiras da hist\u00f3ria de Porto Seguro: dona Mariinha Lage. Al\u00e9m de rezadeira, a mesma tamb\u00e9m era parteira. Ao longo dos anos, a dona Mariinha Lage se tornou uma fonte important\u00edssima, para aqueles e aquelas que buscaram conhecer a Porto Seguro do passado. Neste filme, a mesma relata detalhes sobre sua atividade de rezadeira e f\u00e9.<br><br><strong>Ficha t\u00e9cnica:<\/strong> <br>Dire\u00e7\u00e3o: Francisco Cancela e Reinan Ribeiro. <br>Roteiro: Francisco  Cancela. <br>C\u00e2mera: Francisco Cancela e Reinan Ribeiro. <br>Idealiza\u00e7\u00e3o: Porto Seguro al\u00e9m do descobrimento. <br>Produ\u00e7\u00e3o: Arame Farpado Filmes. <br>Entrevistada: Mariinha Lage. <br><br><strong>Contato do\/a realizador\/a:<\/strong> <a href=\"mailto:historiaps@hotmail.com\">historiaps@hotmail.com<\/a><\/p>\n\n\n\n<p><\/p>\n\n\n\n<h4 class=\"wp-block-heading\"><strong><span style=\"color:#ed1567\" class=\"has-inline-color\">O Abeb\u00e9 Ancestral (Paulo Ferreira\/Babalossain Al\u00e1ram\u00f3, UESC, 2019, 19\u201915)<\/span><\/strong><\/h4>\n\n\n\n<figure class=\"wp-block-embed is-type-video is-provider-youtube wp-block-embed-youtube wp-embed-aspect-16-9 wp-has-aspect-ratio\"><div class=\"wp-block-embed__wrapper\">\n<iframe loading=\"lazy\" title=\"O Abeb\u00e9 Ancestral | Document\u00e1rio\" width=\"750\" height=\"422\" src=\"https:\/\/www.youtube.com\/embed\/8JNBIPYGqAE?feature=oembed\" frameborder=\"0\" allow=\"accelerometer; autoplay; clipboard-write; encrypted-media; gyroscope; picture-in-picture\" allowfullscreen><\/iframe>\n<\/div><\/figure>\n\n\n\n<p style=\"font-size:17px\"><strong>Sinopse:<\/strong> A partir das vozes de M\u00e3e Darabi\/Alba Cristina Soares (Ialorix\u00e1), Ol\u00fak\u00f3so\/Luzi Borges (Kolab\u00e1 de Xang\u00f4) e das performances da atriz Izadora Guedes, o document\u00e1rio aborda a hist\u00f3ria de Mejig\u00e3, sacerdotisa nigeriana que sofreu di\u00e1spora no s\u00e9culo XIX e foi escravizada no Engenho de Santana (Ilh\u00e9us &#8211; BA), do qual escapou, resistindo e se tornando s\u00edmbolo de empoderamento ao gestar uma dimens\u00e3o Ijex\u00e1 no Sul da Bahia.<br><br><strong>Ficha t\u00e9cnica:<\/strong> <br>Dire\u00e7\u00e3o Geral: Paulo Ferreira (Babalossain Al\u00e1ram\u00f3) <br>Entrevistadas: M\u00e3e Darabi (Alba Cristina Soares) e Ol\u00fak\u00f3so (Luzi Borges) &#8211; Kolab\u00e1 de Xang\u00f4&nbsp;<br>Orienta\u00e7\u00e3o: Bet\u00e2nia Maria Vilas B\u00f4as Barreto <br>Co-orienta\u00e7\u00e3o: M\u00e3e Darabi (Alba Cristina Soares) &#8211; Ialorix\u00e1 <br>Dire\u00e7\u00e3o de Fotografia: Paulo Ferreira e Vin\u00edcius Te\u00f3filo <br>Dire\u00e7\u00e3o de Som: Paulo Ferreira <br>Som Direto: Paulo Ferreira e Vin\u00edcius Te\u00f3filo <br>Grava\u00e7\u00e3o e Mixagem: Eli Arruda e Isaque Nascimento <br>Desenho de Som: Eli Arruda <br>Foleys: Eli Arruda e Paulo Ferreira <br>Trilha Sonora Musical (Est\u00fadio) <br>Agog\u00f4, Xequer\u00ea, Atabaque e Voz: Alagb\u00ea Ab\u00e9dedol\u00e1 (Johnny Silva Passos) <br>Voz: Loy\u00e1 P\u00e8 Lok\u00e8 (Layza Miranda) &#8211; Y\u00e1 Tabexi <br>Voz: Paulo Ferreira <br>Teclado: Eli Arruda <br>Composi\u00e7\u00e3o da Faixa \u201cOxum aben\u00e7oa\u201d: Teresa Barbosa Rodrigues Trilha Sonora Musical (Barrac\u00e3o) <br>Atabaques: Ogan Oy\u00e1 Gambit\u00e1 (Francisco Benevides) e Herlen Santos <br>Atabaque e Voz: Ogan Balugbon\u00e1 (Marcelo Alvinho) <br>Voz: Loy\u00e1 P\u00e8 Lok\u00e8 (Layza Miranda) &#8211; Y\u00e1 Tabexi <br>Agog\u00f4: Ob\u00e1 Oni Lakay\u00e9 (Lourival Piligra) <br>Xequer\u00ea: Ob\u00e1 Edunin\u00e1 (Paulo Fuma\u00e7a)<br><br><strong>Contato do\/a realizador\/a: <\/strong>pauloafi1997@gmail.com<\/p>\n","protected":false},"excerpt":{"rendered":"<p>A mostra re\u00fane filmes que exibem diferentes aspectos desse imenso territ\u00f3rio que \u00e9 o estado da Bahia, com seus encantos, pr\u00e1ticas, cultura e ax\u00e9. S\u00e3o curtas-metragens que abordam sob diferentes prismas quest\u00f5es da baianidade a partir do olhar de seus\/suas realizadores\/as, abordando temas como o candombl\u00e9, a capoeira, as tradi\u00e7\u00f5es e ancestralidades quilombolas, entre outros.&hellip; <a class=\"more-link\" href=\"https:\/\/imaginacircuito.com\/festa\/bahia-minha-bahia\/\">Continuar lendo <span class=\"screen-reader-text\">Bahia, minha Bahia<\/span><\/a><\/p>\n","protected":false},"author":2,"featured_media":0,"parent":0,"menu_order":0,"comment_status":"closed","ping_status":"closed","template":"","meta":{"extendify_custom_stylesheet":"","bgseo_title":"","bgseo_description":"","bgseo_robots_index":"index","bgseo_robots_follow":"follow","footnotes":""},"class_list":["post-165","page","type-page","status-publish","hentry","entry"],"_links":{"self":[{"href":"https:\/\/imaginacircuito.com\/festa\/wp-json\/wp\/v2\/pages\/165","targetHints":{"allow":["GET"]}}],"collection":[{"href":"https:\/\/imaginacircuito.com\/festa\/wp-json\/wp\/v2\/pages"}],"about":[{"href":"https:\/\/imaginacircuito.com\/festa\/wp-json\/wp\/v2\/types\/page"}],"author":[{"embeddable":true,"href":"https:\/\/imaginacircuito.com\/festa\/wp-json\/wp\/v2\/users\/2"}],"replies":[{"embeddable":true,"href":"https:\/\/imaginacircuito.com\/festa\/wp-json\/wp\/v2\/comments?post=165"}],"version-history":[{"count":9,"href":"https:\/\/imaginacircuito.com\/festa\/wp-json\/wp\/v2\/pages\/165\/revisions"}],"predecessor-version":[{"id":640,"href":"https:\/\/imaginacircuito.com\/festa\/wp-json\/wp\/v2\/pages\/165\/revisions\/640"}],"wp:attachment":[{"href":"https:\/\/imaginacircuito.com\/festa\/wp-json\/wp\/v2\/media?parent=165"}],"curies":[{"name":"wp","href":"https:\/\/api.w.org\/{rel}","templated":true}]}}