{"id":1632,"date":"2025-08-16T16:15:31","date_gmt":"2025-08-16T19:15:31","guid":{"rendered":"https:\/\/imaginacircuito.com\/festa\/?page_id=1632"},"modified":"2025-08-27T12:26:24","modified_gmt":"2025-08-27T15:26:24","slug":"abertura","status":"publish","type":"page","link":"https:\/\/imaginacircuito.com\/festa\/abertura\/","title":{"rendered":"Abertura"},"content":{"rendered":"\n<p><strong>Abertura oficial &#8211; Dia 11\/09, quinta-feira, \u00e0s 19h, no Teatro SESC Porto Seguro.<\/strong><\/p>\n\n\n\n<p><strong>Apresenta\u00e7\u00f5es art\u00edsticas, com estudantes do Centro Estadual de Educa\u00e7\u00e3o Profissional 2 de Julho<\/strong>.<\/p>\n\n\n\n<p>Coordena\u00e7\u00e3o: Prof. Valter Dias.<\/p>\n\n\n\n<figure class=\"wp-block-image\"><img decoding=\"async\" src=\"https:\/\/lh7-rt.googleusercontent.com\/docsz\/AD_4nXfa7xWTXCBFy1G28HtyEL-CxSrS7K4SlAbuuEbeGT6yufD647a-JD5NlX1xGhO37_GQYO10VJxdbk1qKW3Mc_rquu9IzYXvpZPpDBL73MAstDDKh4cFUyA4L7lFeV2Y1LkALVO9Mw?key=KdTe4ebj2LF2q11U0C9kmA\" alt=\"\"\/><\/figure>\n\n\n\n<p>Coreografia em grupo: &#8220;Poder da Dan\u00e7a&#8221;.<br>Bailarinos\/as: Ana Lu\u00edsa de Aquino Santos; Erika Nunes Castro; Filipe Amaral Menezes; Lu\u00eds Henrique Reis dos Santos; Vanessa de Novaes Souza.<\/p>\n\n\n\n<figure class=\"wp-block-image\"><img decoding=\"async\" src=\"https:\/\/lh7-rt.googleusercontent.com\/docsz\/AD_4nXdxBIYgpMbnVaVuGqUXnJArfBpiRz_tNbC23qlaqx5_vrw6Xl3MmF-7Nf195g6fxTC-GnzTwj-jMfE4zpJ-c4JJosNt1WJRqVofC0zEXenrg0g6ikFy9P608armlrikUW9DNrz1?key=KdTe4ebj2LF2q11U0C9kmA\" alt=\"\"\/><\/figure>\n\n\n\n<p>Coreografia (solo): &#8220;Frescor Natural&#8221;<br>Bailarino: Wesley Ferreira dos Santos.<\/p>\n\n\n\n<p><strong>Sinopse: <\/strong>As coreografias \u201cPoder da Dan\u00e7a\u201d e \u201cFrescor Natural\u201d foram desenvolvidas no \u00e2mbito das oficinas de Dan\u00e7a nas Escolas no CEEP 2 de Julho (Porto Seguro-BA), que t\u00eam por objetivo melhorar a qualidade de vida dos\/as adolescentes atrav\u00e9s da arte. Sob a orienta\u00e7\u00e3o do oficineiro Valter Dias, o projeto utiliza movimentos e t\u00e9cnicas do Jazz Dance e integra as a\u00e7\u00f5es do <em>Programa Educa Mais Bahia<\/em>, iniciativa da Secretaria da Educa\u00e7\u00e3o do Estado da Bahia.<\/p>\n\n\n\n<p>Ap\u00f3s as apresenta\u00e7\u00f5es, ocorrer\u00e1 a <a href=\"https:\/\/imaginacircuito.com\/festa\/sessao-de-curtas-1\/\" data-type=\"link\" data-id=\"https:\/\/imaginacircuito.com\/festa\/sessao-de-curtas-1\/\">Sess\u00e3o de curtas 1<\/a>, seguida de debate com realizadores\/as.<\/p>\n\n\n\n<p><\/p>\n","protected":false},"excerpt":{"rendered":"<p>Abertura oficial &#8211; Dia 11\/09, quinta-feira, \u00e0s 19h, no Teatro SESC Porto Seguro. Apresenta\u00e7\u00f5es art\u00edsticas, com estudantes do Centro Estadual de Educa\u00e7\u00e3o Profissional 2 de Julho. Coordena\u00e7\u00e3o: Prof. Valter Dias. Coreografia em grupo: &#8220;Poder da Dan\u00e7a&#8221;.Bailarinos\/as: Ana Lu\u00edsa de Aquino Santos; Erika Nunes Castro; Filipe Amaral Menezes; Lu\u00eds Henrique Reis dos Santos; Vanessa de Novaes&hellip; <a class=\"more-link\" href=\"https:\/\/imaginacircuito.com\/festa\/abertura\/\">Continuar lendo <span class=\"screen-reader-text\">Abertura<\/span><\/a><\/p>\n","protected":false},"author":3,"featured_media":0,"parent":0,"menu_order":0,"comment_status":"closed","ping_status":"closed","template":"","meta":{"extendify_custom_stylesheet":"","bgseo_title":"","bgseo_description":"","bgseo_robots_index":"index","bgseo_robots_follow":"follow","footnotes":""},"class_list":["post-1632","page","type-page","status-publish","hentry","entry"],"_links":{"self":[{"href":"https:\/\/imaginacircuito.com\/festa\/wp-json\/wp\/v2\/pages\/1632","targetHints":{"allow":["GET"]}}],"collection":[{"href":"https:\/\/imaginacircuito.com\/festa\/wp-json\/wp\/v2\/pages"}],"about":[{"href":"https:\/\/imaginacircuito.com\/festa\/wp-json\/wp\/v2\/types\/page"}],"author":[{"embeddable":true,"href":"https:\/\/imaginacircuito.com\/festa\/wp-json\/wp\/v2\/users\/3"}],"replies":[{"embeddable":true,"href":"https:\/\/imaginacircuito.com\/festa\/wp-json\/wp\/v2\/comments?post=1632"}],"version-history":[{"count":5,"href":"https:\/\/imaginacircuito.com\/festa\/wp-json\/wp\/v2\/pages\/1632\/revisions"}],"predecessor-version":[{"id":1656,"href":"https:\/\/imaginacircuito.com\/festa\/wp-json\/wp\/v2\/pages\/1632\/revisions\/1656"}],"wp:attachment":[{"href":"https:\/\/imaginacircuito.com\/festa\/wp-json\/wp\/v2\/media?parent=1632"}],"curies":[{"name":"wp","href":"https:\/\/api.w.org\/{rel}","templated":true}]}}