{"id":1582,"date":"2025-08-13T11:15:18","date_gmt":"2025-08-13T14:15:18","guid":{"rendered":"https:\/\/imaginacircuito.com\/festa\/?page_id=1582"},"modified":"2025-08-15T18:53:01","modified_gmt":"2025-08-15T21:53:01","slug":"sessao-especial-de-encerramento","status":"publish","type":"page","link":"https:\/\/imaginacircuito.com\/festa\/sessao-especial-de-encerramento\/","title":{"rendered":"Sess\u00e3o especial de encerramento"},"content":{"rendered":"\n<p><strong><strong>Sess\u00e3o especial de encerramento, com Reverbera! <\/strong>Dia 13\/09, s\u00e1bado, \u00e0s 17h30. Dura\u00e7\u00e3o: 40 minutos<\/strong><\/p>\n\n\n\n<figure class=\"wp-block-image size-large\"><img loading=\"lazy\" decoding=\"async\" width=\"1024\" height=\"574\" src=\"https:\/\/imaginacircuito.com\/festa\/wp-content\/uploads\/2025\/08\/REVERBERA_1-1024x574.jpeg\" alt=\"\" class=\"wp-image-1594\" srcset=\"https:\/\/imaginacircuito.com\/festa\/wp-content\/uploads\/2025\/08\/REVERBERA_1-1024x574.jpeg 1024w, https:\/\/imaginacircuito.com\/festa\/wp-content\/uploads\/2025\/08\/REVERBERA_1-300x168.jpeg 300w, https:\/\/imaginacircuito.com\/festa\/wp-content\/uploads\/2025\/08\/REVERBERA_1-768x431.jpeg 768w, https:\/\/imaginacircuito.com\/festa\/wp-content\/uploads\/2025\/08\/REVERBERA_1-250x140.jpeg 250w, https:\/\/imaginacircuito.com\/festa\/wp-content\/uploads\/2025\/08\/REVERBERA_1-550x309.jpeg 550w, https:\/\/imaginacircuito.com\/festa\/wp-content\/uploads\/2025\/08\/REVERBERA_1-800x449.jpeg 800w, https:\/\/imaginacircuito.com\/festa\/wp-content\/uploads\/2025\/08\/REVERBERA_1-321x180.jpeg 321w, https:\/\/imaginacircuito.com\/festa\/wp-content\/uploads\/2025\/08\/REVERBERA_1-535x300.jpeg 535w, https:\/\/imaginacircuito.com\/festa\/wp-content\/uploads\/2025\/08\/REVERBERA_1-891x500.jpeg 891w, https:\/\/imaginacircuito.com\/festa\/wp-content\/uploads\/2025\/08\/REVERBERA_1.jpeg 1280w\" sizes=\"auto, (max-width: 1024px) 100vw, 1024px\" \/><\/figure>\n\n\n\n<p><strong>Mini-bio: <\/strong>O Grupo Reverbera \u00e9 um projeto de extens\u00e3o da UFSB coordenado pela professora Ariane Stolfi. O grupo trabalha pr\u00e1ticas de improvisa\u00e7\u00e3o livre, muitas vezes com base em pe\u00e7as audiovisuais, como filmes mudos cl\u00e1ssicos, por exemplo. Em 2024, o grupo recebeu apoio da Lei Paulo Gustavo do Governo do Estado da Bahia como laborat\u00f3rio de desenvolvimento de produ\u00e7\u00e3o audiovisual para a web.<\/p>\n\n\n\n<p><strong>Filmes:<\/strong><br><em>Cinegrafias da Costa<\/em> (Reverbera!, 2025, 10min)<br><em>At Land<\/em> (Maya Deren,1944, 15min)<br><em>The Devil&#8217;s Ball <\/em>(Ladislas Starevitch, 1933, 10min)<\/p>\n\n\n\n<p><strong>Ficha T\u00e9cnica &#8211; Reverbera!<\/strong><br>Dire\u00e7\u00e3o: Ariane Stolfi<br>Voz e Percuss\u00e3o: Alice Coelho, Ariane Stolfi, Gabrielle Giarola, Matheus Brito<br>Instrumentos Virtuais: Caio Vandr\u00e9, Lucas Ros\u00e1rio<br>Baixo: Gustavo Santos<br>Voz e Guitarra: J\u00falio Lem<br>Teclado: Lucca Fregni<br>Fotografia: Rafael Portugal<\/p>\n\n\n\n<p><\/p>\n","protected":false},"excerpt":{"rendered":"<p>Sess\u00e3o especial de encerramento, com Reverbera! Dia 13\/09, s\u00e1bado, \u00e0s 17h30. Dura\u00e7\u00e3o: 40 minutos Mini-bio: O Grupo Reverbera \u00e9 um projeto de extens\u00e3o da UFSB coordenado pela professora Ariane Stolfi. O grupo trabalha pr\u00e1ticas de improvisa\u00e7\u00e3o livre, muitas vezes com base em pe\u00e7as audiovisuais, como filmes mudos cl\u00e1ssicos, por exemplo. Em 2024, o grupo recebeu&hellip; <a class=\"more-link\" href=\"https:\/\/imaginacircuito.com\/festa\/sessao-especial-de-encerramento\/\">Continuar lendo <span class=\"screen-reader-text\">Sess\u00e3o especial de encerramento<\/span><\/a><\/p>\n","protected":false},"author":3,"featured_media":0,"parent":0,"menu_order":0,"comment_status":"closed","ping_status":"closed","template":"","meta":{"extendify_custom_stylesheet":"","bgseo_title":"","bgseo_description":"","bgseo_robots_index":"index","bgseo_robots_follow":"follow","footnotes":""},"class_list":["post-1582","page","type-page","status-publish","hentry","entry"],"_links":{"self":[{"href":"https:\/\/imaginacircuito.com\/festa\/wp-json\/wp\/v2\/pages\/1582","targetHints":{"allow":["GET"]}}],"collection":[{"href":"https:\/\/imaginacircuito.com\/festa\/wp-json\/wp\/v2\/pages"}],"about":[{"href":"https:\/\/imaginacircuito.com\/festa\/wp-json\/wp\/v2\/types\/page"}],"author":[{"embeddable":true,"href":"https:\/\/imaginacircuito.com\/festa\/wp-json\/wp\/v2\/users\/3"}],"replies":[{"embeddable":true,"href":"https:\/\/imaginacircuito.com\/festa\/wp-json\/wp\/v2\/comments?post=1582"}],"version-history":[{"count":3,"href":"https:\/\/imaginacircuito.com\/festa\/wp-json\/wp\/v2\/pages\/1582\/revisions"}],"predecessor-version":[{"id":1626,"href":"https:\/\/imaginacircuito.com\/festa\/wp-json\/wp\/v2\/pages\/1582\/revisions\/1626"}],"wp:attachment":[{"href":"https:\/\/imaginacircuito.com\/festa\/wp-json\/wp\/v2\/media?parent=1582"}],"curies":[{"name":"wp","href":"https:\/\/api.w.org\/{rel}","templated":true}]}}