{"id":1579,"date":"2025-08-13T11:14:49","date_gmt":"2025-08-13T14:14:49","guid":{"rendered":"https:\/\/imaginacircuito.com\/festa\/?page_id=1579"},"modified":"2025-08-16T17:00:57","modified_gmt":"2025-08-16T20:00:57","slug":"sessao-de-curtas-3","status":"publish","type":"page","link":"https:\/\/imaginacircuito.com\/festa\/sessao-de-curtas-3\/","title":{"rendered":"Sess\u00e3o de curtas 3"},"content":{"rendered":"\n<p><strong>Sess\u00e3o de curtas 3 &#8211; <strong>Dia 13\/09, s\u00e1bado, \u00e0s 16h.<\/strong><\/strong><br><strong>Dura\u00e7\u00e3o: 50min<\/strong><br><strong><em>*Exibi\u00e7\u00e3o seguida de debate com realizadores\/as<\/em><\/strong><\/p>\n\n\n\n<figure class=\"wp-block-image\"><img decoding=\"async\" src=\"https:\/\/lh7-rt.googleusercontent.com\/docsz\/AD_4nXfvTA9xflkrMFbXO-8KqJbs4ywHYbRB4Af3kIGqLVk3Wzn4y2PH_fjh6PotNE2J0RpoXl-vx4z8vuWA-kHX5VNjWCT4AW-8mXthig5dzWQ1pd9X2zruXOt4eIYDahKWgm5oPRriPQ?key=KdTe4ebj2LF2q11U0C9kmA\" alt=\"\"\/><\/figure>\n\n\n\n<p><strong><em>Ed Aquino &#8211; Gente de Teatro (<\/em><\/strong><em>Loa Luz, Porto Seguro, Document\u00e1rio, 20 min, UFSB)&nbsp;<\/em><\/p>\n\n\n\n<p><strong>Sinopse:<\/strong> Ed Aquino foi professor de teatro, ativista cultural e social. Nascido em Ibirataia e atuante em Porto Seguro, acreditava na arte como caminho de transforma\u00e7\u00e3o. Com um projeto social em parceria com a Secretaria de Sa\u00fade, levou informa\u00e7\u00e3o, escuta e cuidado a crian\u00e7as e adolescentes em situa\u00e7\u00e3o de vulnerabilidade.<\/p>\n\n\n\n<p><strong>Ficha t\u00e9cnica:<\/strong><br>Dire\u00e7\u00e3o: Loa Luz, Dario Honorato<\/p>\n\n\n\n<figure class=\"wp-block-image\"><img decoding=\"async\" src=\"https:\/\/lh7-rt.googleusercontent.com\/docsz\/AD_4nXfCJoWLs8YJJ-zjCIAQu1bUXuI_7KfMt332XJvbSr8fcRevWhL_zTILHeQwVSkTgGmRJ7rDnLryQ0UGwUYovgpLTB2Fgm2UKf1a44OJyJsFkk1Hfeu02jsWXijEaYOYxvuwDLb92Q?key=KdTe4ebj2LF2q11U0C9kmA\" alt=\"\"\/><\/figure>\n\n\n\n<p><strong><em>Ramon Vane Atemporal <\/em><\/strong><em>(Lucas Oliveira Ros\u00e1rio, Buerarema, Experimental, 8min, UFSB)&nbsp;<\/em><\/p>\n\n\n\n<p><strong>Sinopse<\/strong>: Inspirado no poema Atemporal, escrito por Ramon Vane em 16 de julho de 2012.<\/p>\n\n\n\n<p><strong>Ficha t\u00e9cnica<\/strong>:<br>Atua\u00e7\u00e3o: Gal Macuco<br>Roteiro, Edi\u00e7\u00e3o, Capta\u00e7\u00e3o De Som: Lucas Ros\u00e1rio<br>Capta\u00e7\u00e3o De Imagens: Renata Figueiredo<br>V\u00eddeo Ecoest\u00fadio: Paulo Paiva<br>Pesquisa Bibliogr\u00e1fica: Jidebaldo Souza, Alexandre Rusciolelli<br>Dire\u00e7\u00e3o: Jos\u00e9 Delmo<\/p>\n\n\n\n<figure class=\"wp-block-image\"><img decoding=\"async\" src=\"https:\/\/lh7-rt.googleusercontent.com\/docsz\/AD_4nXern9ij98PXlLPQl8YU0zZlVPW4ygFshF4ZFkGWo0zWGEA_rubh8X6yVwGtqMCXibLy5woffVUYsp8eqildALsFnD0cY3h2acMvE9E8SAihG_np_Jc7THplEbHRfhPNbRgrJkdxSw?key=KdTe4ebj2LF2q11U0C9kmA\" alt=\"\"\/><\/figure>\n\n\n\n<p><strong><em>Casa-Carta<\/em><\/strong><em> (Brize Dantas Cerqueira de Oliveira, Cachoeira, Anima\u00e7\u00e3o, 3 min, UFRB)<\/em><\/p>\n\n\n\n<p><strong>Sinopse:<\/strong> Um astronauta entrega cartas em sua nave, viajando na velocidade da luz. Sem ter para quando ou quem voltar, ele se apega as mensagens enviadas \u00e0s outras pessoas. Um dia, ele decide escrever sua pr\u00f3pria carta. Esse \u00e9 um document\u00e1rio sobre essa carta<\/p>\n\n\n\n<p><strong>Ficha t\u00e9cnica:<\/strong><br>Elenco: O astronauta \u2013 N\u00e1ssi<br>Roteiro: Brize Dantas<br>Dire\u00e7\u00e3o de Anima\u00e7\u00e3o: Brize Dantas<br>Anima\u00e7\u00e3o 2D: Brize Dantas<br>Stopmotion: Brize Dantas, Aman Rodrigues, Mapa Macedo, Claudio Coelho<br>Dire\u00e7\u00e3o de Fotografia: Aman Rodrigues<br>Assist\u00eancia de Fotografia: Mapa Macedo<br>Dire\u00e7\u00e3o de Produ\u00e7\u00e3o: Brize Dantas<br>Dire\u00e7\u00e3o de Arte: Brize Dantas<br>Assist\u00eancia de Arte: Aman Rodrigues, Mapa Macedo, Claudio Coelho<br>Capta\u00e7\u00e3o de Som: Brize Dantas<br>Montagem: Claudio Coelho<br>Still: Em\u00ed Chiapetti<\/p>\n\n\n\n<figure class=\"wp-block-image\"><img decoding=\"async\" src=\"https:\/\/lh7-rt.googleusercontent.com\/docsz\/AD_4nXeu8X5Gxz4HxTt9XP2znK7P0hWPql9w2WkQCvQgV5CmNm8_EGPqWStLKyuPenKT3IfF6yoRkbM9cnWytM2akp09jUItlaa2h1Skfof5I3MDAmdbIUbggBWAaGLDHPqSgBTYI7lzTw?key=KdTe4ebj2LF2q11U0C9kmA\" alt=\"\"\/><\/figure>\n\n\n\n<p><strong><em>Saudade \u00e9 Reza<\/em><\/strong><em> (Ariel Vieira, Porto Seguro, Experimental, 6min, UFSB)<\/em><\/p>\n\n\n\n<p><strong>Sinopse<\/strong>: Em um tom \u00edntimo e melanc\u00f3lico, o filme narra o amanhecer ap\u00f3s uma perda. Tomada pela lembran\u00e7a de um amor ausente, ariel nos conduz por seu luto. entre mem\u00f3rias compartilhadas \u2014 can\u00e7\u00f5es de elza soares, conversas, sonhos de futuro e promessas de afeto \u2014 a aus\u00eancia de rafa bebiano se revela como um vazio irrepar\u00e1vel. o mar, o vento e o c\u00e9u se tornam testemunhas silenciosas de uma dor que \u00e9 tamb\u00e9m poesia. um lamento sutil sobre o amor, a perda e a tentativa de seguir adiante quando o cora\u00e7\u00e3o ainda mora no passado.<\/p>\n\n\n\n<p><strong>Ficha t\u00e9cnica:<\/strong><br>Um filme de Ariel Vieira em homenagem a Rafa Bebiano<br>Poesia e voz: Ariel Vieira<br>M\u00fasica cover: Rafa Bebiano<br>Edi\u00e7\u00e3o e montagem: Ariel Vieira<\/p>\n\n\n\n<figure class=\"wp-block-image\"><img decoding=\"async\" src=\"https:\/\/lh7-rt.googleusercontent.com\/docsz\/AD_4nXfnF7zstfbKrHFKtoGTR-WfXP3sTW4z5FkRJxymoMpbtB2vA-4OyftGpmMjV8_6TF6sLIrQen4SfiPkuqaD0M-m9FljZbtO27FZIAnfgGc1sMI8REfgCirib6c6O7rMx_bIHzVg1A?key=KdTe4ebj2LF2q11U0C9kmA\" alt=\"\"\/><\/figure>\n\n\n\n<p><strong><em>Sankofa <\/em><\/strong><em>(Deivison Chioke, Porto Seguro, Fic\u00e7\u00e3o, 13min, UFSB)<\/em><\/p>\n\n\n\n<p><strong>Sinopse:<\/strong> A escritora baiana, Aqualtune, reconhecida por seus livros publicados, busca um tema para seu novo livro. Enquanto enfrenta obst\u00e1culos com a editora e sua verdadeira vontade, \u00e0 procura de um passado ancestral.<\/p>\n\n\n\n<p><strong>Ficha t\u00e9cnica:<\/strong><br>Dire\u00e7\u00e3o, produ\u00e7\u00e3o e roteiro: Deivison Chioke<br>Produ\u00e7\u00e3o Executiva: Ariane Stolfi<br>Dire\u00e7\u00e3o de fotografia: Gabriel Fernandes<br>Dire\u00e7\u00e3o de arte: Bianca Aracu\u00e3<br>T\u00e9cnico de som: J\u00falio Lem<br>Assistente de produ\u00e7\u00e3o: Kaleo Vieira<br>Fotografia still: Karina Cassimiro e Igor Sinopoli<br>Mixagem: Fluxo Studio<br>Efeitos sonoros: Heictor Cruz<br>Editor e color: Deivison Chioke<br>M\u00fasica: Mestre Z\u00e9<\/p>\n","protected":false},"excerpt":{"rendered":"<p>Sess\u00e3o de curtas 3 &#8211; Dia 13\/09, s\u00e1bado, \u00e0s 16h.Dura\u00e7\u00e3o: 50min*Exibi\u00e7\u00e3o seguida de debate com realizadores\/as Ed Aquino &#8211; Gente de Teatro (Loa Luz, Porto Seguro, Document\u00e1rio, 20 min, UFSB)&nbsp; Sinopse: Ed Aquino foi professor de teatro, ativista cultural e social. Nascido em Ibirataia e atuante em Porto Seguro, acreditava na arte como caminho de&hellip; <a class=\"more-link\" href=\"https:\/\/imaginacircuito.com\/festa\/sessao-de-curtas-3\/\">Continuar lendo <span class=\"screen-reader-text\">Sess\u00e3o de curtas 3<\/span><\/a><\/p>\n","protected":false},"author":3,"featured_media":0,"parent":0,"menu_order":0,"comment_status":"closed","ping_status":"closed","template":"","meta":{"extendify_custom_stylesheet":"","bgseo_title":"","bgseo_description":"","bgseo_robots_index":"index","bgseo_robots_follow":"follow","footnotes":""},"class_list":["post-1579","page","type-page","status-publish","hentry","entry"],"_links":{"self":[{"href":"https:\/\/imaginacircuito.com\/festa\/wp-json\/wp\/v2\/pages\/1579","targetHints":{"allow":["GET"]}}],"collection":[{"href":"https:\/\/imaginacircuito.com\/festa\/wp-json\/wp\/v2\/pages"}],"about":[{"href":"https:\/\/imaginacircuito.com\/festa\/wp-json\/wp\/v2\/types\/page"}],"author":[{"embeddable":true,"href":"https:\/\/imaginacircuito.com\/festa\/wp-json\/wp\/v2\/users\/3"}],"replies":[{"embeddable":true,"href":"https:\/\/imaginacircuito.com\/festa\/wp-json\/wp\/v2\/comments?post=1579"}],"version-history":[{"count":5,"href":"https:\/\/imaginacircuito.com\/festa\/wp-json\/wp\/v2\/pages\/1579\/revisions"}],"predecessor-version":[{"id":1641,"href":"https:\/\/imaginacircuito.com\/festa\/wp-json\/wp\/v2\/pages\/1579\/revisions\/1641"}],"wp:attachment":[{"href":"https:\/\/imaginacircuito.com\/festa\/wp-json\/wp\/v2\/media?parent=1579"}],"curies":[{"name":"wp","href":"https:\/\/api.w.org\/{rel}","templated":true}]}}