{"id":1576,"date":"2025-08-13T11:14:25","date_gmt":"2025-08-13T14:14:25","guid":{"rendered":"https:\/\/imaginacircuito.com\/festa\/?page_id=1576"},"modified":"2025-08-16T17:01:22","modified_gmt":"2025-08-16T20:01:22","slug":"sessao-de-curtas-2","status":"publish","type":"page","link":"https:\/\/imaginacircuito.com\/festa\/sessao-de-curtas-2\/","title":{"rendered":"Sess\u00e3o de curtas 2"},"content":{"rendered":"\n<p><strong>Sess\u00e3o de curtas 2 &#8211; <strong>Dia 12\/09, sexta-feira, \u00e0s 19h.<\/strong><\/strong> <br><strong>Dura\u00e7\u00e3o: 68min<\/strong><br><strong><em>*Exibi\u00e7\u00e3o seguida de debate com realizadores\/as<\/em><\/strong><\/p>\n\n\n\n<figure class=\"wp-block-image\"><img decoding=\"async\" src=\"https:\/\/lh7-rt.googleusercontent.com\/docsz\/AD_4nXda_F_XBT0yqRjvOnRZRMhGr263Yi7qVEftkv6Y4wVBIHbbc2YiFXPdoVTJFUzpo5WWmTo_WNnVL6TwsAaXmKKrsEwA5PTizX62ejXQ2PeuvGkjMRpIM7yP-r4Jp1uONuq2_lQigw?key=KdTe4ebj2LF2q11U0C9kmA\" alt=\"\"\/><\/figure>\n\n\n\n<p><em><strong>A Arte da Pesca<\/strong><\/em> (Erick Vin\u00edcius, Porto Seguro, Document\u00e1rio, 20min, UFSB)<\/p>\n\n\n\n<p><strong>Sinopse:<\/strong> &#8220;A arte da pesca&#8221; \u00e9 um document\u00e1rio po\u00e9tico que busca transmitir informa\u00e7\u00f5es a respeito das t\u00e9cnicas e ferramentas que s\u00e3o utilizadas na pescaria artesanal e transpassar as viv\u00eancias e conhecimentos ancestrais e tradicionais dos pescadores da Tarifa de Porto Seguro para a popula\u00e7\u00e3o, instigando reflex\u00f5es sobre a import\u00e2ncia de valoriza\u00e7\u00e3o dos trabalhadores locais.<\/p>\n\n\n\n<p><strong>Ficha t\u00e9cnica:<\/strong><br>Dire\u00e7\u00e3o: Erick Vin\u00edcius<br>Produ\u00e7\u00e3o geral: Rosemary Ferreira<br>Grava\u00e7\u00e3o\/Edi\u00e7\u00e3o: Raiz Tanaka<br>Trilha Sonora: Ariane Stolfi e Caio Vandr\u00e9<br>Pescadores: Aliomar Lage, Arlison Coelho, Fernando Lage, Geusivaldo Costa, Uilson Correia<\/p>\n\n\n\n<figure class=\"wp-block-image\"><img decoding=\"async\" src=\"https:\/\/lh7-rt.googleusercontent.com\/docsz\/AD_4nXcM3uRPwOvGe4dNSf_2BjaPYUDHcJrUco8Eg-ICAAQm9j-o27zPa1sClmmqubaI0Mf8bFyDRVi_R0oqeyuiq69tTEJ9Y1wtCz9fD6-Y9oy84bREN_rMP0C4vyOQMjbBe9_4LEx-cw?key=KdTe4ebj2LF2q11U0C9kmA\" alt=\"\"\/><\/figure>\n\n\n\n<p><em><strong>O Vulto na Canoa<\/strong> <\/em>(Bianca Aracu\u00e3, Santa Cruz Cabr\u00e1lia, Experimental, 6 min, UFSB)<\/p>\n\n\n\n<p><strong>Sinopse: <\/strong>No povoado do Guai\u00fa, em Santa Cruz Cabr\u00e1lia, as \u00e1guas carregam segredos antigos. Inspirado nos &#8220;Contos de Pescador&#8221; de Epif\u00e2nio da Silva Sampaio, o curta-metragem experimental O Vulto na Canoa mergulha na ancestralidade afro-ind\u00edgena ao narrar uma hist\u00f3ria ficcional que mistura tradi\u00e7\u00e3o oral, espiritualidade e mist\u00e9rio. Filmado com participa\u00e7\u00e3o ativa da comunidade local, o filme evoca mem\u00f3rias vivas por meio de imagens po\u00e9ticas, sons da natureza e personagens que parecem emergir das \u00e1guas e da mem\u00f3ria coletiva.<\/p>\n\n\n\n<p><strong>Ficha t\u00e9cnica:<\/strong> <br>Produ\u00e7\u00e3o: Bernardo Vit\u00f3ria<br>Dire\u00e7\u00e3o: Bianca Vit\u00f3ria<br>Dire\u00e7\u00e3o de fotografia: Nicole Dela Cruz<br>Som Direto E Produ\u00e7\u00e3o Sonora: J\u00falio C\u00e9sar Pereira<br>Produ\u00e7\u00e3o de elenco: Lucas Mendes<br>Dire\u00e7\u00e3o de Artes:&nbsp; Daniela Vit\u00f3ria<br>Montador, finalizador e Logger: Deivison Chioke<br>Auxiliar de produ\u00e7\u00e3o: C\u00e1tia&nbsp; Borges<br>Auxiliar de produ\u00e7\u00e3o: In\u00e1cia&nbsp; Borges<br>Servi\u00e7o de alimenta\u00e7\u00e3o: Restaurante do Goeba<br>Servi\u00e7o de&nbsp; loca\u00e7\u00e3o: Epif\u00e2nio&nbsp; Sampaio<br>Apoio: IMEGE, UFSB- CFAC, Anna Luiza Avelar<br>Elenco:&nbsp;<br>Protagonista fase mais nova: Breno Vit\u00f3ria<br>Protagonista fase mais velha:&nbsp; Raimundo Borges<br>Coprotagonista: Lucas Mendes<br>Coadjuvante: Th\u00e9o&nbsp; Santos<br>Coadjuvante: Andr\u00e9&nbsp; Marques<br>Coadjuvante: Samuel&nbsp; Magalh\u00e3es<br>Coadjuvante: Yasmin Pereira<br>Figura\u00e7\u00e3o: Esther Ros\u00e1rio<\/p>\n\n\n\n<figure class=\"wp-block-image\"><img decoding=\"async\" src=\"https:\/\/lh7-rt.googleusercontent.com\/docsz\/AD_4nXcfRzV-3vVJTcNZgeQm3sQ3g7IyoXxNDG0J-XTZ51nddNLcND8jnBMstQARdJ2Pz2RhDuGtr6pmRqVbpD041orj37WyELvaDRrZAVLKrBk9ryf1PytM2ceLkTAI6wCnjn7NfMJ6GA?key=KdTe4ebj2LF2q11U0C9kmA\" alt=\"\"\/><\/figure>\n\n\n\n<p><em><strong>Meu Amigo Ti\u00e3o <\/strong><\/em>(Elizeu Oliveira, Belmonte, Experimental, 3min, UFSB)<\/p>\n\n\n\n<p><strong>Sinopse:<\/strong> \u201cMeu Amigo Ti\u00e3o\u201d \u00e9 um curta experimental que busca revelar a hist\u00f3ria de Ti\u00e3o, um personagem que, apesar de sua import\u00e2ncia para a comunidade de Belmonte, foi progressivamente esquecido ao longo do tempo.<\/p>\n\n\n\n<p><strong>Ficha t\u00e9cnica:<\/strong><br>Dire\u00e7\u00e3o\/Roteiro\/M\u00fasica\/Capta\u00e7\u00e3o de Som: Elizeu Oliveira<\/p>\n\n\n\n<figure class=\"wp-block-image\"><img decoding=\"async\" src=\"https:\/\/lh7-rt.googleusercontent.com\/docsz\/AD_4nXeP98WrSRmz_di6RvrOmsR2pf9-byaixxTNCJ5fblZvYlW9-kSLRTHabwnwqL5rEYYaOA1putL6aT1ZNCmP7LUw9n3s4YBeFiGNMhdU4vHaqEEwWvVWAIvvzdEYlWWKks4hYgBj?key=KdTe4ebj2LF2q11U0C9kmA\" alt=\"\"\/><\/figure>\n\n\n\n<p><strong><em>Belgas Toons<\/em> <\/strong>(Saymon de Jesus Santos, Belmonte, Anima\u00e7\u00e3o\/Document\u00e1rio, 5min, Col\u00e9gio Estadual de Tempo Integral de Belmonte)<\/p>\n\n\n\n<p><strong><em>Belgas Toons<\/em><\/strong> (Saymon de Jesus Santos, Belmonte, Anima\u00e7\u00e3o\/Document\u00e1rio, 5min, Col\u00e9gio Estadual de Tempo Integral de Belmonte)<\/p>\n\n\n\n<p><strong>Sinopse:<\/strong> Uma crian\u00e7a pergunta para o seu av\u00f4 como era a cidade de Belmonte na \u00e9poca dele para um trabalho de escola, com isso o av\u00f4 vai contando sobre como era a cidade<\/p>\n\n\n\n<p><strong>Ficha t\u00e9cnica:<\/strong><br>Saymon de Jesus Santos, Fagner Adrian Monteiro da Cruz, \u00cdcaro S\u00e1tiro Alves Santos e orientadora: Rita de Cassia Pereira de Souza<\/p>\n\n\n\n<p><\/p>\n\n\n\n<figure class=\"wp-block-image\"><img decoding=\"async\" src=\"https:\/\/lh7-rt.googleusercontent.com\/docsz\/AD_4nXcRz76Sm3StbyKOJHJ1dGhygDqw5HHuRRPdU-ZoO6BsLNxGv_4CSSPT-uyvlhAkJcaF4TENX2DMl9mVrR44HONIH0__VoXkXC4_6zOUBbVT1slPpp37Bt0KgZhl7xyqNGERWo8uYg?key=KdTe4ebj2LF2q11U0C9kmA\" alt=\"\"\/><\/figure>\n\n\n\n<p><em><strong>&#8220;Meu sil\u00eancio te incomoda?&#8221;<\/strong><\/em> (Luis Henrique Santos, Marcela Sousa, Mickelly Xavier, Nat\u00e1lia Silva, Sara Ramalho, Santa Cruz Cabr\u00e1lia, Document\u00e1rio, 5min, Col\u00e9gio Estadual Ind\u00edgena de Coroa Vermelha)<\/p>\n\n\n\n<p><strong>Sinopse:<\/strong> Em um curta-metragem profundamente tocante, a realidade da viol\u00eancia sexual infantil \u00e9 exposta com coragem e sensibilidade. Por meio de reportagens reais com depoimentos de crian\u00e7as e reflex\u00f5es de professores do ensino fundamental, o filme revela a urg\u00eancia de romper o sil\u00eancio que ainda cerca esse tipo de abuso. Com um olhar educativo e humano, a produ\u00e7\u00e3o convida \u00e0 escuta, \u00e0 empatia e \u00e0 a\u00e7\u00e3o \u2014 mostrando que falar sobre o tema \u00e9 o primeiro passo para proteger nossas crian\u00e7as e transformar o futuro.<\/p>\n\n\n\n<p><strong>Ficha t\u00e9cnica:<\/strong><br>Dire\u00e7\u00e3o: Luis Henrique Santos, Marcela Sousa, Mickelly Xavier, Nat\u00e1lia Silva, Sara Ramalho<br>Roteiro: Mickelly Xavier<br>Filmagem: Luis Henrique Santos, Marcela Sousa<br>Edi\u00e7\u00e3o: Sara Ramalho<br>Orienta\u00e7\u00e3o: Valdirene Sales, Col\u00e9gio Estadual Ind\u00edgena Coroa Vermelha<\/p>\n\n\n\n<figure class=\"wp-block-image\"><img decoding=\"async\" src=\"https:\/\/lh7-rt.googleusercontent.com\/docsz\/AD_4nXfFKlHihg14HUztCp1WbZN4EsSvhOq8nzAvJ9DmSFJ-WCEMo_T_a3Y8GvtwmlRuq8B7DI07FIQGHl0d1_vNUV6X1CdwZuj_12Spps01Ur-G-eC0h1ynMzM--nRG-XHcIH14hxDXDw?key=KdTe4ebj2LF2q11U0C9kmA\" alt=\"\"\/><\/figure>\n\n\n\n<p><em><strong>Patax\u00f3 Txih\u00ed Apon\u00e3hi<\/strong><\/em> (Coletivo Redemoinho e Jovens Ind\u00edgenas Patax\u00f3 de Coroa Vermelha, Santa Cruz Cabr\u00e1lia, Document\u00e1rio, 17min, UFSB)<\/p>\n\n\n\n<p><strong>Sinopse em Patxoh\u00e3:<\/strong> M\u00e3p\u00e3 \u016bx\u00e9 h\u016bnitxi txag\u2019r\u00fap tx\u00f3 Brasil, i\u00f5 h\u00e3-h\u00e3-h\u00e3e patax\u00f3 kasiak\u00e1 kahab\u2019x\u00f3 \u016bx\u00e9 h\u00f4t\u00f6 up\u00e2\u2019p nioktoinap pataxip, urbanos tx\u00f3 hah\u00e1\u2019n, ux\u00e9 aktxur\u00e1 eoat\u00f3, Santa Cruz Cabr\u00e1lia, tx\u00f3 Extremo sul da Bahia, ir\u00eak t\u00e2yp\u00e2k aw\u00e3k\u00e3 \u016bg pakh\u00ea pua vividamente retratadas. I\u00f5 document\u00e1rio pet\u00f5i i\u00f5 pinap\u00f5 up\u00fa urem\u00e3p \u00e3kgari i\u00f5 ah\u00e3 dx\u00e1\u2019\u00e1 kahab\u2019x\u00f3, \u00e3txo\u00ea\u2019ir\u00e1 t\u00e2ip\u00f4k \u012btxinere, p\u00e3g\u00eahe \u016bg i\u0113 ikh\u00e3 up\u00fa kotenek\u00f4p tapurit\u00fa tupav\u00eapu\u00e3, \u016bg i\u00f5 apiak i\u0113 u\u00e3reh\u00e1\u2019tx\u0113pu\u00e3 up\u00fa h\u00f5txom\u00e3 i\u0113 pakh\u00ea \u016bg ku\u00e3 nak\u00edy\u00e3 me\u2019\u00e1 miraw\u00ea.<\/p>\n\n\n\n<p><strong>Sinopse:<\/strong> Presente em diversos lugares do Brasil, o povo patax\u00f3 tamb\u00e9m vive em uma das grandes aldeias urbanas do pa\u00eds, em Coroa Vermelha, Santa Cruz Cabr\u00e1lia, no Extremo sul da Bahia, onde sua hist\u00f3ria e cultura s\u00e3o vividamente retratadas. O document\u00e1rio tem o olhar de jovens sobre o territ\u00f3rio que vivem, mostrando sua origem, costumes, a luta de seus mais velhos e o quanto a preserva\u00e7\u00e3o de toda a cultura e saber ancestral \u00e9 sagrado.<\/p>\n\n\n\n<p><strong>Ficha t\u00e9cnica:<\/strong><br>Instrutor: Jo\u00e3o Carlos<br>Comunica\u00e7\u00e3o: Aline Valente, Jo\u00e3o Carlos<br>Decupagem: Aline Valente, Marcus Mendes<br>Roteiro: Aline Valente, Jo\u00e3o Carlos<br>Montagem e Finaliza\u00e7\u00e3o: Jo\u00e3o Carlos<br>Arte: Jo\u00e3o Carlos<br>Fotografia: Joana Brand\u00e3o<br>Produ\u00e7\u00e3o: Aline Valente, Jo\u00e3o Carlos, Ra\u00edssa C\u00f4rtes<br>Produ\u00e7\u00e3o local: Luena Patax\u00f3<br>Coordena\u00e7\u00e3o: Ra\u00edssa C\u00f4rtes<br>Coordena\u00e7\u00e3o e Orienta\u00e7\u00e3o: Joana Brand\u00e3o<br>Imagens celulares\/Jovens Ind\u00edgenas Patax\u00f3: Clark, \u00cdris D\u2019hont, Jennyfer Santos, Juan Rodrigues, Kenay Matos, Maria Eduarda, Mateus Lino, Melissa, Pedro Henrique, Rafael, Saulo Santos, Thawary, Wakay, Wrielly Matos<br>C\u00e2meras e celulares: Aline Valente, Beatriz Viana, Joana Brand\u00e3o, Jo\u00e3o Carlos, Marcus Mendes, Pedro Fernandes, Rafael Silva, Thauane Viana<br>Crian\u00e7as: Ayni, Yasmin, L\u00edvia<\/p>\n\n\n\n<figure class=\"wp-block-image\"><img decoding=\"async\" src=\"https:\/\/lh7-rt.googleusercontent.com\/docsz\/AD_4nXdaD_yHydI8qmnoh_r12rvk3EuU3moYSua6fw0T6ejYNHehaF11IvFkJVcFadcnLF1T9mUpbLEk5MvMbwuVsG8f7VDNoZiaueDUXvTzZBtFdup_cqMm9W5YHnuz99wRXG3e0Izn5Q?key=KdTe4ebj2LF2q11U0C9kmA\" alt=\"\"\/><\/figure>\n\n\n\n<p><strong><em>Rancho do Pacat\u00e1: Tradi\u00e7\u00e3o em Movimento<\/em> <\/strong>(Anna Avelar, Porto Seguro, Document\u00e1rio, 12min, UFSB)<\/p>\n\n\n\n<p><strong>Sinopse: <\/strong>O document\u00e1rio teve como objetivo contar a hist\u00f3ria do Rancho Pacata, um movimento cultural que resgata e atualiza a tradi\u00e7\u00e3o junina do forr\u00f3 de porta em porta em Porto Seguro, destacando sua import\u00e2ncia social, cultural e de inclus\u00e3o. O filme evidencia como o Rancho valoriza o espa\u00e7o comunit\u00e1rio, fortalece a rela\u00e7\u00e3o entre as pessoas e contribui para manter viva a tradi\u00e7\u00e3o junina, que vem se perdendo ao longo do tempo.<\/p>\n\n\n\n<p><strong>Ficha t\u00e9cnica:<\/strong><br>Dire\u00e7\u00e3o e produ\u00e7\u00e3o: Anna Avelar<br>Produtor associado: Patrick San Kr\u00fcger<br>Fotografia: Gabriel Fernandes e Anna Avelar<br>Montagem: Gabriel Fernandes<\/p>\n","protected":false},"excerpt":{"rendered":"<p>Sess\u00e3o de curtas 2 &#8211; Dia 12\/09, sexta-feira, \u00e0s 19h. Dura\u00e7\u00e3o: 68min*Exibi\u00e7\u00e3o seguida de debate com realizadores\/as A Arte da Pesca (Erick Vin\u00edcius, Porto Seguro, Document\u00e1rio, 20min, UFSB) Sinopse: &#8220;A arte da pesca&#8221; \u00e9 um document\u00e1rio po\u00e9tico que busca transmitir informa\u00e7\u00f5es a respeito das t\u00e9cnicas e ferramentas que s\u00e3o utilizadas na pescaria artesanal e transpassar&hellip; <a class=\"more-link\" href=\"https:\/\/imaginacircuito.com\/festa\/sessao-de-curtas-2\/\">Continuar lendo <span class=\"screen-reader-text\">Sess\u00e3o de curtas 2<\/span><\/a><\/p>\n","protected":false},"author":3,"featured_media":0,"parent":0,"menu_order":0,"comment_status":"closed","ping_status":"closed","template":"","meta":{"extendify_custom_stylesheet":"","bgseo_title":"","bgseo_description":"","bgseo_robots_index":"index","bgseo_robots_follow":"follow","footnotes":""},"class_list":["post-1576","page","type-page","status-publish","hentry","entry"],"_links":{"self":[{"href":"https:\/\/imaginacircuito.com\/festa\/wp-json\/wp\/v2\/pages\/1576","targetHints":{"allow":["GET"]}}],"collection":[{"href":"https:\/\/imaginacircuito.com\/festa\/wp-json\/wp\/v2\/pages"}],"about":[{"href":"https:\/\/imaginacircuito.com\/festa\/wp-json\/wp\/v2\/types\/page"}],"author":[{"embeddable":true,"href":"https:\/\/imaginacircuito.com\/festa\/wp-json\/wp\/v2\/users\/3"}],"replies":[{"embeddable":true,"href":"https:\/\/imaginacircuito.com\/festa\/wp-json\/wp\/v2\/comments?post=1576"}],"version-history":[{"count":10,"href":"https:\/\/imaginacircuito.com\/festa\/wp-json\/wp\/v2\/pages\/1576\/revisions"}],"predecessor-version":[{"id":1642,"href":"https:\/\/imaginacircuito.com\/festa\/wp-json\/wp\/v2\/pages\/1576\/revisions\/1642"}],"wp:attachment":[{"href":"https:\/\/imaginacircuito.com\/festa\/wp-json\/wp\/v2\/media?parent=1576"}],"curies":[{"name":"wp","href":"https:\/\/api.w.org\/{rel}","templated":true}]}}