{"id":1573,"date":"2025-08-13T11:13:54","date_gmt":"2025-08-13T14:13:54","guid":{"rendered":"https:\/\/imaginacircuito.com\/festa\/?page_id=1573"},"modified":"2025-08-16T17:03:33","modified_gmt":"2025-08-16T20:03:33","slug":"sessao-de-curtas-1","status":"publish","type":"page","link":"https:\/\/imaginacircuito.com\/festa\/sessao-de-curtas-1\/","title":{"rendered":"Sess\u00e3o de curtas 1"},"content":{"rendered":"\n<p><strong>Sess\u00e3o de curtas 1 &#8211; <strong>Dia 11\/09, quinta-feira, \u00e0s 19h30.<\/strong><\/strong> <br><strong>Dura\u00e7\u00e3o: 53 min<\/strong><br><strong><em>*Exibi\u00e7\u00e3o seguida de debate com realizadores\/as<\/em><\/strong><\/p>\n\n\n\n<figure class=\"wp-block-image\"><img decoding=\"async\" src=\"https:\/\/lh7-rt.googleusercontent.com\/docsz\/AD_4nXdFMpI6QgHWwc70qjKKU9hUWqH39gA_XcnYHCf-z6QbrBbmnMIRZjnbD7J1nLQUPWrw3UP2E_nHMx9gpFENs8lb37RQPTarMQ-jmqJ_Q9WAyVnnV0R2ILh7HT-xPOf7wsW05rnN?key=KdTe4ebj2LF2q11U0C9kmA\" alt=\"\"\/><\/figure>\n\n\n\n<p><em><strong>Candinga &#8211; O Filme<\/strong><\/em> (Jheyds Kann, produzido integralmente em territ\u00f3rios de luta: Aldeia Alegria Nova, Vale do Cahy, Terra Ind\u00edgena Comexatib\u00e1;&nbsp; Assentamento Baixa Verde MLT, Territ\u00f3rio Costa da Resist\u00eancia, Eun\u00e1polis;&nbsp; Assentamento Terra Vista, MST\/Teia dos Povos, Sul da Bahia, Arataca;&nbsp; Aldeia Serrana, Terra Ind\u00edgena Caramuru-Catarina-Paraguassu, Itaj\u00fa do Col\u00f4nia; Fic\u00e7\u00e3o, 14min, UFSB)<\/p>\n\n\n\n<p><strong>Sinopse:<\/strong> Um guerreiro afrofuturista recebe dos Encantados a miss\u00e3o de voltar no tempo, para no passado, recuperar uma semente e tentar reviver a natureza do futuro, destru\u00eddo pela a\u00e7\u00e3o humana. Ter\u00e1 sucesso em sua miss\u00e3o?<\/p>\n\n\n\n<p><strong>Ficha t\u00e9cnica:<\/strong>&nbsp;<br>Dire\u00e7\u00e3o: Jheyds Kann<br>Elenco: Luciano Payay\u00e1, Roxana Otom\u00ed Nahua, Ismael Sena<br>Dire\u00e7\u00e3o de Fotografia: Jheyds Kann, Ramon Rafaello, Nayara Domingos, compa sonho<br>Motion Design &amp; Edi\u00e7\u00e3o: compa sonho<br>Montagem, Finaliza\u00e7\u00e3o e Paci\u00eancia Hist\u00f3rica: compa sonho<br>Trilha Sonora: Jheyds Kann, Gabriel Ledo<br>Figurinos: Jheyds Kann, Fl\u00e1vio Prates, Lia Monteiro, Paulo Roberto Miranda Filho (Cisco), Emmer Carvalho<br>Assistentes de Produ\u00e7\u00e3o: Juacema Patax\u00f3, Sar\u00e3 Patax\u00f3, Mariana Vieira, Janice Cardoso, Thain\u00e1 Vieira, Flavio Prates, Lia Monteiro, Renata Emmer, R\u00ea Freitas<br>Cinegrafistas: Be Gasparini, Ramon Rafaello, Fl\u00e1vio Prates, compa sonho, Jheyds Kann, Geoffrey Roy<br>Cenografia: Juacema Patax\u00f3, Sar\u00e3 Patax\u00f3, Paulo Roberto Miranda Filho (Cisco), Flavio Prates, Lia Monteiro, Mariana Vieira, Thain\u00e1 Vieira<\/p>\n\n\n\n<figure class=\"wp-block-image\"><img decoding=\"async\" src=\"https:\/\/lh7-rt.googleusercontent.com\/docsz\/AD_4nXegQ_2loriR-rY1wIrXkV6vOj97idKXQG4wxFc3R90nZg3uKcqeQWiUN31cEHWz_cd7_-J18YpSIo2Qe-UxPFDwQUBagOxsfHaO4Lm8N7trQ_t301seMsinOvBifwHw3ldNdOrl?key=KdTe4ebj2LF2q11U0C9kmA\" alt=\"\"\/><\/figure>\n\n\n\n<p><em><strong>Rheum<\/strong><\/em> (Rayana Fran\u00e7a, Salvador, Anima\u00e7\u00e3o, 2min, UFBA)<\/p>\n\n\n\n<p><strong>Sinopse: <\/strong>Permeada pela liricidade do sonho, RHEUM acompanha a experi\u00eancia sinest\u00e9sica de Remela. Com trilha sonora autoral e sendo produzido em anima\u00e7\u00e3o com areia, o curta trabalha o suspense criado pelo subconsciente.<\/p>\n\n\n\n<p><strong>Ficha t\u00e9cnica:<\/strong> <br>Dire\u00e7\u00e3o: Rayana Fran\u00e7a<br>Roteiristas: La\u00eds Anjos, Lia Mai, Rayana Fran\u00e7a, Rebeca Vieira, Z\u00e9 de Rocha<br>Dire\u00e7\u00e3o de Fotografia: La\u00eds Anjos, Lia Mai, Rayana Fran\u00e7a, Rebeca Vieira, Z\u00e9 de Rocha<br>Dire\u00e7\u00e3o de Arte: Z\u00e9 de Rocha<br>Produ\u00e7\u00e3o: Lia Mai, Rayana Fran\u00e7a, Z\u00e9 de Rocha<br>Anima\u00e7\u00e3o: La\u00eds Anjos, Lia Mai, Rayana Fran\u00e7a, Rebeca Vieira, Z\u00e9 de Rocha<br>Trilha Sonora\/M\u00fasica: Z\u00e9 de Rocha<br>Dublagem: Lia Mai<br>Efeitos Sonoros: Rayana Fran\u00e7a, Z\u00e9 de Rocha<br>Edi\u00e7\u00e3o\/Montagem: Rebeca Vieira<br>Distribui\u00e7\u00e3o: Fl\u00e1via Rabachim<br>Efeitos Pr\u00e1ticos: Z\u00e9 de Rocha<\/p>\n\n\n\n<figure class=\"wp-block-image\"><img decoding=\"async\" src=\"https:\/\/lh7-rt.googleusercontent.com\/docsz\/AD_4nXeMyA_OxHqHrwusDjs_PPUIRQUHHFxDgMoG_3j4T__0N_7Fa2CyW7CawhYT7Ore5AnwQQdTfqs-EkObX0kk67ZSuGvAM4DRpSx8C6BQcH2w2b41XzJbfvMGjtP2OnxNrXDJYnbTdQ?key=KdTe4ebj2LF2q11U0C9kmA\" alt=\"\"\/><\/figure>\n\n\n\n<p><em><strong>No Corpo<\/strong> <\/em>(Luana Martins Nogueira, Santa Cruz Cabr\u00e1lia, Experimental, 7min, UFSB)<\/p>\n\n\n\n<p><strong>Sinopse:<\/strong> &#8220;No Corpo&#8221; \u00e9 um curta-metragem autobiogr\u00e1fico produzido e realizado por Luana Martins Nogueira como parte de seu Trabalho de Conclus\u00e3o de Curso na Especializa\u00e7\u00e3o em Pedagogia das Artes: Linguagens Art\u00edsticas e A\u00e7\u00e3o Cultural (EPArtes) pela Universidade Federal do Sul da Bahia. Filmado inteiramente pelo celular com imagens de arquivo pessoal, o document\u00e1rio \u00e9 um relato sens\u00edvel sobre a experi\u00eancia de maternar enquanto estudante e artista.<\/p>\n\n\n\n<p><strong>Ficha t\u00e9cnica:<\/strong><br>Dire\u00e7\u00e3o, Roteiro e Produ\u00e7\u00e3o: Luana Martins Nogueira<br>Capta\u00e7\u00e3o e Edi\u00e7\u00e3o: Luana Martins Nogueira (filmado e editado em um iPhone 11)<br>Fotografia: Imagens de arquivo pessoal<br>Trilha Sonora: Maroon<br>Orientadora: Profa. Cristiane Lima<\/p>\n\n\n\n<figure class=\"wp-block-image\"><img decoding=\"async\" src=\"https:\/\/lh7-rt.googleusercontent.com\/docsz\/AD_4nXcIpSUHmNA4W3y6bjS2GXTq5jqZgfnOqNY_9OnDCt3ihYNT_9fKf2MFiq2X2rYXfuCbrca4SVhLTxAndFylPFE4OlTYpbaUtWp2hYB21Kw1dv5QiZySJUZTNhl26Q_B23_T5NqeIg?key=KdTe4ebj2LF2q11U0C9kmA\" alt=\"\"\/><\/figure>\n\n\n\n<p><em><strong>Ainda estamos aqui<\/strong> <\/em>(Sofia de Oliveira Souza, Porto Seguro, Document\u00e1rio, 3min, CEEP 2 de Julho)<\/p>\n\n\n\n<p><strong>Sinopse:<\/strong> Depois que meu pai se foi, ficou s\u00f3 eu e minha m\u00e3e. A casa mudou, o tempo mudou, mas tem algo que permanece: a for\u00e7a dela, mesmo em sil\u00eancio. Nesse filme, eu conto com imagens e mem\u00f3rias como \u00e9 continuar, mesmo com a aus\u00eancia. \u00c9 uma homenagem, mas tamb\u00e9m \u00e9 um jeito de dizer: ainda estamos aqui. Juntas.<\/p>\n\n\n\n<p><strong>Ficha t\u00e9cnica:<\/strong>&nbsp;<br>C\u00e2mera\/Voz\/Edi\u00e7\u00e3o: Sofia de Oliveira Souza<br>Participa\u00e7\u00e3o Especial: Maria Aparecida Gomes<br>Orienta\u00e7\u00e3o: Ra\u00edssa Tamassia C\u00f4rtes, Marcelo Nunes dos Santos<\/p>\n\n\n\n<figure class=\"wp-block-image\"><img decoding=\"async\" src=\"https:\/\/lh7-rt.googleusercontent.com\/docsz\/AD_4nXfT7MuL70NgawKUhgjruN6Wa8HRrk3L29exXTgRClIHmsoNoqmS7VQ7e6nl4n-2HbRh4Up3ScVaqpuscYvKtsTAnUvTdkzLsAvtbEn5VUuoD-kkLYdV315peyri8r-2Xytp1R9pZQ?key=KdTe4ebj2LF2q11U0C9kmA\" alt=\"\"\/><\/figure>\n\n\n\n<p><em><strong>Di\u00e1rio de um Atleta<\/strong> <\/em>(Gustavo Souza Aguiar, Porto Seguro, Document\u00e1rio, 3 min, CEEP 2 de Julho)<\/p>\n\n\n\n<p><strong>Sinopse:<\/strong> O filme acompanha, de forma \u00edntima e sens\u00edvel, a rotina de um atleta. Do despertar com foco \u00e0 supera\u00e7\u00e3o em quadra, o que faz parte e constr\u00f3i o protagonista durante um dia da vida de atleta.<\/p>\n\n\n\n<p><strong>Ficha t\u00e9cnica:&nbsp;<\/strong><br>Dire\u00e7\u00e3o\/Roteiro\/C\u00e2mera\/Edi\u00e7\u00e3o: Gustavo Souza Aguiar, Gabriela Oliveira Lopes<br>Participa\u00e7\u00e3o: Time de basquete de Coroa Vermelha, Anthony Absolon Soares Ribeiro, Gabriel Assis Silva, Adam Nascimento dos Santos, Matheus Cardoso dos Santos, Samuel Rodrigo da Silva, Jo\u00e3o Lucas Fernandes Santos<br>Orienta\u00e7\u00e3o: Ra\u00edssa Tamassia C\u00f4rtes, Marcelo Nunes dos Santos<br>Agradecimento: Treinadora Mylene Andrade<\/p>\n\n\n\n<figure class=\"wp-block-image\"><img decoding=\"async\" src=\"https:\/\/lh7-rt.googleusercontent.com\/docsz\/AD_4nXdkgqOANNx2R3N_hsAgVW9agV7Q2zAWGH00dpU1LlkFWnLnSbDcbXjb60R-lVy04l34rdhME350tq2FHM-GONwF2oTtVO5PVXKTtIXOTesQcAoj7bxWQPy8-yTH1NXlNPc-vjgtJw?key=KdTe4ebj2LF2q11U0C9kmA\" alt=\"\"\/><\/figure>\n\n\n\n<p><em><strong>Se Esconda<\/strong><\/em> (Juan Souza, Salvador, Fic\u00e7\u00e3o, 5min, UFBA)<\/p>\n\n\n\n<p><strong>Sinopse: <\/strong>A Universidade Federal da Bahia tem estado muito perigosa \u00e0 noite, os estudantes est\u00e3o desesperados, por\u00e9m, ningu\u00e9m sabe se \u00e9 melhor correr ou se esconder.<\/p>\n\n\n\n<p><strong>Ficha t\u00e9cnica:<\/strong><br>Dire\u00e7\u00e3o: Juan Souza<br>Produ\u00e7\u00e3o: Jo\u00e3o Macedo<br>Roteiro: Juan Souza, Bruno Silva<br>Elenco: Andr\u00e9 \u2013 Jo\u00e3o Macedo; Mariana \u2013 Ana Paula Oliveira; J\u00f3 \u2013 Rayan Santos; A \u2013 Maria Clara Val\u00e9rio; B \u2013 Amanda Vieira<br>Edi\u00e7\u00e3o e Montagem: Bruno Silva<br>Dire\u00e7\u00e3o de Fotografia: Bruno Silva, Maria Velloso<br>Operadores de C\u00e2mera: Bruno Silva, Maria Velloso, La\u00eds Monteiro<br>Assist\u00eancia de Dire\u00e7\u00e3o: Ana Guimar\u00e3es, La\u00eds Monteiro<br>Assist\u00eancia de C\u00e2mera: La\u00eds Monteiro, Maria Clara Val\u00e9rio<br>Dire\u00e7\u00e3o de Arte: Ana Guimar\u00e3es<br>Assist\u00eancia de Arte: Ana Paula Oliveira, Amanda Vieira<br>Ilumina\u00e7\u00e3o: Ana Guimar\u00e3es, La\u00eds Monteiro<br>Som Direto: Jo\u00e3o Macedo, Lucas Barreto<br>Assist\u00eancia de Som Direto: Amanda Vieira, Bentes, Liandra Macedo<br>Desenho de Som e Mixagem: Jo\u00e3o Macedo<br>Figurantes: Juan Souza, La\u00eds Monteiro, Bruno Silva, Maria Velloso<\/p>\n\n\n\n<figure class=\"wp-block-image\"><img decoding=\"async\" src=\"https:\/\/lh7-rt.googleusercontent.com\/docsz\/AD_4nXdVHHawj0auoT1GCe0CxYLC0GIYUj4zSi8wkW_7-hNd1T9FWNWdw5AA1xJksrWjehyuyjSNLxBnd97MU_YS0B6mHUTlgicIaGP-CaaxijYmArxuJozADvprBxFwObwqFLysmgbXKQ?key=KdTe4ebj2LF2q11U0C9kmA\" alt=\"\"\/><\/figure>\n\n\n\n<p><em><strong>Jegue El\u00e9trico &#8211; 33 anos depois<\/strong><\/em> (Robson Vieira, Porto Seguro, Document\u00e1rio, 19min, UFSB)Em constru\u00e7\u00e3o<\/p>\n\n\n\n<p><strong>Sinopse:<\/strong> &#8220;O Jegue El\u00e9trico&#8221; \u00e9 um document\u00e1rio que revive o ic\u00f4nico movimento cultural de Porto Seguro dos anos 1990. Com roteiro e dire\u00e7\u00e3o de Robson Vieira, o filme narra, com humor e poesia, a hist\u00f3ria de um grupo de amigos que marcou a m\u00fasica baiana ao criar o Jegue El\u00e9trico em 1992. Atrav\u00e9s de uma pesquisa minuciosa da ex-integrante Ione Marias, o document\u00e1rio de 20 minutos entrela\u00e7a realidade e fic\u00e7\u00e3o, revelando personagens e hist\u00f3rias inesquec\u00edveis, com imagens hist\u00f3ricas que celebram esse per\u00edodo vibrante.<\/p>\n\n\n\n<p><strong>Ficha t\u00e9cnica: <\/strong><br>Roteiro e Dire\u00e7\u00e3o: Robson Vieira<br>Produ\u00e7\u00e3o Executiva, Assist\u00eancia de Dire\u00e7\u00e3o: Ione Marias<br>Pesquisa: Ione Marias e Robson Vieira<br>Dire\u00e7\u00e3o de Fotografia e Capta\u00e7\u00e3o de Imagens: Joana Moncau<br>Dire\u00e7\u00e3o de Arte: Daniella Bas\u00edlio<br>Assistente de Arte: Luan Buarque<br>Trilha Sonora Original: Du Txai<br>Designer Gr\u00e1fico e Social Media: Marcelo Gontijo<br>Assistentes de Set: Luan Buarque, Priscila Borges<br>Pr\u00e9-Edi\u00e7\u00e3o \u2013 Centralnrn: Raul Rodrigues Vieira, Kellerson Augusto, Felipe Augusto Rosa Lopes<br>Efeitos: Raul Rodrigues Vieira, Felipe Augusto Rosa Lopes<br>Legendagem e Audiodescri\u00e7\u00e3o: Kellerson Augusto, Raul Rodrigues Vieira<br>Montagem e Finaliza\u00e7\u00e3o: Robson Vieira<br>Colorista: Joana Moncau<br>Still: Joane Bittecourt<br>Tradu\u00e7\u00e3o para Ingl\u00eas: Kellerson Augusto<br>Elenco: Thiago Navillon, Jarinho<\/p>\n","protected":false},"excerpt":{"rendered":"<p>Sess\u00e3o de curtas 1 &#8211; Dia 11\/09, quinta-feira, \u00e0s 19h30. Dura\u00e7\u00e3o: 53 min*Exibi\u00e7\u00e3o seguida de debate com realizadores\/as Candinga &#8211; O Filme (Jheyds Kann, produzido integralmente em territ\u00f3rios de luta: Aldeia Alegria Nova, Vale do Cahy, Terra Ind\u00edgena Comexatib\u00e1;&nbsp; Assentamento Baixa Verde MLT, Territ\u00f3rio Costa da Resist\u00eancia, Eun\u00e1polis;&nbsp; Assentamento Terra Vista, MST\/Teia dos Povos, Sul&hellip; <a class=\"more-link\" href=\"https:\/\/imaginacircuito.com\/festa\/sessao-de-curtas-1\/\">Continuar lendo <span class=\"screen-reader-text\">Sess\u00e3o de curtas 1<\/span><\/a><\/p>\n","protected":false},"author":3,"featured_media":0,"parent":0,"menu_order":0,"comment_status":"closed","ping_status":"closed","template":"","meta":{"extendify_custom_stylesheet":"","bgseo_title":"","bgseo_description":"","bgseo_robots_index":"index","bgseo_robots_follow":"follow","footnotes":""},"class_list":["post-1573","page","type-page","status-publish","hentry","entry"],"_links":{"self":[{"href":"https:\/\/imaginacircuito.com\/festa\/wp-json\/wp\/v2\/pages\/1573","targetHints":{"allow":["GET"]}}],"collection":[{"href":"https:\/\/imaginacircuito.com\/festa\/wp-json\/wp\/v2\/pages"}],"about":[{"href":"https:\/\/imaginacircuito.com\/festa\/wp-json\/wp\/v2\/types\/page"}],"author":[{"embeddable":true,"href":"https:\/\/imaginacircuito.com\/festa\/wp-json\/wp\/v2\/users\/3"}],"replies":[{"embeddable":true,"href":"https:\/\/imaginacircuito.com\/festa\/wp-json\/wp\/v2\/comments?post=1573"}],"version-history":[{"count":6,"href":"https:\/\/imaginacircuito.com\/festa\/wp-json\/wp\/v2\/pages\/1573\/revisions"}],"predecessor-version":[{"id":1643,"href":"https:\/\/imaginacircuito.com\/festa\/wp-json\/wp\/v2\/pages\/1573\/revisions\/1643"}],"wp:attachment":[{"href":"https:\/\/imaginacircuito.com\/festa\/wp-json\/wp\/v2\/media?parent=1573"}],"curies":[{"name":"wp","href":"https:\/\/api.w.org\/{rel}","templated":true}]}}