{"id":138,"date":"2021-07-20T10:30:06","date_gmt":"2021-07-20T13:30:06","guid":{"rendered":"https:\/\/imaginacircuito.com\/festa\/?page_id=138"},"modified":"2021-07-20T11:33:11","modified_gmt":"2021-07-20T14:33:11","slug":"sobre-o-festival","status":"publish","type":"page","link":"https:\/\/imaginacircuito.com\/festa\/ofestival\/sobre-o-festival\/","title":{"rendered":"Sobre o Festival"},"content":{"rendered":"\n<p>Em atividade desde julho de 2018, o F.EST.A \u00e9 um subprojeto do <em>Programa de Extens\u00e3o Imagina! Circuito Permanente de Audiovisual<\/em>, que tem como objetivo incentivar a produ\u00e7\u00e3o audiovisual de jovens realizadores, fomentando espa\u00e7os de circula\u00e7\u00e3o de produ\u00e7\u00f5es de car\u00e1ter estudantil oriundas de todo o estado da Bahia e do pa\u00eds.&nbsp;<\/p>\n\n\n\n<p>Em suas duas primeiras edi\u00e7\u00f5es, o festival ofereceu sess\u00f5es de filmes, oficinas de capacita\u00e7\u00e3o e aprimoramento, rodas de conversa, dentre outros, e foram estabelecidas parcerias com col\u00e9gios estaduais: o CIEPS &#8211; Complexo Integrado de Educa\u00e7\u00e3o de Porto Seguro e o Col\u00e9gio Estadual de Trancoso. Em cada uma das edi\u00e7\u00f5es, alcan\u00e7amos um p\u00fablico estimado de 200 pessoas, somando-se o quantitativo de participantes e espectadores contemplados nas diversas atividades promovidas.<\/p>\n\n\n\n<p>O projeto procura estabelecer forte di\u00e1logo com a educa\u00e7\u00e3o b\u00e1sica, promovendo um festival por ano, a cada vez em parceria com uma escola diferente. Em 2020, devido a pandemia da Covid-19, as atividades do F.EST.A foram suspensas e o festival n\u00e3o aconteceu.&nbsp;<\/p>\n\n\n\n<p>Para 2021, o projeto ganha adapta\u00e7\u00f5es para realizar-se atrav\u00e9s de meios virtuais, mas buscando manter seus prop\u00f3sitos de fomento \u00e0 produ\u00e7\u00e3o estudantil e parceria com a educa\u00e7\u00e3o b\u00e1sica, desta vez atrav\u00e9s da integra\u00e7\u00e3o com as\/os residentes do Programa de Resid\u00eancia Pedag\u00f3gica (Capes\/UFSB).&nbsp;<\/p>\n","protected":false},"excerpt":{"rendered":"<p>Em atividade desde julho de 2018, o F.EST.A \u00e9 um subprojeto do Programa de Extens\u00e3o Imagina! Circuito Permanente de Audiovisual, que tem como objetivo incentivar a produ\u00e7\u00e3o audiovisual de jovens realizadores, fomentando espa\u00e7os de circula\u00e7\u00e3o de produ\u00e7\u00f5es de car\u00e1ter estudantil oriundas de todo o estado da Bahia e do pa\u00eds.&nbsp; Em suas duas primeiras edi\u00e7\u00f5es,&hellip; <a class=\"more-link\" href=\"https:\/\/imaginacircuito.com\/festa\/ofestival\/sobre-o-festival\/\">Continuar lendo <span class=\"screen-reader-text\">Sobre o Festival<\/span><\/a><\/p>\n","protected":false},"author":2,"featured_media":0,"parent":6,"menu_order":0,"comment_status":"closed","ping_status":"closed","template":"","meta":{"extendify_custom_stylesheet":"","bgseo_title":"","bgseo_description":"","bgseo_robots_index":"index","bgseo_robots_follow":"follow","footnotes":""},"class_list":["post-138","page","type-page","status-publish","hentry","entry"],"_links":{"self":[{"href":"https:\/\/imaginacircuito.com\/festa\/wp-json\/wp\/v2\/pages\/138","targetHints":{"allow":["GET"]}}],"collection":[{"href":"https:\/\/imaginacircuito.com\/festa\/wp-json\/wp\/v2\/pages"}],"about":[{"href":"https:\/\/imaginacircuito.com\/festa\/wp-json\/wp\/v2\/types\/page"}],"author":[{"embeddable":true,"href":"https:\/\/imaginacircuito.com\/festa\/wp-json\/wp\/v2\/users\/2"}],"replies":[{"embeddable":true,"href":"https:\/\/imaginacircuito.com\/festa\/wp-json\/wp\/v2\/comments?post=138"}],"version-history":[{"count":3,"href":"https:\/\/imaginacircuito.com\/festa\/wp-json\/wp\/v2\/pages\/138\/revisions"}],"predecessor-version":[{"id":181,"href":"https:\/\/imaginacircuito.com\/festa\/wp-json\/wp\/v2\/pages\/138\/revisions\/181"}],"up":[{"embeddable":true,"href":"https:\/\/imaginacircuito.com\/festa\/wp-json\/wp\/v2\/pages\/6"}],"wp:attachment":[{"href":"https:\/\/imaginacircuito.com\/festa\/wp-json\/wp\/v2\/media?parent=138"}],"curies":[{"name":"wp","href":"https:\/\/api.w.org\/{rel}","templated":true}]}}