{"id":1238,"date":"2023-09-24T08:29:34","date_gmt":"2023-09-24T11:29:34","guid":{"rendered":"https:\/\/imaginacircuito.com\/festa\/?page_id=1238"},"modified":"2023-09-26T11:37:41","modified_gmt":"2023-09-26T14:37:41","slug":"oficinas-2","status":"publish","type":"page","link":"https:\/\/imaginacircuito.com\/festa\/oficinas-2\/","title":{"rendered":"Oficinas"},"content":{"rendered":"\n<h3 class=\"wp-block-heading has-text-align-left\"><strong><mark style=\"background-color:rgba(0, 0, 0, 0);color:#602f75\" class=\"has-inline-color\">OFICINA 1 &#8211; PREPARA\u00c7\u00c3O C\u00caNICA PARA ATUA\u00c7\u00c3O NO CINEMA E V\u00cdDEO<\/mark><\/strong><\/h3>\n\n\n\n<h4 class=\"wp-block-heading has-text-align-left\"><strong>Quinta e sexta-feira, 05 e 06\/10, \u00e0s 14h. Dura\u00e7\u00e3o: 6h<\/strong>\/aula. 20 vagas.<\/h4>\n\n\n\n<p>Inscri\u00e7\u00f5es pelo formul\u00e1rio: <a href=\"https:\/\/acesse.dev\/0bWNt\">https:\/\/acesse.dev\/0bWNt<\/a>.<\/p>\n\n\n\n<p><strong>Ementa: <\/strong>A oficina trabalhar\u00e1 com a premissa do olhar da c\u00e2mera. Os jogos corporais e vocais ser\u00e3o conduzidos com o intuito de atentar ao participante que a todo momento est\u00e1 sendo vista, visto, observada, observado pela lente de uma c\u00e2mera e que tal observa\u00e7\u00e3o pode e deve impactar em sua movimenta\u00e7\u00e3o, a\u00e7\u00e3o respira\u00e7\u00e3o e intencionalidade.&nbsp;<\/p>\n\n\n<div class=\"wp-block-image\">\n<figure class=\"alignleft is-resized\"><img loading=\"lazy\" decoding=\"async\" src=\"https:\/\/lh6.googleusercontent.com\/56EWkPUb30PiFBl6PTjhOaxGmJz45jKDpQispkUP4oYuNXf7sXpvN1knMLCQGeRfxIydExbbABYGaH9YscT8bk9HSsICFLGlrbFkRecsXTjvV66unPIPZK8lfWFG1ca0H0gDSquKEgOWNlSoUtqTjyY\" alt=\"\" style=\"width:279px;height:372px\" width=\"279\" height=\"372\"\/><\/figure>\n<\/div>\n\n\n<p><strong>Ministrante: <\/strong>Robson Vieira<\/p>\n\n\n\n<p><strong>Mini-curr\u00edculo: <\/strong>Robson Vieira \u00e9 ator, diretor, dramaturgo, produtor, professor e pesquisador das tecnologias da cena e do trabalho corporal na cena, e integrante do Grupo de Pesquisa em Po\u00e9ticas Tecnol\u00f3gicas (CNPq\/UFSB), coordenado pelo Prof. Dr. Leonardo Souza. Fundador da Patela, com sede em Arraial D&#8217;Ajuda, vencedor de 5 pr\u00eamios de ator em festivais nacionais, 02 de dramaturgo. Atua no cinema em filmes importantes como: \u201cTemporada\u201d e \u201cElon n\u00e3o Acredita na morte\u201d, ambos podem ser vistos na NETFLIX. Seus \u00faltimos trabalhos no cinema foram &#8220;Marte Um&#8221;, \u201cSete Anos em maio\u201d e \u201cMalandro de Ouro\u201d. Al\u00e9m de atuar como preparador de elenco e diretor de ator. \u00a0<\/p>\n\n\n\n<hr class=\"wp-block-separator has-alpha-channel-opacity\"\/>\n\n\n\n<h3 class=\"wp-block-heading has-text-align-left\"><strong><mark style=\"background-color:rgba(0, 0, 0, 0);color:#602f75\" class=\"has-inline-color\">OFICINA 2 &#8211; T\u00c9CNICAS DE CINEMA DE ANIMA\u00c7\u00c3O&nbsp;<\/mark><\/strong><\/h3>\n\n\n\n<h4 class=\"wp-block-heading has-text-align-left\"><strong>Sexta-feira, 06\/10, de 9h \u00e0s 11h. Dura\u00e7\u00e3o: 2h<\/strong>\/aula. <br>30 vagas.<\/h4>\n\n\n\n<p><em>*Exclusiva para estudantes do CIEPS\/Col\u00e9gio Ricaldi<\/em><\/p>\n\n\n\n<p><strong>Ministrante: <\/strong>Coletivo \u00ccT\u00c0N: Cinema Negro de Anima\u00e7\u00e3o&nbsp;<\/p>\n\n\n\n<figure class=\"wp-block-image size-full is-resized\"><img loading=\"lazy\" decoding=\"async\" src=\"https:\/\/imaginacircuito.com\/festa\/wp-content\/uploads\/2023\/09\/image.jpeg\" alt=\"O atributo alt desta imagem est\u00e1 vazio. O nome do arquivo \u00e9 WhatsApp-Image-2023-09-22-at-16.08.31-1-1024x484.jpeg\" class=\"wp-image-1326\" style=\"width:612px;height:289px\" width=\"612\" height=\"289\" srcset=\"https:\/\/imaginacircuito.com\/festa\/wp-content\/uploads\/2023\/09\/image.jpeg 1024w, https:\/\/imaginacircuito.com\/festa\/wp-content\/uploads\/2023\/09\/image-300x142.jpeg 300w, https:\/\/imaginacircuito.com\/festa\/wp-content\/uploads\/2023\/09\/image-768x363.jpeg 768w, https:\/\/imaginacircuito.com\/festa\/wp-content\/uploads\/2023\/09\/image-250x118.jpeg 250w, https:\/\/imaginacircuito.com\/festa\/wp-content\/uploads\/2023\/09\/image-550x260.jpeg 550w, https:\/\/imaginacircuito.com\/festa\/wp-content\/uploads\/2023\/09\/image-800x378.jpeg 800w, https:\/\/imaginacircuito.com\/festa\/wp-content\/uploads\/2023\/09\/image-381x180.jpeg 381w, https:\/\/imaginacircuito.com\/festa\/wp-content\/uploads\/2023\/09\/image-635x300.jpeg 635w\" sizes=\"auto, (max-width: 612px) 100vw, 612px\" \/><\/figure>\n\n\n\n<p><strong>Ementa: <\/strong>Conhecer as principais t\u00e9cnicas de anima\u00e7\u00e3o quadro-a-quadro. Realizar micro curtas de anima\u00e7\u00e3o.<\/p>\n\n\n\n<p><strong>Mini curr\u00edculo:&nbsp; <\/strong>O Coletivo \u00ccT\u00c0N, composto por pessoas negras, surgiu a partir da realiza\u00e7\u00e3o de produ\u00e7\u00f5es audiovisuais com anima\u00e7\u00e3o, em Porto Seguro. Busca basear suas obras e a\u00e7\u00f5es nas est\u00e9ticas e conte\u00fados negros.<\/p>\n\n\n\n<hr class=\"wp-block-separator has-alpha-channel-opacity\"\/>\n\n\n\n<h3 class=\"wp-block-heading has-text-align-left\"><strong><mark style=\"background-color:rgba(0, 0, 0, 0);color:#602f75\" class=\"has-inline-color\">OFICINA 3 &#8211; ROTEIRO E STORYTELLING: T\u00c9CNICAS PARA ESCREVER BOAS NARRATIVAS<\/mark><\/strong><\/h3>\n\n\n\n<h4 class=\"wp-block-heading has-text-align-left\"><strong><strong>Sexta-feira, 06\/10, de 9h \u00e0s 11h. Dura\u00e7\u00e3o: 2h<\/strong>\/aula.<\/strong> <br>20 vagas.<\/h4>\n\n\n\n<p><em>*Exclusiva para estudantes do CIEPS\/Col\u00e9gio Ricaldi<\/em><\/p>\n\n\n\n<p><strong>Ementa:<\/strong> Voc\u00ea j\u00e1 teve alguma ideia digna de curta-metragem, v\u00eddeo-clipe e de outras linguagens do audiovisual, mas n\u00e3o soube como desenvolver essa ideia? A Oficina de Roteiro e Storytelling vai abordar t\u00e9cnicas e habilidades para contar narrativas criativas e conviventes, al\u00e9m disso, breve introdu\u00e7\u00e3o sobre tipos de narrativas, estrutura de roteiro e forma\u00e7\u00e3o master scens.<\/p>\n\n\n<div class=\"wp-block-image\">\n<figure class=\"alignleft size-large is-resized\"><img loading=\"lazy\" decoding=\"async\" src=\"https:\/\/imaginacircuito.com\/festa\/wp-content\/uploads\/2023\/09\/IMG-20230922-WA0042-819x1024.jpg\" alt=\"\" class=\"wp-image-1327\" style=\"width:258px;height:322px\" width=\"258\" height=\"322\" srcset=\"https:\/\/imaginacircuito.com\/festa\/wp-content\/uploads\/2023\/09\/IMG-20230922-WA0042-819x1024.jpg 819w, https:\/\/imaginacircuito.com\/festa\/wp-content\/uploads\/2023\/09\/IMG-20230922-WA0042-240x300.jpg 240w, https:\/\/imaginacircuito.com\/festa\/wp-content\/uploads\/2023\/09\/IMG-20230922-WA0042-768x960.jpg 768w, https:\/\/imaginacircuito.com\/festa\/wp-content\/uploads\/2023\/09\/IMG-20230922-WA0042-250x313.jpg 250w, https:\/\/imaginacircuito.com\/festa\/wp-content\/uploads\/2023\/09\/IMG-20230922-WA0042-550x688.jpg 550w, https:\/\/imaginacircuito.com\/festa\/wp-content\/uploads\/2023\/09\/IMG-20230922-WA0042-800x1000.jpg 800w, https:\/\/imaginacircuito.com\/festa\/wp-content\/uploads\/2023\/09\/IMG-20230922-WA0042-144x180.jpg 144w, https:\/\/imaginacircuito.com\/festa\/wp-content\/uploads\/2023\/09\/IMG-20230922-WA0042-400x500.jpg 400w, https:\/\/imaginacircuito.com\/festa\/wp-content\/uploads\/2023\/09\/IMG-20230922-WA0042.jpg 1024w\" sizes=\"auto, (max-width: 258px) 100vw, 258px\" \/><\/figure>\n<\/div>\n\n\n<p><strong>Ministrante:<\/strong> Jo\u00e3o Carlos (jupjoao)<\/p>\n\n\n\n<p><strong>Mini curr\u00edculo:<\/strong> jupjoao \u00e9 um multiartista vers\u00e1til e apaixonado pelo mundo das artes visuais e audiovisual. Com experi\u00eancia na produ\u00e7\u00e3o de v\u00e1rios curtas-metragens premiados, mergulha de cabe\u00e7a em projetos criativos, buscando criar narrativas poderosas e impactantes. Suas habilidades se estendem al\u00e9m da produ\u00e7\u00e3o cinematogr\u00e1fica, englobando tamb\u00e9m as artes visuais.<\/p>\n","protected":false},"excerpt":{"rendered":"<p>OFICINA 1 &#8211; PREPARA\u00c7\u00c3O C\u00caNICA PARA ATUA\u00c7\u00c3O NO CINEMA E V\u00cdDEO Quinta e sexta-feira, 05 e 06\/10, \u00e0s 14h. Dura\u00e7\u00e3o: 6h\/aula. 20 vagas. Inscri\u00e7\u00f5es pelo formul\u00e1rio: https:\/\/acesse.dev\/0bWNt. Ementa: A oficina trabalhar\u00e1 com a premissa do olhar da c\u00e2mera. Os jogos corporais e vocais ser\u00e3o conduzidos com o intuito de atentar ao participante que a todo&hellip; <a class=\"more-link\" href=\"https:\/\/imaginacircuito.com\/festa\/oficinas-2\/\">Continuar lendo <span class=\"screen-reader-text\">Oficinas<\/span><\/a><\/p>\n","protected":false},"author":4,"featured_media":0,"parent":0,"menu_order":0,"comment_status":"closed","ping_status":"closed","template":"","meta":{"extendify_custom_stylesheet":"","bgseo_title":"","bgseo_description":"","bgseo_robots_index":"index","bgseo_robots_follow":"follow","footnotes":""},"class_list":["post-1238","page","type-page","status-publish","hentry","entry"],"_links":{"self":[{"href":"https:\/\/imaginacircuito.com\/festa\/wp-json\/wp\/v2\/pages\/1238","targetHints":{"allow":["GET"]}}],"collection":[{"href":"https:\/\/imaginacircuito.com\/festa\/wp-json\/wp\/v2\/pages"}],"about":[{"href":"https:\/\/imaginacircuito.com\/festa\/wp-json\/wp\/v2\/types\/page"}],"author":[{"embeddable":true,"href":"https:\/\/imaginacircuito.com\/festa\/wp-json\/wp\/v2\/users\/4"}],"replies":[{"embeddable":true,"href":"https:\/\/imaginacircuito.com\/festa\/wp-json\/wp\/v2\/comments?post=1238"}],"version-history":[{"count":10,"href":"https:\/\/imaginacircuito.com\/festa\/wp-json\/wp\/v2\/pages\/1238\/revisions"}],"predecessor-version":[{"id":1379,"href":"https:\/\/imaginacircuito.com\/festa\/wp-json\/wp\/v2\/pages\/1238\/revisions\/1379"}],"wp:attachment":[{"href":"https:\/\/imaginacircuito.com\/festa\/wp-json\/wp\/v2\/media?parent=1238"}],"curies":[{"name":"wp","href":"https:\/\/api.w.org\/{rel}","templated":true}]}}