{"id":1226,"date":"2023-09-24T09:58:41","date_gmt":"2023-09-24T12:58:41","guid":{"rendered":"https:\/\/imaginacircuito.com\/festa\/?page_id=1226"},"modified":"2023-09-25T07:57:32","modified_gmt":"2023-09-25T10:57:32","slug":"sobre-som-sonhos-e-cinema","status":"publish","type":"page","link":"https:\/\/imaginacircuito.com\/festa\/sobre-som-sonhos-e-cinema\/","title":{"rendered":"Sess\u00e3o 03 &#8211; Sobre som, sonhos e cinema"},"content":{"rendered":"\n<p>Os filmes selecionados para esta sess\u00e3o ser\u00e3o exibidos no s\u00e1bado, dia 07\/10, a partir das 18h, no Col\u00e9gio Estadual Dr\u00ba Ant\u00f4nio Ricaldi. Para conferir a toda a programa\u00e7\u00e3o resumida, <strong><a rel=\"noreferrer noopener\" href=\"https:\/\/imaginacircuito.com\/festa\/programacao-resumida\/\" target=\"_blank\">clique aqui<\/a>.<\/strong><\/p>\n\n\n\n<p class=\"has-text-align-center\"><strong><mark style=\"background-color:rgba(0, 0, 0, 0);color:#602f75\" class=\"has-inline-color\">Conhe\u00e7a a sess\u00e3o na \u00edntegra:<\/mark><\/strong> <\/p>\n\n\n\n<figure class=\"wp-block-image size-large\"><img loading=\"lazy\" decoding=\"async\" width=\"1024\" height=\"1024\" src=\"https:\/\/imaginacircuito.com\/festa\/wp-content\/uploads\/2023\/09\/pranaodeixaracabar-Cristiane-Marques-Magnavita-1024x1024.jpg\" alt=\"\" class=\"wp-image-1309\" srcset=\"https:\/\/imaginacircuito.com\/festa\/wp-content\/uploads\/2023\/09\/pranaodeixaracabar-Cristiane-Marques-Magnavita-1024x1024.jpg 1024w, https:\/\/imaginacircuito.com\/festa\/wp-content\/uploads\/2023\/09\/pranaodeixaracabar-Cristiane-Marques-Magnavita-300x300.jpg 300w, https:\/\/imaginacircuito.com\/festa\/wp-content\/uploads\/2023\/09\/pranaodeixaracabar-Cristiane-Marques-Magnavita-150x150.jpg 150w, https:\/\/imaginacircuito.com\/festa\/wp-content\/uploads\/2023\/09\/pranaodeixaracabar-Cristiane-Marques-Magnavita-768x768.jpg 768w, https:\/\/imaginacircuito.com\/festa\/wp-content\/uploads\/2023\/09\/pranaodeixaracabar-Cristiane-Marques-Magnavita-1536x1536.jpg 1536w, https:\/\/imaginacircuito.com\/festa\/wp-content\/uploads\/2023\/09\/pranaodeixaracabar-Cristiane-Marques-Magnavita-1568x1567.jpg 1568w, https:\/\/imaginacircuito.com\/festa\/wp-content\/uploads\/2023\/09\/pranaodeixaracabar-Cristiane-Marques-Magnavita-48x48.jpg 48w, https:\/\/imaginacircuito.com\/festa\/wp-content\/uploads\/2023\/09\/pranaodeixaracabar-Cristiane-Marques-Magnavita-250x250.jpg 250w, https:\/\/imaginacircuito.com\/festa\/wp-content\/uploads\/2023\/09\/pranaodeixaracabar-Cristiane-Marques-Magnavita-550x550.jpg 550w, https:\/\/imaginacircuito.com\/festa\/wp-content\/uploads\/2023\/09\/pranaodeixaracabar-Cristiane-Marques-Magnavita-800x800.jpg 800w, https:\/\/imaginacircuito.com\/festa\/wp-content\/uploads\/2023\/09\/pranaodeixaracabar-Cristiane-Marques-Magnavita-180x180.jpg 180w, https:\/\/imaginacircuito.com\/festa\/wp-content\/uploads\/2023\/09\/pranaodeixaracabar-Cristiane-Marques-Magnavita-500x500.jpg 500w, https:\/\/imaginacircuito.com\/festa\/wp-content\/uploads\/2023\/09\/pranaodeixaracabar-Cristiane-Marques-Magnavita.jpg 1600w\" sizes=\"auto, (max-width: 1024px) 100vw, 1024px\" \/><\/figure>\n\n\n\n<h4 class=\"wp-block-heading has-text-align-center\"><mark style=\"background-color:rgba(0, 0, 0, 0);color:#ed1567\" class=\"has-inline-color\">Pra N\u00e3o Deixar Acabar (Cristiane Marques, Fernando Brito, Paulo Meirelles e Isaac Rodrigues, 7 min, Document\u00e1rio, UESB)<\/mark><\/h4>\n\n\n\n<p><strong>Sinopse<\/strong>: O v\u00eddeo trata da hist\u00f3ria, trajeto e produ\u00e7\u00f5es do Terno de Reis \u201cDivino Esp\u00edrito Santo\u201d, pertencente \u00e0 Comunidade do Baix\u00e3o, remanescente quilombola da zona rural de Vit\u00f3ria da Conquista &#8211; BA, que tem como l\u00edder a Dona Maria do Ros\u00e1rio.<\/p>\n\n\n\n<p> <strong>Ficha T\u00e9cnica:<\/strong><br> <strong>Dire\u00e7\u00e3o<\/strong> Cristiane Marques e Fernando Brito<br> <strong>Roteiro<\/strong> Cristiane Marques<br> <strong>Montagem e Edi\u00e7\u00e3o<\/strong> Paulo Meirelles<br> <strong>Dire\u00e7\u00e3o de Fotografia<\/strong> Fernando Brito e Isaac Rodrigues<br> <strong>Elenco<\/strong> Terno de Reis &#8220;Divino Esp\u00edrito Santo&#8221;, Comunidade Quilombola do Baix\u00e3o, Vit\u00f3ria da Conquista &#8211; BA. <\/p>\n\n\n\n<figure class=\"wp-block-image size-large\"><img loading=\"lazy\" decoding=\"async\" width=\"724\" height=\"1024\" src=\"https:\/\/imaginacircuito.com\/festa\/wp-content\/uploads\/2023\/09\/cartaz-mangueio-Hugo-Nascimento-724x1024.jpg\" alt=\"\" class=\"wp-image-1311\" srcset=\"https:\/\/imaginacircuito.com\/festa\/wp-content\/uploads\/2023\/09\/cartaz-mangueio-Hugo-Nascimento-724x1024.jpg 724w, https:\/\/imaginacircuito.com\/festa\/wp-content\/uploads\/2023\/09\/cartaz-mangueio-Hugo-Nascimento-212x300.jpg 212w, https:\/\/imaginacircuito.com\/festa\/wp-content\/uploads\/2023\/09\/cartaz-mangueio-Hugo-Nascimento-768x1086.jpg 768w, https:\/\/imaginacircuito.com\/festa\/wp-content\/uploads\/2023\/09\/cartaz-mangueio-Hugo-Nascimento-1086x1536.jpg 1086w, https:\/\/imaginacircuito.com\/festa\/wp-content\/uploads\/2023\/09\/cartaz-mangueio-Hugo-Nascimento-1448x2048.jpg 1448w, https:\/\/imaginacircuito.com\/festa\/wp-content\/uploads\/2023\/09\/cartaz-mangueio-Hugo-Nascimento-1568x2218.jpg 1568w, https:\/\/imaginacircuito.com\/festa\/wp-content\/uploads\/2023\/09\/cartaz-mangueio-Hugo-Nascimento-250x354.jpg 250w, https:\/\/imaginacircuito.com\/festa\/wp-content\/uploads\/2023\/09\/cartaz-mangueio-Hugo-Nascimento-550x778.jpg 550w, https:\/\/imaginacircuito.com\/festa\/wp-content\/uploads\/2023\/09\/cartaz-mangueio-Hugo-Nascimento-800x1132.jpg 800w, https:\/\/imaginacircuito.com\/festa\/wp-content\/uploads\/2023\/09\/cartaz-mangueio-Hugo-Nascimento-127x180.jpg 127w, https:\/\/imaginacircuito.com\/festa\/wp-content\/uploads\/2023\/09\/cartaz-mangueio-Hugo-Nascimento-353x500.jpg 353w, https:\/\/imaginacircuito.com\/festa\/wp-content\/uploads\/2023\/09\/cartaz-mangueio-Hugo-Nascimento-scaled.jpg 1810w\" sizes=\"auto, (max-width: 724px) 100vw, 724px\" \/><\/figure>\n\n\n\n<h4 class=\"wp-block-heading has-text-align-center\"><mark style=\"background-color:rgba(0, 0, 0, 0);color:#ed1567\" class=\"has-inline-color\">Mangueio (Hugo Gomes do Nascimento e Anderlucy Lima, 20 minutos, Document\u00e1rio, UFSB)<\/mark><\/h4>\n\n\n\n<p><strong>Sinopse<\/strong>: \u201cMangueio\u201d retrata o cotidiano de m\u00fasicos artistas de rua na cidade de S\u00e3o Lu\u00eds. Nas entrelinhas, a arte como t\u00e1tica de sobreviv\u00eancia, a ocupa\u00e7\u00e3o de espa\u00e7os p\u00fablicos como m\u00e9todo, os diversos tipos de intera\u00e7\u00e3o e troca, nem sempre monet\u00e1rias, as dores e as del\u00edcias de viver de arte as margens dos grandes circuitos.<\/p>\n\n\n\n<p>\n <strong>Ficha T\u00e9cnica:<\/strong><br>\n<strong>Dire\u00e7\u00e3o<\/strong> Anderlucy Lima e Hugo do Nascimento [Atelier Floresta]<br>\n\n<strong>Produ\u00e7\u00e3o<\/strong> Ruli Moretti<br>\n\n<strong>Fotografia e Montagem<\/strong> Hugo do Nascimento [Atelier Floresta]<br>\n\n<strong>Artistas de Rua<\/strong> Anderlucy Lima, Rosivan Batista, Erick End, Hugo do Nascimento, T\u00e1ssio Serejo, e Julia 7 Cores<br>\n\n<strong>Engenharia de Grava\u00e7\u00e3o e Mixagem<\/strong> Ruli Moretti<br>\n\n<strong>Produ\u00e7\u00e3o Executiva\/Elabora\u00e7\u00e3o de Projeto<\/strong> Raphiss\u00edma\n<\/p>\n\n\n\n<p><\/p>\n\n\n\n<figure class=\"wp-block-image size-large\"><img loading=\"lazy\" decoding=\"async\" width=\"1024\" height=\"680\" src=\"https:\/\/imaginacircuito.com\/festa\/wp-content\/uploads\/2023\/09\/Matheus-01-Arno-Bukanowsky-1-1024x680.png\" alt=\"\" class=\"wp-image-1346\" srcset=\"https:\/\/imaginacircuito.com\/festa\/wp-content\/uploads\/2023\/09\/Matheus-01-Arno-Bukanowsky-1-1024x680.png 1024w, https:\/\/imaginacircuito.com\/festa\/wp-content\/uploads\/2023\/09\/Matheus-01-Arno-Bukanowsky-1-300x199.png 300w, https:\/\/imaginacircuito.com\/festa\/wp-content\/uploads\/2023\/09\/Matheus-01-Arno-Bukanowsky-1-768x510.png 768w, https:\/\/imaginacircuito.com\/festa\/wp-content\/uploads\/2023\/09\/Matheus-01-Arno-Bukanowsky-1-250x166.png 250w, https:\/\/imaginacircuito.com\/festa\/wp-content\/uploads\/2023\/09\/Matheus-01-Arno-Bukanowsky-1-550x365.png 550w, https:\/\/imaginacircuito.com\/festa\/wp-content\/uploads\/2023\/09\/Matheus-01-Arno-Bukanowsky-1-800x531.png 800w, https:\/\/imaginacircuito.com\/festa\/wp-content\/uploads\/2023\/09\/Matheus-01-Arno-Bukanowsky-1-271x180.png 271w, https:\/\/imaginacircuito.com\/festa\/wp-content\/uploads\/2023\/09\/Matheus-01-Arno-Bukanowsky-1-452x300.png 452w, https:\/\/imaginacircuito.com\/festa\/wp-content\/uploads\/2023\/09\/Matheus-01-Arno-Bukanowsky-1-753x500.png 753w, https:\/\/imaginacircuito.com\/festa\/wp-content\/uploads\/2023\/09\/Matheus-01-Arno-Bukanowsky-1.png 1323w\" sizes=\"auto, (max-width: 1024px) 100vw, 1024px\" \/><\/figure>\n\n\n\n<h4 class=\"wp-block-heading has-text-align-center\"><mark style=\"background-color:rgba(0, 0, 0, 0);color:#ed1567\" class=\"has-inline-color\">Matheus Nachtergaele (Arno Bukanowsky, 1min, Experimental, UESB)<\/mark><\/h4>\n\n\n\n<p><strong>Sinopse<\/strong>: MATHEUS NACHTERGAELE \u00e9 um v\u00eddeo curto produzido para a s\u00e9rie &#8220;1 Minuto de Mem\u00f3ria&#8221;, que foi pensado a partir de uma proposta de trabalho para a disciplina Fotografia e Ilumina\u00e7\u00e3o, do curso de Cinema e Audiovisual da UESB &#8211; Universidade Estadual do Sudoeste da Bahia. As fotografias fazem parte do meu acervo pessoal, produzidas para o making off de parte das grava\u00e7\u00f5es de Central do Brasil em Vit\u00f3ria da Conquista, em janeiro de 1997. E para dar voz e alma a esse trabalho, contei com a colabora\u00e7\u00e3o e a gentileza do pr\u00f3prio Matheus. O resultado foi uma verdadeira declara\u00e7\u00e3o de amor ao cinema brasileiro.<\/p>\n\n\n\n<p> <strong>Ficha T\u00e9cnica:<\/strong><br> <strong>Produ\u00e7\u00e3o e Dire\u00e7\u00e3o<\/strong> Arno Bukanowsky&nbsp;<br> <strong>Texto e Voz <\/strong>Matheus Nachtergaele<br> <\/p>\n\n\n\n<figure class=\"wp-block-image size-large\"><img loading=\"lazy\" decoding=\"async\" width=\"1024\" height=\"682\" src=\"https:\/\/imaginacircuito.com\/festa\/wp-content\/uploads\/2023\/09\/IMG_9485-1-Paulo-Jose-1024x682.jpg\" alt=\"\" class=\"wp-image-1314\" srcset=\"https:\/\/imaginacircuito.com\/festa\/wp-content\/uploads\/2023\/09\/IMG_9485-1-Paulo-Jose-1024x682.jpg 1024w, https:\/\/imaginacircuito.com\/festa\/wp-content\/uploads\/2023\/09\/IMG_9485-1-Paulo-Jose-300x200.jpg 300w, https:\/\/imaginacircuito.com\/festa\/wp-content\/uploads\/2023\/09\/IMG_9485-1-Paulo-Jose-768x512.jpg 768w, https:\/\/imaginacircuito.com\/festa\/wp-content\/uploads\/2023\/09\/IMG_9485-1-Paulo-Jose-1536x1024.jpg 1536w, https:\/\/imaginacircuito.com\/festa\/wp-content\/uploads\/2023\/09\/IMG_9485-1-Paulo-Jose-1568x1045.jpg 1568w, https:\/\/imaginacircuito.com\/festa\/wp-content\/uploads\/2023\/09\/IMG_9485-1-Paulo-Jose-250x167.jpg 250w, https:\/\/imaginacircuito.com\/festa\/wp-content\/uploads\/2023\/09\/IMG_9485-1-Paulo-Jose-550x367.jpg 550w, https:\/\/imaginacircuito.com\/festa\/wp-content\/uploads\/2023\/09\/IMG_9485-1-Paulo-Jose-800x533.jpg 800w, https:\/\/imaginacircuito.com\/festa\/wp-content\/uploads\/2023\/09\/IMG_9485-1-Paulo-Jose-270x180.jpg 270w, https:\/\/imaginacircuito.com\/festa\/wp-content\/uploads\/2023\/09\/IMG_9485-1-Paulo-Jose-450x300.jpg 450w, https:\/\/imaginacircuito.com\/festa\/wp-content\/uploads\/2023\/09\/IMG_9485-1-Paulo-Jose-750x500.jpg 750w, https:\/\/imaginacircuito.com\/festa\/wp-content\/uploads\/2023\/09\/IMG_9485-1-Paulo-Jose.jpg 2000w\" sizes=\"auto, (max-width: 1024px) 100vw, 1024px\" \/><\/figure>\n\n\n\n<h4 class=\"wp-block-heading has-text-align-center\"><mark style=\"background-color:rgba(0, 0, 0, 0);color:#ed1567\" class=\"has-inline-color\">O Sonho Continua (Paulo Jos\u00e9 Lima Gomes, 13min, Document\u00e1rio, UESB)<\/mark><\/h4>\n\n\n\n<p><strong>Sinopse<\/strong>: Aos 70 anos, Edmundo Lacerda realiza o sonho de dirigir um filme. Nesse document\u00e1rio conhecemos a hist\u00f3ria de como esse sonho nasceu, sobreviveu ao passar do tempo, conquistou tantos pr\u00eamios e segue inspirando muitos outros.<\/p>\n\n\n\n<p> <strong>Ficha T\u00e9cnica:<\/strong> <br> <strong>Estrelando<\/strong>  Edmundo Lacerda<br> <strong>Dire\u00e7\u00e3o e montagem<\/strong>  Paulo Jos\u00e9<br> <strong>Pesquisa<\/strong> Bruno Gabriel<br> <strong>Opera\u00e7\u00e3o de c\u00e2mera<\/strong>  Isaac Rodrigues e Gabriel Mafra<br> <strong>Fotografia<\/strong> Paulo Jos\u00e9<br> <strong>Entrevista<\/strong>  Gabriel Mafra e Paulo Jos\u00e9 <br> <\/p>\n","protected":false},"excerpt":{"rendered":"<p>Os filmes selecionados para esta sess\u00e3o ser\u00e3o exibidos no s\u00e1bado, dia 07\/10, a partir das 18h, no Col\u00e9gio Estadual Dr\u00ba Ant\u00f4nio Ricaldi. Para conferir a toda a programa\u00e7\u00e3o resumida, clique aqui. Conhe\u00e7a a sess\u00e3o na \u00edntegra: Pra N\u00e3o Deixar Acabar (Cristiane Marques, Fernando Brito, Paulo Meirelles e Isaac Rodrigues, 7 min, Document\u00e1rio, UESB) Sinopse: O&hellip; <a class=\"more-link\" href=\"https:\/\/imaginacircuito.com\/festa\/sobre-som-sonhos-e-cinema\/\">Continuar lendo <span class=\"screen-reader-text\">Sess\u00e3o 03 &#8211; Sobre som, sonhos e cinema<\/span><\/a><\/p>\n","protected":false},"author":4,"featured_media":0,"parent":0,"menu_order":0,"comment_status":"closed","ping_status":"closed","template":"","meta":{"extendify_custom_stylesheet":"","bgseo_title":"","bgseo_description":"","bgseo_robots_index":"index","bgseo_robots_follow":"follow","footnotes":""},"class_list":["post-1226","page","type-page","status-publish","hentry","entry"],"_links":{"self":[{"href":"https:\/\/imaginacircuito.com\/festa\/wp-json\/wp\/v2\/pages\/1226","targetHints":{"allow":["GET"]}}],"collection":[{"href":"https:\/\/imaginacircuito.com\/festa\/wp-json\/wp\/v2\/pages"}],"about":[{"href":"https:\/\/imaginacircuito.com\/festa\/wp-json\/wp\/v2\/types\/page"}],"author":[{"embeddable":true,"href":"https:\/\/imaginacircuito.com\/festa\/wp-json\/wp\/v2\/users\/4"}],"replies":[{"embeddable":true,"href":"https:\/\/imaginacircuito.com\/festa\/wp-json\/wp\/v2\/comments?post=1226"}],"version-history":[{"count":10,"href":"https:\/\/imaginacircuito.com\/festa\/wp-json\/wp\/v2\/pages\/1226\/revisions"}],"predecessor-version":[{"id":1347,"href":"https:\/\/imaginacircuito.com\/festa\/wp-json\/wp\/v2\/pages\/1226\/revisions\/1347"}],"wp:attachment":[{"href":"https:\/\/imaginacircuito.com\/festa\/wp-json\/wp\/v2\/media?parent=1226"}],"curies":[{"name":"wp","href":"https:\/\/api.w.org\/{rel}","templated":true}]}}