{"id":12,"date":"2021-06-29T17:34:03","date_gmt":"2021-06-29T17:34:03","guid":{"rendered":"https:\/\/imaginacircuito.com\/festa\/?page_id=12"},"modified":"2021-09-03T20:02:39","modified_gmt":"2021-09-03T23:02:39","slug":"lives","status":"publish","type":"page","link":"https:\/\/imaginacircuito.com\/festa\/lives\/","title":{"rendered":"Lives"},"content":{"rendered":"\n<p><em>Ouvintes que desejarem se inscrever para receber certificado de atividades complementares devem se inscrever pelo link:\u00a0<a rel=\"noreferrer noopener\" href=\"https:\/\/www.even3.com.br\/iiifesta\" target=\"_blank\">https:\/\/www.even3.com.br\/iiifesta<\/a>.<\/em><\/p>\n\n\n\n<p><\/p>\n\n\n\n<h3 class=\"wp-block-heading\"><strong><span style=\"color:#ed1567\" class=\"has-inline-color\">03\/09 (Sexta-feira) &#8211; \u00c0s 19h<\/span><\/strong><\/h3>\n\n\n\n<p><strong>Debate com realizadores\/as da <a href=\"https:\/\/imaginacircuito.com\/festa\/mostras\/bahia-minha-bahia\/\" data-type=\"URL\" data-id=\"https:\/\/imaginacircuito.com\/festa\/mostras\/bahia-minha-bahia\/\" target=\"_blank\" rel=\"noreferrer noopener\"><em>Mostra Bahia, minha Bahia<\/em><\/a><em><br><\/em><\/strong>Media\u00e7\u00e3o: Richard Santos e Cristiane Lima (UFSB)<\/p>\n\n\n\n<p class=\"has-normal-font-size\" style=\"line-height:1.4\"><strong>Conversa com Filipe Gama (UESB): Reflex\u00f5es sobre a exibi\u00e7\u00e3o cinematogr\u00e1fica e audiovisual na Bahia<\/strong><\/p>\n\n\n\n<p class=\"has-extra-small-font-size\"><strong>Resumo: <\/strong>Nas \u00faltimas d\u00e9cadas, observamos significativas mudan\u00e7as no contexto da exibi\u00e7\u00e3o cinematogr\u00e1fica e audiovisual no Brasil, nas suas diferentes janelas de exibi\u00e7\u00e3o. Nesse cen\u00e1rio, podemos incluir transforma\u00e7\u00f5es expressivas no mercado de salas de cinema, no crescimento do circuito de mostras e festivais, nas profundas mudan\u00e7as no mercado de TV Paga e no surgimento e na consolida\u00e7\u00e3o das plataformas de <em>Streaming<\/em> e das experi\u00eancias de V\u00eddeo Sob Demanda, mudando nossa forma de consumir os filmes, bem como alterando as possibilidades de distribuir e exibir as obras produzidas. A partir dessas mudan\u00e7as, conversaremos sobre a exibi\u00e7\u00e3o cinematogr\u00e1fica e audiovisual na Bahia contempor\u00e2nea, com especial aten\u00e7\u00e3o para as salas de cinema, as mostras e festivais e as plataformas de <em>streaming<\/em>.<\/p>\n\n\n\n<p class=\"has-extra-small-font-size\" style=\"line-height:1.4\"><em>Filipe Gama \u00e9 professor Assistente do curso de Cinema e Audiovisual da UESB e Doutorando no Programa de P\u00f3s-Gradua\u00e7\u00e3o em Cinema e Audiovisual da UFF. Possui gradua\u00e7\u00e3o em Arte e M\u00eddia pela UFCG, Especializa\u00e7\u00e3o em Gest\u00e3o Cultural pelo Senac e Mestrado em Imagem e Som pela UFSCar. \u00c9 realizador audiovisual, atuando principalmente na produ\u00e7\u00e3o de document\u00e1rios, al\u00e9m de produtor cultural, em especial em a\u00e7\u00f5es de difus\u00e3o audiovisual.<\/em><\/p>\n\n\n\n<p>Link de acesso: <a href=\"https:\/\/youtu.be\/O77GEQPx2rU\" target=\"_blank\" rel=\"noreferrer noopener\">https:\/\/youtu.be\/O77GEQPx2rU<\/a> <\/p>\n\n\n\n<hr class=\"wp-block-separator\"\/>\n\n\n\n<h3 class=\"wp-block-heading\"><strong><span style=\"color:#ed1567\" class=\"has-inline-color\">04\/09 (S\u00e1bado) &#8211; \u00c0s 19h<\/span><\/strong><\/h3>\n\n\n\n<p><strong>Debate&nbsp; com realizadores\/as da <a href=\"https:\/\/imaginacircuito.com\/festa\/mostras\/corpo-palavra-politica\/\" data-type=\"URL\" data-id=\"https:\/\/imaginacircuito.com\/festa\/mostras\/corpo-palavra-politica\/\" target=\"_blank\" rel=\"noreferrer noopener\">Mostra Corpo, palavra pol\u00edtica<\/a> e <a href=\"https:\/\/imaginacircuito.com\/festa\/mostras\/fabular-o-tempo\/\" data-type=\"URL\" data-id=\"https:\/\/imaginacircuito.com\/festa\/mostras\/fabular-o-tempo\/\" target=\"_blank\" rel=\"noreferrer noopener\">Mostra Fabular o Tempo<\/a><\/strong><br>Media\u00e7\u00e3o: Francisco Gabriel R\u00eago (Univasf) e Joana Brand\u00e3o Tavares (UFSB)<\/p>\n\n\n\n<p><strong>Conversa com C\u00edntia Langie (UFPel): Cinema brasileiro, devolu\u00e7\u00e3o e universidade p\u00fablica<\/strong><\/p>\n\n\n\n<p class=\"has-extra-small-font-size\"><strong>Resumo: <\/strong>Buscaremos pensar a universidade p\u00fablica enquanto dispositivo para fazer circular &#8211; e restituir de algum modo para a comunidade &#8211; os filmes brasileiros, aos quais o p\u00fablico normalmente n\u00e3o tem acesso, com aprofundamento conceitual na no\u00e7\u00e3o de devolu\u00e7\u00e3o (DIDI-HUBERMAN, 2015). A investiga\u00e7\u00e3o tem como materialidade um tipo espec\u00edfico de iniciativa cultural: o circuito universit\u00e1rio de exibi\u00e7\u00e3o, cuja proposta curatorial prioriza filmes de relev\u00e2ncia art\u00edstica, resguardando espa\u00e7o consider\u00e1vel \u00e0 produ\u00e7\u00e3o independente brasileira contempor\u00e2nea.&nbsp;<\/p>\n\n\n\n<p class=\"has-extra-small-font-size\"><em>C\u00edntia Langie \u00e9 professora do curso de Cinema e Audiovisual da Universidade Federal de Pelotas (UFPel), realizadora audiovisual desde 2007 e curadora do Cine UFPel. Mestre em Comunica\u00e7\u00e3o Social (PUCRS, 2006) e Doutora em Educa\u00e7\u00e3o (UFPel, 2020). Atua na pesquisa acad\u00eamica na \u00e1rea de cinema, com \u00eanfase nas quest\u00f5es relativas a cinema e educa\u00e7\u00e3o, filosofia, roteiro e distribui\u00e7\u00e3o alternativa do cinema brasileiro<\/em>.<\/p>\n\n\n\n<p>Link de acesso: <a href=\"https:\/\/youtu.be\/JT2tsfrBYeo\" target=\"_blank\" rel=\"noreferrer noopener\">https:\/\/youtu.be\/JT2tsfrBYeo<\/a><\/p>\n\n\n\n<hr class=\"wp-block-separator\"\/>\n\n\n\n<h3 class=\"wp-block-heading\"><strong><span style=\"color:#ed1567\" class=\"has-inline-color\">05\/09 (Domingo) &#8211; \u00c0s 16h<\/span><\/strong><\/h3>\n\n\n\n<p><strong>Debate com estudantes da resid\u00eancia pedag\u00f3gica sobre os materiais did\u00e1ticos produzidos<\/strong><br>Media\u00e7\u00e3o: Clarissa Santos (UFSB) e Hiannay Tupyara (Col\u00e9gio Paulo Souto\/ Udesc)<\/p>\n\n\n\n<p><strong>Conversa com Cezar Migliorin (UFF)<\/strong>: <strong>Cinema, arte e cuidado<\/strong><\/p>\n\n\n\n<p class=\"has-extra-small-font-size\"><strong>Resumo: <\/strong>Uma conversa sobre as possibilidades de se pensar e praticar o cinema como um laborat\u00f3rio perceptivo e como experi\u00eancia de cria\u00e7\u00e3o dispon\u00edvel a todos. A partir desse lugar do cinema, pensaremos sua presen\u00e7a em espa\u00e7os como a educa\u00e7\u00e3o e a cl\u00ednica.<\/p>\n\n\n\n<p class=\"has-extra-small-font-size\"><em>Cezar Migliorin \u00e9 professor e psicanalista. Doutor em Comunica\u00e7\u00e3o e Cultura pela ECO\/UFRJ e Cinema pela Sorbonne Nouvelle, P\u00f3s-doutorado na Universidade de Roehampton \u2013 Inglaterra. Ministrou cursos e palestras em universidades da Europa e Am\u00e9rica do Sul. Coordenador do projeto de cinema, educa\u00e7\u00e3o e direitos humanos: Inventar com a Diferen\u00e7a. Organizador do livro Ensaios no Real: o document\u00e1rio brasileiro hoje (2010), escreveu Inevitavelmente cinema: educa\u00e7\u00e3o, pol\u00edtica e mafu\u00e1 (2015), Cartas sem resposta (2015) e Cinema de Brincar (2019), com Issac Pipano, com quem tamb\u00e9m realizou eles o document\u00e1rio \u201cEduca\u00e7\u00e3o\u201d (2017). Escreveu ainda os livros de fic\u00e7\u00e3o A menina (2014) e Breve Invent\u00e1rio das Felicidades Instant\u00e2neas (2018). Foi presidente da Socine \u2013 Sociedade Brasileira de Estudos de Cinema e Audiovisual. Atualmente desenvolve pesquisa sobre a pr\u00e1tica do cinema e experimenta\u00e7\u00f5es subjetivas em interface com a cl\u00ednica.<\/em><\/p>\n\n\n\n<p>Link de acesso: <a href=\"https:\/\/youtu.be\/Y0g4hXu7iiw\" target=\"_blank\" rel=\"noreferrer noopener\">https:\/\/youtu.be\/Y0g4hXu7iiw<\/a><\/p>\n","protected":false},"excerpt":{"rendered":"<p>Ouvintes que desejarem se inscrever para receber certificado de atividades complementares devem se inscrever pelo link:\u00a0https:\/\/www.even3.com.br\/iiifesta. 03\/09 (Sexta-feira) &#8211; \u00c0s 19h Debate com realizadores\/as da Mostra Bahia, minha BahiaMedia\u00e7\u00e3o: Richard Santos e Cristiane Lima (UFSB) Conversa com Filipe Gama (UESB): Reflex\u00f5es sobre a exibi\u00e7\u00e3o cinematogr\u00e1fica e audiovisual na Bahia Resumo: Nas \u00faltimas d\u00e9cadas, observamos significativas&hellip; <a class=\"more-link\" href=\"https:\/\/imaginacircuito.com\/festa\/lives\/\">Continuar lendo <span class=\"screen-reader-text\">Lives<\/span><\/a><\/p>\n","protected":false},"author":1,"featured_media":0,"parent":0,"menu_order":0,"comment_status":"closed","ping_status":"closed","template":"","meta":{"extendify_custom_stylesheet":"","bgseo_title":"","bgseo_description":"","bgseo_robots_index":"index","bgseo_robots_follow":"follow","footnotes":""},"class_list":["post-12","page","type-page","status-publish","hentry","entry"],"_links":{"self":[{"href":"https:\/\/imaginacircuito.com\/festa\/wp-json\/wp\/v2\/pages\/12","targetHints":{"allow":["GET"]}}],"collection":[{"href":"https:\/\/imaginacircuito.com\/festa\/wp-json\/wp\/v2\/pages"}],"about":[{"href":"https:\/\/imaginacircuito.com\/festa\/wp-json\/wp\/v2\/types\/page"}],"author":[{"embeddable":true,"href":"https:\/\/imaginacircuito.com\/festa\/wp-json\/wp\/v2\/users\/1"}],"replies":[{"embeddable":true,"href":"https:\/\/imaginacircuito.com\/festa\/wp-json\/wp\/v2\/comments?post=12"}],"version-history":[{"count":9,"href":"https:\/\/imaginacircuito.com\/festa\/wp-json\/wp\/v2\/pages\/12\/revisions"}],"predecessor-version":[{"id":566,"href":"https:\/\/imaginacircuito.com\/festa\/wp-json\/wp\/v2\/pages\/12\/revisions\/566"}],"wp:attachment":[{"href":"https:\/\/imaginacircuito.com\/festa\/wp-json\/wp\/v2\/media?parent=12"}],"curies":[{"name":"wp","href":"https:\/\/api.w.org\/{rel}","templated":true}]}}